{"id":1732,"date":"2023-10-17T20:00:41","date_gmt":"2023-10-17T20:00:41","guid":{"rendered":"https:\/\/monacotherapies.com\/?page_id=1732"},"modified":"2024-02-25T13:16:17","modified_gmt":"2024-02-25T13:16:17","slug":"la-sante-integrative","status":"publish","type":"page","link":"https:\/\/monacotherapies.com\/fr\/la-sante-integrative\/","title":{"rendered":"la Sant\u00e9 Int\u00e9grative"},"content":{"rendered":"<div class=\"wpb-content-wrapper\"><p>[vc_row][vc_column width=\u00a0\u00bb5\/6&Prime; offset=\u00a0\u00bbvc_col-lg-offset-1&Prime; _et_uniqid=\u00a0\u00bbet_custom_uniqid_new_652ee817273dd\u00a0\u00bb][vc_column_text]<\/p>\n<h1 style=\"text-align: center;\">Intervention sur le Mode de Vie \u2013 La Pierre Angulaire de la Sant\u00e9 Int\u00e9grative<\/h1>\n<p>[\/vc_column_text][\/vc_column][\/vc_row][vc_row][vc_column width=\u00a0\u00bb5\/6&Prime; offset=\u00a0\u00bbvc_col-lg-offset-1&Prime; _et_uniqid=\u00a0\u00bbet_custom_uniqid_new_65358f99376ed\u00a0\u00bb][vc_single_image image=\u00a0\u00bb594&Prime; img_size=\u00a0\u00bbfull\u00a0\u00bb][\/vc_column][\/vc_row][vc_row et_uniqid=\u00a0\u00bbet_custom_uniqid_6534d81279641&Prime;][vc_column width=\u00a0\u00bb5\/6&Prime; et_uniqid=\u00a0\u00bbet_custom_uniqid_6534d812795fb\u00a0\u00bb offset=\u00a0\u00bbvc_col-lg-offset-1&Prime; _et_uniqid=\u00a0\u00bbet_custom_uniqid_new_64a82d50043d2&Prime;][vc_separator color=\u00a0\u00bbblack\u00a0\u00bb][\/vc_column][\/vc_row][vc_row][vc_column width=\u00a0\u00bb5\/6&Prime; offset=\u00a0\u00bbvc_col-lg-offset-1&Prime; _et_uniqid=\u00a0\u00bbet_custom_uniqid_new_652ee817273dd\u00a0\u00bb][vc_column_text]<em><span style=\"font-size: 22px;\">La Sant\u00e9 Int\u00e9grative transcende le mod\u00e8le traditionnel de soins m\u00e9dicaux qui isole divers syst\u00e8mes organiques. Au lieu de cela, elle embrasse la tapisserie complexe de l&rsquo;exp\u00e9rience humaine, consid\u00e9rant l&rsquo;individu non pas comme une collection de parties, mais comme un tout coh\u00e9rent, se concentrant non seulement sur les sympt\u00f4mes de la maladie, mais aussi sur les causes sous-jacentes et les facteurs pouvant contribuer \u00e0 la maladie.<\/span><\/em>[\/vc_column_text][\/vc_column][\/vc_row][vc_row et_uniqid=\u00a0\u00bbet_custom_uniqid_6534d81279641&Prime;][vc_column width=\u00a0\u00bb5\/6&Prime; et_uniqid=\u00a0\u00bbet_custom_uniqid_6534d812795fb\u00a0\u00bb offset=\u00a0\u00bbvc_col-lg-offset-1&Prime; _et_uniqid=\u00a0\u00bbet_custom_uniqid_new_64a82d50043d2&Prime;][vc_separator color=\u00a0\u00bbblack\u00a0\u00bb][\/vc_column][\/vc_row][vc_row][vc_column width=\u00a0\u00bb2\/3&Prime; offset=\u00a0\u00bbvc_col-lg-offset-2&Prime; _et_uniqid=\u00a0\u00bbet_custom_uniqid_new_65358f837b0b9&Prime;][vc_column_text]Cette approche <strong>int\u00e8gre<\/strong> de mani\u00e8re transparente diverses m\u00e9thodes th\u00e9rapeutiques, soulignant <strong>l&rsquo;impact profond<\/strong> des choix de vie sur le bien-\u00eatre d&rsquo;un individu. Elle \u00e9claire sur la fa\u00e7on dont les \u00e9l\u00e9ments critiques du mode de vie &#8211; de la <strong>nutrition<\/strong> et de <strong>l&rsquo;exercice<\/strong> au <strong>stress<\/strong>, aux <strong>relations<\/strong> et \u00e0 <strong>l&rsquo;environnement global<\/strong> &#8211; influencent la sant\u00e9. Cette connaissance en sant\u00e9 int\u00e9grative <strong>permet<\/strong> aux individus de <strong>prendre des d\u00e9cisions inform\u00e9es<\/strong> et <strong>holistiques<\/strong> concernant leur bien-\u00eatre.[\/vc_column_text][vc_column_text]<\/p>\n<h2><strong>Corps &#8211; Esprit &#8211; Mental \u2013 le C\u0153ur de la Sant\u00e9 Int\u00e9grative<\/strong><\/h2>\n<p>Cette m\u00e9thodologie met en \u00e9vidence la connexion profonde entre nos <strong>\u00e9motions<\/strong>, notre <strong>esprit<\/strong> et notre <strong>corps<\/strong>. Elle reconna\u00eet que nos pens\u00e9es, nos sentiments et notre \u00e9tat physique sont \u00e9troitement li\u00e9s. La gu\u00e9rison n&rsquo;est pas seulement physique; c&rsquo;est un voyage <strong>holistique<\/strong>. Les stress de la vie et les r\u00e9actions \u00e9motionnelles peuvent \u00e0 la fois d\u00e9clencher des maladies et aider \u00e0 la r\u00e9cup\u00e9ration. En consid\u00e9rant la sant\u00e9 \u00e0 travers cette <strong>perspective interconnect\u00e9e<\/strong>, la sant\u00e9 int\u00e9grative offre une exp\u00e9rience de <strong>gu\u00e9rison compl\u00e8te<\/strong>. Elle comprend que le bien-\u00eatre v\u00e9ritable va au-del\u00e0 du physique, embrassant \u00e0 la fois <strong>notre esprit et notre \u00e2me<\/strong>.[\/vc_column_text][vc_column_text]<\/p>\n<h2><strong>Vous \u00eates la Cl\u00e9 de votre Sant\u00e9<\/strong><\/h2>\n<p>La Sant\u00e9 Int\u00e9grative \u00e9tablit un <strong>partenariat<\/strong> solide entre vous et votre prestataire de soins de sant\u00e9. Il ne s&rsquo;agit pas seulement que le th\u00e9rapeute soit en charge; il s&rsquo;agit de <strong>travailler ensemble<\/strong>. Cette mani\u00e8re encourage le <strong>dialogue ouvert<\/strong>, le <strong>respect mutuel<\/strong> et la <strong>participation active<\/strong>. Vous jouez un grand r\u00f4le dans votre parcours de sant\u00e9, vous rendant un <strong>d\u00e9fenseur solide<\/strong> de votre propre bien-\u00eatre. Vous pouvez faire des <strong>choix intelligents<\/strong> qui r\u00e9sonnent avec vos besoins et aspirations uniques.[\/vc_column_text][vc_column_text]<strong><span style=\"font-size: 24px;\">Modalit\u00e9s Offertes et Leur R\u00f4le dans l&rsquo;Optimisation de la Sant\u00e9<\/span><br \/>\n<\/strong><\/p>\n<p>Int\u00e9grant une <strong>gamme diversifi\u00e9e<\/strong> de modalit\u00e9s de gu\u00e9rison, chacune offre des avantages uniques<\/p>\n<ul>\n<li><strong>Bior\u00e9sonance<\/strong> \u00e9value et \u00e9quilibre les motifs \u00e9nerg\u00e9tiques du corps, identifiant les perturbations de mani\u00e8re pr\u00e9coce et corrigeant les d\u00e9s\u00e9quilibres.<\/li>\n<li><strong>La Bio-\u00c9lectrographie<\/strong> constitue le fondement de la m\u00e9thode GDV, une approche non intrusive destin\u00e9e \u00e0 l&rsquo;\u00e9valuation des patients et \u00e0 l&rsquo;analyse de leurs r\u00e9actions face \u00e0 un traitement ou une intervention. Ainsi que fournit une visualisation des champs \u00e9nerg\u00e9tiques, des syst\u00e8mes et des organes du corps tout en d\u00e9tectant les d\u00e9s\u00e9quilibres \u00e0 un stade pr\u00e9coce.<\/li>\n<li><strong>Le<\/strong> <strong>Biofeedback<\/strong> vous aide \u00e0 comprendre, contr\u00f4ler et r\u00e9\u00e9quilibrer les fonctions physiologiques et \u00e9nerg\u00e9tiques, conduisant \u00e0 des am\u00e9liorations proactives de la sant\u00e9 et d\u00e9bloquant votre plein potentiel de gu\u00e9rison.<\/li>\n<li><strong>Stimulation Neurosensorielle par la Musique <\/strong>utilise le pouvoir de gu\u00e9rison des vibrations et des fr\u00e9quences pour la r\u00e9g\u00e9n\u00e9ration.<\/li>\n<li><strong>La Coh\u00e9rence Cardiaque<\/strong> aligne les \u00e9motions avec les \u00e9tats physiologiques, am\u00e9liorant le bien-\u00eatre \u00e9motionnel et contribue \u00e0 r\u00e9guler le rythme cardiaque.<\/li>\n<li><strong>Oxyg\u00e9nation Cellulaire<\/strong> revitalise la fonction cellulaire et favorise la gu\u00e9rison des tissus.<\/li>\n<li><strong>La Fasciath\u00e9rapie<\/strong> aborde l&rsquo;inconfort physique, la mobilit\u00e9 et les sch\u00e9mas \u00e9motionnels en se concentrant sur la lib\u00e9ration de traumas coinc\u00e9s dans les tissus conjonctifs.<\/li>\n<li><strong>Le<\/strong> <strong>Biomagn\u00e9tisme M\u00e9dical<\/strong> \u00e9quilibre les niveaux de pH du corps, prot\u00e9geant potentiellement contre les agents pathog\u00e8nes.<\/li>\n<li><strong>Les Solutions de Sant\u00e9 de votre Environnement<\/strong> G\u00e9obiologie et Feng Shui, garantissent que vos environnements de vie soutiennent pleinement votre sant\u00e9.<\/li>\n<li><strong>Le<\/strong> <strong>Coaching de Sant\u00e9<\/strong> vous autonomise pour faire des choix de style de vie intelligents, am\u00e9liorant votre bien-\u00eatre et vous aidant \u00e0 atteindre vos objectifs de sant\u00e9.<\/li>\n<\/ul>\n<p>Au-del\u00e0 de la sant\u00e9 physique, ces th\u00e9rapies r\u00e9gulent le stress, l&rsquo;anxi\u00e9t\u00e9 et les \u00e9motions, favorisant un \u00e9tat d&rsquo;\u00eatre <strong>\u00e9quilibr\u00e9<\/strong> et <strong>harmonis\u00e9<\/strong>.[\/vc_column_text][\/vc_column][\/vc_row]<\/p>\n<\/div>","protected":false},"excerpt":{"rendered":"<p>[vc_row][vc_column width=\u00a0\u00bb5\/6&Prime; offset=\u00a0\u00bbvc_col-lg-offset-1&Prime; _et_uniqid=\u00a0\u00bbet_custom_uniqid_new_652ee817273dd\u00a0\u00bb][vc_column_text] Intervention sur le Mode de Vie \u2013 La Pierre Angulaire de la Sant\u00e9 Int\u00e9grative [\/vc_column_text][\/vc_column][\/vc_row][vc_row][vc_column width=\u00a0\u00bb5\/6&Prime; offset=\u00a0\u00bbvc_col-lg-offset-1&Prime; _et_uniqid=\u00a0\u00bbet_custom_uniqid_new_65358f99376ed\u00a0\u00bb][vc_single_image image=\u00a0\u00bb594&Prime; img_size=\u00a0\u00bbfull\u00a0\u00bb][\/vc_column][\/vc_row][vc_row et_uniqid=\u00a0\u00bbet_custom_uniqid_6534d81279641&Prime;][vc_column&#8230;<\/p>\n","protected":false},"author":1,"featured_media":0,"parent":0,"menu_order":0,"comment_status":"closed","ping_status":"closed","template":"","meta":{"footnotes":""},"class_list":["post-1732","page","type-page","status-publish","hentry"],"_links":{"self":[{"href":"https:\/\/monacotherapies.com\/fr\/wp-json\/wp\/v2\/pages\/1732","targetHints":{"allow":["GET"]}}],"collection":[{"href":"https:\/\/monacotherapies.com\/fr\/wp-json\/wp\/v2\/pages"}],"about":[{"href":"https:\/\/monacotherapies.com\/fr\/wp-json\/wp\/v2\/types\/page"}],"author":[{"embeddable":true,"href":"https:\/\/monacotherapies.com\/fr\/wp-json\/wp\/v2\/users\/1"}],"replies":[{"embeddable":true,"href":"https:\/\/monacotherapies.com\/fr\/wp-json\/wp\/v2\/comments?post=1732"}],"version-history":[{"count":6,"href":"https:\/\/monacotherapies.com\/fr\/wp-json\/wp\/v2\/pages\/1732\/revisions"}],"predecessor-version":[{"id":1900,"href":"https:\/\/monacotherapies.com\/fr\/wp-json\/wp\/v2\/pages\/1732\/revisions\/1900"}],"wp:attachment":[{"href":"https:\/\/monacotherapies.com\/fr\/wp-json\/wp\/v2\/media?parent=1732"}],"curies":[{"name":"wp","href":"https:\/\/api.w.org\/{rel}","templated":true}]}}