{"id":1627,"date":"2023-07-07T14:43:22","date_gmt":"2023-07-07T14:43:22","guid":{"rendered":"https:\/\/monacotherapies.com\/?page_id=1627"},"modified":"2024-02-25T20:44:03","modified_gmt":"2024-02-25T20:44:03","slug":"feng-shui","status":"publish","type":"page","link":"https:\/\/monacotherapies.com\/fr\/feng-shui\/","title":{"rendered":"Feng Shui"},"content":{"rendered":"<div class=\"wpb-content-wrapper\"><p>[vc_row][vc_column width=\u00a0\u00bb5\/6&Prime; offset=\u00a0\u00bbvc_col-lg-offset-1&Prime; _et_uniqid=\u00a0\u00bbet_custom_uniqid_new_6527070b88ff9&Prime;][vc_column_text]<\/p>\n<h1 style=\"text-align: center;\">Feng Shui<\/h1>\n<p style=\"text-align: center;\">Nos environnements d\u00e9tiennent un \u00ab pouvoir silencieux \u00bb, fa\u00e7onnant nos \u00e9motions, notre bien-\u00eatre et nos fortunes<\/p>\n<p>[\/vc_column_text][\/vc_column][\/vc_row][vc_row][vc_column width=\u00a0\u00bb5\/6&Prime; offset=\u00a0\u00bbvc_col-lg-offset-1&Prime; _et_uniqid=\u00a0\u00bbet_custom_uniqid_new_6527070b88ff9&Prime;][vc_single_image image=\u00a0\u00bb715&Prime; img_size=\u00a0\u00bbfull\u00a0\u00bb][\/vc_column][\/vc_row][vc_row et_uniqid=\u00a0\u00bbet_custom_uniqid_6536a597dd5b2&Prime;][vc_column width=\u00a0\u00bb5\/6&Prime; et_uniqid=\u00a0\u00bbet_custom_uniqid_6536a597dd588&Prime; offset=\u00a0\u00bbvc_col-lg-offset-1&Prime; _et_uniqid=\u00a0\u00bbet_custom_uniqid_new_64a82d50043d2&Prime;][vc_separator color=\u00a0\u00bbblack\u00a0\u00bb][\/vc_column][\/vc_row][vc_row][vc_column width=\u00a0\u00bb5\/6&Prime; offset=\u00a0\u00bbvc_col-lg-offset-1&Prime; _et_uniqid=\u00a0\u00bbet_custom_uniqid_new_6527070b88ff9&Prime;][vc_column_text]<em><span style=\"font-size: 20px;\">Nous avons tous fait l&rsquo;exp\u00e9rience d&rsquo;entrer dans un certain lieu qui nous donne des frissons ou une sensation tr\u00e8s d\u00e9sagr\u00e9able en g\u00e9n\u00e9ral. C&rsquo;est un sentiment intuitif que notre corps communique \u00e0 travers notre champ bio\u00e9nerg\u00e9tique. D&rsquo;autre part, nous avons \u00e9galement \u00e9prouv\u00e9 le sentiment de s\u00e9r\u00e9nit\u00e9, de plaisir et de bien-\u00eatre g\u00e9n\u00e9ral lorsque un lieu vibre avec une \u00e9nergie \u00e9lev\u00e9e.<\/span><\/em>[\/vc_column_text][\/vc_column][\/vc_row][vc_row et_uniqid=\u00a0\u00bbet_custom_uniqid_6536a597dd5b2&Prime;][vc_column width=\u00a0\u00bb5\/6&Prime; et_uniqid=\u00a0\u00bbet_custom_uniqid_6536a597dd588&Prime; offset=\u00a0\u00bbvc_col-lg-offset-1&Prime; _et_uniqid=\u00a0\u00bbet_custom_uniqid_new_64a82d50043d2&Prime;][vc_separator color=\u00a0\u00bbblack\u00a0\u00bb][\/vc_column][\/vc_row][vc_row][vc_column width=\u00a0\u00bb5\/6&Prime; offset=\u00a0\u00bbvc_col-lg-offset-1&Prime; _et_uniqid=\u00a0\u00bbet_custom_uniqid_new_6527070b88ff9&Prime;][vc_column_text]<\/p>\n<p><span style=\"font-size: 24px;\"><strong>Comment le Feng Shui peut-il me b\u00e9n\u00e9ficier ?<\/strong><\/span><\/p>\n<p>Le Feng Shui est bas\u00e9 sur les principes selon lesquels tout est connect\u00e9 et interd\u00e9pendant.<\/p>\n<p><img loading=\"lazy\" decoding=\"async\" class=\"alignleft wp-image-1975\" src=\"https:\/\/monacotherapies.com\/wp-content\/uploads\/2024\/02\/liliana-feng-shui.jpg\" alt=\"\" width=\"531\" height=\"508\" srcset=\"https:\/\/monacotherapies.com\/wp-content\/uploads\/2024\/02\/liliana-feng-shui.jpg 766w, https:\/\/monacotherapies.com\/wp-content\/uploads\/2024\/02\/liliana-feng-shui-300x287.jpg 300w, https:\/\/monacotherapies.com\/wp-content\/uploads\/2024\/02\/liliana-feng-shui-1x1.jpg 1w, https:\/\/monacotherapies.com\/wp-content\/uploads\/2024\/02\/liliana-feng-shui-10x10.jpg 10w\" sizes=\"auto, (max-width: 531px) 100vw, 531px\" \/>Alors que la <strong>G\u00e9obiologie<\/strong> travaille \u00e0 \u00e9quilibrer les lignes d&rsquo;\u00e9nergie verticales, le <strong>Feng Shui<\/strong> harmonise le flux d&rsquo;\u00e9nergie horizontal dans un environnement donn\u00e9 et, de ce fait, am\u00e9liore le bien-\u00eatre de ses occupants.<\/p>\n<p><strong>Notre maison est le prolongement de notre corps et de notre conscience.<\/strong> Elle refl\u00e8te notre \u00e9tat d&rsquo;\u00eatre, donc \u00e9quilibrer les \u00e9nergies de notre maison influencera directement des changements positifs dans notre vie.<\/p>\n<p>En favorisant l&rsquo;harmonie, la prosp\u00e9rit\u00e9, l&rsquo;\u00e9quilibre et la connexion \u00e0 la nature, le Feng Shui peut contribuer \u00e0 un environnement de vie plus sain, moins stressant et propice au bien-\u00eatre g\u00e9n\u00e9ral.<\/p>\n<p>Cet art complexe prend en compte des aspects tels que l&rsquo;orientation, l&#8217;emplacement, le timing, les facteurs environnementaux externes et les attributs uniques de chaque individu dans un foyer ou un bureau. En ajustant finement ces \u00e9l\u00e9ments, le Feng Shui assure qu&rsquo;un espace est v\u00e9ritablement b\u00e9n\u00e9fique pour ceux qui l&rsquo;habitent.<\/p>\n<p><span style=\"font-size: 24px;\"><strong>Qu&rsquo;est-ce que le Feng Shui ?<\/strong><\/span><\/p>\n<p>Cela signifie litt\u00e9ralement la voie du Vent et de l&rsquo;Eau.<\/p>\n<p>Le Feng Shui est une m\u00e9thode chinoise ancienne d&rsquo;agencement des espaces de vie en harmonie avec l&rsquo;environnement pour favoriser le flux d&rsquo;\u00e9nergie positive, connue sous le nom de \u201cQi\u201d ou \u201cTchi\u201d, tout comme diff\u00e9rentes m\u00e9thodes th\u00e9rapeutiques travaillent \u00e0 harmoniser l&rsquo;\u00e9nergie interne du corps.<\/p>\n<p><img loading=\"lazy\" decoding=\"async\" class=\"alignnone wp-image-756 size-full\" src=\"https:\/\/monacotherapies.com\/wp-content\/uploads\/2023\/10\/feng-shui-3.jpg\" alt=\"\" width=\"1240\" height=\"826\" srcset=\"https:\/\/monacotherapies.com\/wp-content\/uploads\/2023\/10\/feng-shui-3.jpg 1240w, https:\/\/monacotherapies.com\/wp-content\/uploads\/2023\/10\/feng-shui-3-300x200.jpg 300w, https:\/\/monacotherapies.com\/wp-content\/uploads\/2023\/10\/feng-shui-3-1024x682.jpg 1024w, https:\/\/monacotherapies.com\/wp-content\/uploads\/2023\/10\/feng-shui-3-768x512.jpg 768w, https:\/\/monacotherapies.com\/wp-content\/uploads\/2023\/10\/feng-shui-3-1x1.jpg 1w, https:\/\/monacotherapies.com\/wp-content\/uploads\/2023\/10\/feng-shui-3-10x7.jpg 10w\" sizes=\"auto, (max-width: 1240px) 100vw, 1240px\" \/><\/p>\n<p>Beaucoup d&rsquo;entre nous peuvent se rapporter \u00e0 des commentaires comme, \u00ab Les choses n&rsquo;ont plus \u00e9t\u00e9 les m\u00eames depuis que nous avons emm\u00e9nag\u00e9 dans cette maison \u00bb ou \u00ab Changer de pi\u00e8ces a revigor\u00e9 nos esprits. \u00bb Ces observations soulignent l&rsquo;impact de nos environnements sur nos vies. De m\u00eame, certains lieux commerciaux t\u00e9moignent d&rsquo;une s\u00e9rie d&rsquo;\u00e9checs d&rsquo;entreprises, quel que soit le type d&rsquo;entreprise. <strong>Ces mod\u00e8les sugg\u00e8rent des facteurs d&rsquo;\u00e9nergie invisibles en jeu<\/strong>.<\/p>\n<p>Il est int\u00e9ressant de r\u00e9fl\u00e9chir \u00e0 la dynamique \u00e9nerg\u00e9tique de ces espaces et \u00e0 l&rsquo;effet d&rsquo;ondulation potentiel qu&rsquo;ils ont sur notre existence. <strong>Apr\u00e8s tout, reconna\u00eetre et ajuster ces \u00e9nergies pourrait \u00eatre la cl\u00e9 pour d\u00e9bloquer une meilleure harmonie, succ\u00e8s et bien-\u00eatre.<\/strong><\/p>\n<p><strong><span style=\"font-size: 24px;\">Il est consid\u00e9r\u00e9 comme b\u00e9n\u00e9fique pour la sant\u00e9 humaine pour plusieurs raisons<\/span> <\/strong><\/p>\n<ul>\n<li><strong>\u00c9quilibre et harmonie : <\/strong>Le Feng Shui souligne l&rsquo;importance d&rsquo;\u00e9quilibrer les cinq \u00e9l\u00e9ments (bois, feu, terre, m\u00e9tal et eau) et le principe Yin-Yang pour cr\u00e9er de l&rsquo;harmonie dans un espace. Cet \u00e9quilibre favorise un sentiment de bien-\u00eatre et r\u00e9duit le stress.<\/li>\n<li><strong>Qualit\u00e9 de l&rsquo;air am\u00e9lior\u00e9e :<\/strong> Le placement appropri\u00e9 des plantes et la purification de l&rsquo;air am\u00e9liorent la qualit\u00e9 et la circulation de l&rsquo;air, r\u00e9duisant les allerg\u00e8nes et favorisant la sant\u00e9 globale.<\/li>\n<li><strong>Lumi\u00e8re naturelle :<\/strong> Le Feng Shui encourage l&rsquo;utilisation de la lumi\u00e8re naturelle, qui aide \u00e0 r\u00e9guler les rythmes circadiens du corps, am\u00e9liore l&rsquo;humeur et stimule la production de vitamine D, tout cela contribuant \u00e0 une meilleure sant\u00e9.<\/li>\n<li><strong>Ergonomie et confort :<\/strong> Les principes du Feng Shui promeuvent un design ergonomique et des arrangements de meubles confortables, ce qui peut aider \u00e0 r\u00e9duire la contrainte physique et promouvoir la d\u00e9tente.<\/li>\n<li><strong>Espaces sans encombrement :<\/strong> \u00c9liminer l&rsquo;encombrement et garder les espaces organis\u00e9s est un aspect essentiel du Feng Shui. Les environnements sans encombrement contribuent \u00e0 un sentiment de calme, r\u00e9duisant le stress et l&rsquo;anxi\u00e9t\u00e9 qui peuvent nuire \u00e0 la sant\u00e9.<\/li>\n<li><strong>Connexion \u00e0 la nature :<\/strong> Int\u00e9grer des \u00e9l\u00e9ments naturels, tels que des plantes, de l&rsquo;eau et des mat\u00e9riaux terrestres, aide \u00e0 cr\u00e9er une connexion plus \u00e9troite avec la nature, ce qui a \u00e9t\u00e9 d\u00e9montr\u00e9 avoir un impact positif sur le bien-\u00eatre mental et \u00e9motionnel.<\/li>\n<\/ul>\n<p><strong><img loading=\"lazy\" decoding=\"async\" class=\"alignnone wp-image-866 size-full\" src=\"https:\/\/monacotherapies.com\/wp-content\/uploads\/2023\/10\/feng-shui.jpg\" alt=\"\" width=\"1240\" height=\"739\" srcset=\"https:\/\/monacotherapies.com\/wp-content\/uploads\/2023\/10\/feng-shui.jpg 1240w, https:\/\/monacotherapies.com\/wp-content\/uploads\/2023\/10\/feng-shui-300x179.jpg 300w, https:\/\/monacotherapies.com\/wp-content\/uploads\/2023\/10\/feng-shui-1024x610.jpg 1024w, https:\/\/monacotherapies.com\/wp-content\/uploads\/2023\/10\/feng-shui-768x458.jpg 768w, https:\/\/monacotherapies.com\/wp-content\/uploads\/2023\/10\/feng-shui-1x1.jpg 1w, https:\/\/monacotherapies.com\/wp-content\/uploads\/2023\/10\/feng-shui-10x6.jpg 10w\" sizes=\"auto, (max-width: 1240px) 100vw, 1240px\" \/><\/strong><\/p>\n<p><span style=\"font-size: 24px;\"><strong>M\u00e9thodes d&rsquo;Expertise Utilis\u00e9es<br \/>\n<\/strong><\/span><\/p>\n<ul>\n<li><strong>\u00c9coles Traditionnelles de Feng Shui<br \/>\n<\/strong><\/p>\n<ul>\n<li>\u00c9cole des Huit Demeures de Feng Shui (Ba Zhi)<\/li>\n<li>\u00c9cole de la Forme de Feng Shui<\/li>\n<li>\u00c9cole de la Boussole de Feng Shui<\/li>\n<li>\u00c9cole des \u00c9toiles Volantes de Feng Shui (Xuan Kong)<\/li>\n<\/ul>\n<\/li>\n<li><strong>L&rsquo;Interaction Entre l&rsquo;Habitat et l&rsquo;Habitant sur un Niveau Psycho-\u00c9motionnel<br \/>\n<\/strong><\/p>\n<ul>\n<li>L&rsquo;\u00c9cole des Processus de Sant\u00e9 et de Gu\u00e9rison<\/li>\n<li>La lecture symbolique du lieu<\/li>\n<li>Les \u00e9motions li\u00e9es \u00e0 l&rsquo;habitat<\/li>\n<\/ul>\n<\/li>\n<li><strong>La Gestion du Chi et des \u00c9nergies du Lieu<\/strong>\n<ul>\n<li>Le R\u00f4le de la G\u00e9obiologie et de la Bio\u00e9nergie dans l&rsquo;expertise du Feng Shui<\/li>\n<\/ul>\n<\/li>\n<\/ul>\n<p><strong><span style=\"font-size: 24px;\">Que dois-je attendre d&rsquo;une expertise en Feng Shui ?<\/span> <\/strong><\/p>\n<ul>\n<li>Lors de la conversation t\u00e9l\u00e9phonique initiale, nous \u00e9changerons les informations de base sur vos besoins, le type et la taille de votre lieu, le nombre de personnes vivant ensemble.<\/li>\n<li>Visite sur place<\/li>\n<li>Purification de la Maison<\/li>\n<li>Rapport de Feng Shui, consultation et conseils<\/li>\n<li>Suivi en ligne<\/li>\n<\/ul>\n<p><strong><u>FENG SHUI <\/u><\/strong><\/p>\n<p><strong><u>DISPOSITIFS PROFESSIONNELS UTILIS\u00c9S pour l&rsquo;EXPERTISE<br \/>\n<\/u><\/strong><\/p>\n<p><strong>Capteur Sputnik Technologie GDV<\/strong><\/p>\n<p>Pour \u00e9valuer la qualit\u00e9 \u00e9nerg\u00e9tique de l&rsquo;environnement.<\/p>\n<p><strong><img loading=\"lazy\" decoding=\"async\" class=\"wp-image-723 size-full aligncenter\" src=\"https:\/\/monacotherapies.com\/wp-content\/uploads\/2023\/10\/bio-well-sputnik.jpg\" alt=\"\" width=\"1240\" height=\"880\" srcset=\"https:\/\/monacotherapies.com\/wp-content\/uploads\/2023\/10\/bio-well-sputnik.jpg 1240w, https:\/\/monacotherapies.com\/wp-content\/uploads\/2023\/10\/bio-well-sputnik-300x213.jpg 300w, https:\/\/monacotherapies.com\/wp-content\/uploads\/2023\/10\/bio-well-sputnik-1024x727.jpg 1024w, https:\/\/monacotherapies.com\/wp-content\/uploads\/2023\/10\/bio-well-sputnik-768x545.jpg 768w, https:\/\/monacotherapies.com\/wp-content\/uploads\/2023\/10\/bio-well-sputnik-1x1.jpg 1w, https:\/\/monacotherapies.com\/wp-content\/uploads\/2023\/10\/bio-well-sputnik-10x7.jpg 10w\" sizes=\"auto, (max-width: 1240px) 100vw, 1240px\" \/><\/strong><\/p>\n<p><strong>Boussole Feng Shui<\/strong><img loading=\"lazy\" decoding=\"async\" class=\"alignnone wp-image-727 size-full\" src=\"https:\/\/monacotherapies.com\/wp-content\/uploads\/2023\/10\/feng-shui-compass-2.jpg\" alt=\"\" width=\"1030\" height=\"600\" srcset=\"https:\/\/monacotherapies.com\/wp-content\/uploads\/2023\/10\/feng-shui-compass-2.jpg 1030w, https:\/\/monacotherapies.com\/wp-content\/uploads\/2023\/10\/feng-shui-compass-2-300x175.jpg 300w, https:\/\/monacotherapies.com\/wp-content\/uploads\/2023\/10\/feng-shui-compass-2-1024x597.jpg 1024w, https:\/\/monacotherapies.com\/wp-content\/uploads\/2023\/10\/feng-shui-compass-2-768x447.jpg 768w, https:\/\/monacotherapies.com\/wp-content\/uploads\/2023\/10\/feng-shui-compass-2-1x1.jpg 1w, https:\/\/monacotherapies.com\/wp-content\/uploads\/2023\/10\/feng-shui-compass-2-10x6.jpg 10w\" sizes=\"auto, (max-width: 1030px) 100vw, 1030px\" \/><\/p>\n<p>[\/vc_column_text][\/vc_column][\/vc_row]<\/p>\n<\/div>","protected":false},"excerpt":{"rendered":"<p>[vc_row][vc_column width=\u00a0\u00bb5\/6&Prime; offset=\u00a0\u00bbvc_col-lg-offset-1&Prime; _et_uniqid=\u00a0\u00bbet_custom_uniqid_new_6527070b88ff9&Prime;][vc_column_text] Feng Shui Nos environnements d\u00e9tiennent un \u00ab pouvoir silencieux \u00bb, fa\u00e7onnant nos \u00e9motions, notre bien-\u00eatre et nos fortunes [\/vc_column_text][\/vc_column][\/vc_row][vc_row][vc_column width=\u00a0\u00bb5\/6&Prime; offset=\u00a0\u00bbvc_col-lg-offset-1&Prime;&#8230;<\/p>\n","protected":false},"author":1,"featured_media":0,"parent":0,"menu_order":0,"comment_status":"closed","ping_status":"closed","template":"","meta":{"footnotes":""},"class_list":["post-1627","page","type-page","status-publish","hentry"],"_links":{"self":[{"href":"https:\/\/monacotherapies.com\/fr\/wp-json\/wp\/v2\/pages\/1627","targetHints":{"allow":["GET"]}}],"collection":[{"href":"https:\/\/monacotherapies.com\/fr\/wp-json\/wp\/v2\/pages"}],"about":[{"href":"https:\/\/monacotherapies.com\/fr\/wp-json\/wp\/v2\/types\/page"}],"author":[{"embeddable":true,"href":"https:\/\/monacotherapies.com\/fr\/wp-json\/wp\/v2\/users\/1"}],"replies":[{"embeddable":true,"href":"https:\/\/monacotherapies.com\/fr\/wp-json\/wp\/v2\/comments?post=1627"}],"version-history":[{"count":9,"href":"https:\/\/monacotherapies.com\/fr\/wp-json\/wp\/v2\/pages\/1627\/revisions"}],"predecessor-version":[{"id":1991,"href":"https:\/\/monacotherapies.com\/fr\/wp-json\/wp\/v2\/pages\/1627\/revisions\/1991"}],"wp:attachment":[{"href":"https:\/\/monacotherapies.com\/fr\/wp-json\/wp\/v2\/media?parent=1627"}],"curies":[{"name":"wp","href":"https:\/\/api.w.org\/{rel}","templated":true}]}}