{"id":1624,"date":"2023-07-07T14:42:46","date_gmt":"2023-07-07T14:42:46","guid":{"rendered":"https:\/\/monacotherapies.com\/?page_id=1624"},"modified":"2024-02-25T13:07:02","modified_gmt":"2024-02-25T13:07:02","slug":"stress-geopathique-et-electrosmog","status":"publish","type":"page","link":"https:\/\/monacotherapies.com\/fr\/stress-geopathique-et-electrosmog\/","title":{"rendered":"Stress G\u00e9opathique et \u00c9lectrosmog"},"content":{"rendered":"<div class=\"wpb-content-wrapper\"><p>[vc_row et_uniqid=\u00a0\u00bbet_custom_uniqid_65199cf898aec\u00a0\u00bb][vc_column width=\u00a0\u00bb5\/6&Prime; et_uniqid=\u00a0\u00bbet_custom_uniqid_65199cf898ac0&Prime; offset=\u00a0\u00bbvc_col-lg-offset-1&Prime; _et_uniqid=\u00a0\u00bbet_custom_uniqid_new_650c687e31190&Prime;][vc_column_text]<\/p>\n<h1 style=\"text-align: center;\">Stress G\u00e9opathique et \u00c9lectrosmog<\/h1>\n<p style=\"text-align: center;\">Une Exposition Prolong\u00e9e Compromet Essentiellement les Processus Physiologiques, Posant de S\u00e9rieux Risques pour la Sant\u00e9<\/p>\n<p>[\/vc_column_text][\/vc_column][\/vc_row][vc_row et_uniqid=\u00a0\u00bbet_custom_uniqid_651e53b64fb17&Prime;][vc_column width=\u00a0\u00bb5\/6&Prime; et_uniqid=\u00a0\u00bbet_custom_uniqid_651e53b64faec\u00a0\u00bb offset=\u00a0\u00bbvc_col-lg-offset-1&Prime; _et_uniqid=\u00a0\u00bbet_custom_uniqid_new_64a82d50043d2&Prime;][vc_single_image image=\u00a0\u00bb555&Prime; img_size=\u00a0\u00bbfull\u00a0\u00bb alignment=\u00a0\u00bbcenter\u00a0\u00bb][\/vc_column][\/vc_row][vc_row et_uniqid=\u00a0\u00bbet_custom_uniqid_6535638286d6e\u00a0\u00bb][vc_column width=\u00a0\u00bb5\/6&Prime; et_uniqid=\u00a0\u00bbet_custom_uniqid_6535638286d35&Prime; offset=\u00a0\u00bbvc_col-lg-offset-1&Prime; _et_uniqid=\u00a0\u00bbet_custom_uniqid_new_64a82d50043d2&Prime;][vc_separator color=\u00a0\u00bbblack\u00a0\u00bb][\/vc_column][\/vc_row][vc_row][vc_column offset=\u00a0\u00bbvc_col-lg-offset-1 vc_col-lg-10&Prime; _et_uniqid=\u00a0\u00bbet_custom_uniqid_new_6516ffe86e2c9&Prime;][vc_column_text]<em><span style=\"font-size: 20px;\">Votre sant\u00e9 est importante pour vous, alors vous faites tout pour l&rsquo;optimiser ! Vous avez un mode de vie sain. Vous \u00eates physiquement actif, vous prenez soin de votre nutrition, vous \u00eates satisfait de vos choix de vie, vous faites des th\u00e9rapies qui am\u00e9liorent votre bien-\u00eatre global, mais d&rsquo;une mani\u00e8re ou d&rsquo;une autre, vous ne vous sentez pas comme la meilleure version saine de vous-m\u00eame. Vous sentez qu&rsquo;il y a quelque chose qui ne va pas et que l&rsquo;effet positif g\u00e9n\u00e9r\u00e9 par vos th\u00e9rapies pr\u00e9f\u00e9r\u00e9es s&rsquo;estompe rapidement dans les jours \u00e0 venir. Peut-\u00eatre est-il temps d&rsquo;analyser votre environnement domestique\/professionnel pour v\u00e9rifier que votre \u00e9nergie vitale n&rsquo;est pas \u00e9puis\u00e9e par certains facteurs dangereux dont la plupart des gens ne sont pas conscients.<\/span><\/em>[\/vc_column_text][\/vc_column][\/vc_row][vc_row et_uniqid=\u00a0\u00bbet_custom_uniqid_6535638286d6e\u00a0\u00bb][vc_column width=\u00a0\u00bb5\/6&Prime; et_uniqid=\u00a0\u00bbet_custom_uniqid_6535638286d35&Prime; offset=\u00a0\u00bbvc_col-lg-offset-1&Prime; _et_uniqid=\u00a0\u00bbet_custom_uniqid_new_64a82d50043d2&Prime;][vc_separator color=\u00a0\u00bbblack\u00a0\u00bb][\/vc_column][\/vc_row][vc_row][vc_column offset=\u00a0\u00bbvc_col-lg-offset-1 vc_col-lg-10&Prime; _et_uniqid=\u00a0\u00bbet_custom_uniqid_new_6516ffe86e2c9&Prime;][vc_column_text]<span style=\"font-size: 24px;\"><strong>Ce que vous pouvez trouver dans votre maison qui peut mettre votre sant\u00e9 en danger<br \/>\n<\/strong><\/span><\/p>\n<ul>\n<li>Box WiFi et technologie sans fil (t\u00e9l\u00e9phones portables, ordinateurs, tablettes, consoles de jeux vid\u00e9o, casques sans fil, t\u00e9l\u00e9viseurs intelligents, etc.)<\/li>\n<li>Proximit\u00e9 des antennes-relais<\/li>\n<li>Proximit\u00e9 des lignes \u00e9lectriques<\/li>\n<li>Tableaux \u00e9lectriques<\/li>\n<li>Appareils \u00e9lectriques<\/li>\n<li>Gaz radon<\/li>\n<li>EMF \u00e9mis par la Terre (failles g\u00e9ologiques, veines d&rsquo;eau souterraines)<\/li>\n<li>Grilles g\u00e9omagn\u00e9tiques globales (Grilles de Hatmann et de Curry)<\/li>\n<\/ul>\n<p><strong><img loading=\"lazy\" decoding=\"async\" class=\"alignleft wp-image-674\" src=\"https:\/\/monacotherapies.com\/wp-content\/uploads\/2023\/10\/geobiology-244x300.jpg\" alt=\"\" width=\"400\" height=\"492\" srcset=\"https:\/\/monacotherapies.com\/wp-content\/uploads\/2023\/10\/geobiology-244x300.jpg 244w, https:\/\/monacotherapies.com\/wp-content\/uploads\/2023\/10\/geobiology-833x1024.jpg 833w, https:\/\/monacotherapies.com\/wp-content\/uploads\/2023\/10\/geobiology-768x945.jpg 768w, https:\/\/monacotherapies.com\/wp-content\/uploads\/2023\/10\/geobiology-1x1.jpg 1w, https:\/\/monacotherapies.com\/wp-content\/uploads\/2023\/10\/geobiology-8x10.jpg 8w, https:\/\/monacotherapies.com\/wp-content\/uploads\/2023\/10\/geobiology.jpg 1240w\" sizes=\"auto, (max-width: 400px) 100vw, 400px\" \/><span style=\"font-size: 24px;\">Qu&rsquo;est-ce que la G\u00e9obiologie ?<\/span><\/strong><\/p>\n<p>La g\u00e9obiologie est l&rsquo;\u00e9tude qui explore l&rsquo;influence d&rsquo;un espace donn\u00e9 sur tous les organismes vivants. Les outils et dispositifs scientifiques sont utilis\u00e9s pour analyser un terrain destin\u00e9 \u00e0 la construction, une maison, un local commercial, une ferme, etc., afin de d\u00e9tecter une vari\u00e9t\u00e9 de zones agressives appel\u00e9es Stress G\u00e9opathique.<\/p>\n<p><span style=\"font-size: 24px;\"><strong>Pourquoi le Stress G\u00e9opathique est-il Nocif ?<\/strong><\/span><\/p>\n<p>Le stress g\u00e9opathique d\u00e9signe une contrainte continue induite par des fr\u00e9quences vibratoires terrestres d\u00e9form\u00e9es, \u00e9puisant perp\u00e9tuellement notre vitalit\u00e9. Ces fr\u00e9quences nocives interagissent avec les champs \u00e9lectromagn\u00e9tiques naturels de notre corps, conduisant \u00e0 une vari\u00e9t\u00e9 de probl\u00e8mes de sant\u00e9.<\/p>\n<p>L&rsquo;av\u00e8nement de la technologie sans fil, devenue une partie int\u00e9grante de notre vie quotidienne, a entra\u00een\u00e9 une augmentation des radiations \u00e9lectromagn\u00e9tiques artificiellement g\u00e9n\u00e9r\u00e9es (EMF). Des appareils tels que les smartphones, les routeurs Wi-Fi, les ordinateurs et les antennes, qui \u00e9mettent ces radiations, peuvent interf\u00e9rer avec les champs \u00e9nerg\u00e9tiques naturels.<\/p>\n<p>Une exposition prolong\u00e9e au stress g\u00e9opathique et \u00e0 la radiation du Champ \u00c9lectromagn\u00e9tique Artificiel (EMF), en particulier celle des EMF \u00e0 haute fr\u00e9quence et ionisants, peut potentiellement nuire \u00e0 la sant\u00e9 humaine en endommageant les tissus biologiques. Ce dommage peut \u00eatre induit par des m\u00e9canismes thermiques ou non thermiques. Les EMF ionisants sont connus pour avoir le potentiel d&rsquo;endommager l&rsquo;ADN et les cellules.<\/p>\n<p><span style=\"font-size: 24px;\"><strong>Risques Majeurs pour la Sant\u00e9<\/strong><\/span><\/p>\n<p>La technologie est l\u00e0 pour rester et nous en b\u00e9n\u00e9ficions dans de nombreux aspects de nos vies. Cependant, des pr\u00e9occupations ont \u00e9t\u00e9 soulev\u00e9es concernant les risques potentiels pour la sant\u00e9 associ\u00e9s \u00e0 l&rsquo;exposition aux radiations RF \u00e9mises par ces appareils. Apprendre \u00e0 les utiliser correctement et en toute s\u00e9curit\u00e9 r\u00e9duira largement certains des risques pour la sant\u00e9 majeurs associ\u00e9s :<\/p>\n<ul>\n<li><strong>Sensibilit\u00e9 \u00c9lectromagn\u00e9tique :<\/strong> L&rsquo;exposition aux radiations RF peut causer des effets de toxicit\u00e9, tels que des maux de t\u00eate, des \u00e9tourdissements, des naus\u00e9es et de la fatigue. Ces effets sont g\u00e9n\u00e9ralement temporaires et se produisent \u00e0 des niveaux d&rsquo;exposition plus \u00e9lev\u00e9s que ceux typiquement exp\u00e9riment\u00e9s lors de l&rsquo;utilisation quotidienne d&rsquo;appareils sans fil.<\/li>\n<li><strong>Perturbations du sommeil :<\/strong> Certaines \u00e9tudes ont rapport\u00e9 que l&rsquo;exposition aux radiations RF peut interf\u00e9rer avec les mod\u00e8les de sommeil, conduisant \u00e0 l&rsquo;insomnie, une qualit\u00e9 de sommeil r\u00e9duite et d&rsquo;autres probl\u00e8mes li\u00e9s au sommeil.<\/li>\n<li><strong>Impacts sur la sant\u00e9 mentale :<\/strong> Vivre dans des zones de stress g\u00e9opathique et l&rsquo;exposition aux radiations RF peuvent \u00eatre associ\u00e9s \u00e0 des changements de comportement, une concentration diminu\u00e9e, des alt\u00e9rations cognitives, et des troubles psychologiques et peuvent conduire au stress, \u00e0 l&rsquo;anxi\u00e9t\u00e9, \u00e0 l&rsquo;agressivit\u00e9 (particuli\u00e8rement chez les enfants) et \u00e0 la d\u00e9pression avec le temps.<\/li>\n<li><strong>Fatigue Chronique :<\/strong> Une exposition constante au stress g\u00e9opathique peut causer une fatigue chronique et une diminution des niveaux d&rsquo;\u00e9nergie.<\/li>\n<li><strong>Syst\u00e8me Immunitaire Affaibli :<\/strong> Une exposition continue \u00e0 ces facteurs nocifs peut affaiblir le syst\u00e8me immunitaire, rendant les individus plus susceptibles \u00e0 diverses maladies.<\/li>\n<li><strong>Diff\u00e9rents types de cancer :<\/strong> certaines \u00e9tudes ont sugg\u00e9r\u00e9 un lien possible entre l&rsquo;exposition aux radiations RF et un risque accru de certains types de cancer, tels que les tumeurs c\u00e9r\u00e9brales et la leuc\u00e9mie. Ainsi que le cancer du poumon d\u00fb \u00e0 une exposition \u00e0 long terme au gaz radon, en faisant la deuxi\u00e8me cause principale de cette maladie.<\/li>\n<\/ul>\n<p><span style=\"font-size: 24px;\"><strong>Proc\u00e9dure d&rsquo;Expertise en G\u00e9obiologie<br \/>\n<\/strong><\/span><\/p>\n<p><strong><em>L&rsquo;intervention se d\u00e9roule sur place et ne peut \u00eatre effectu\u00e9e \u00e0 distance.<\/em><\/strong><\/p>\n<p><strong><em>Ce protocole d&rsquo;expertise rigoureux est soumis \u00e0 l&rsquo;application de la charte qualit\u00e9 G\u00c9OBIOS de l&rsquo;\u00c9COLE FRAN\u00c7AISE DE G\u00c9OBIOLOGIE, vous garantissant un service de haute qualit\u00e9.<\/em><\/strong><\/p>\n<ul>\n<li>Sauf si fourni par un client, un plan \u00e0 l&rsquo;\u00e9chelle de la maison ou des locaux commerciaux est cr\u00e9\u00e9.<\/li>\n<li>Divers dispositifs et outils de mesure de haute technologie utilis\u00e9s pour d\u00e9tecter toutes les perturbations possibles provenant du Stress G\u00e9opathique et des radiations EMF.<\/li>\n<li>Les mesures sont trac\u00e9es sur une carte, permettant l&rsquo;identification des zones g\u00e9opathog\u00e8nes et neutres (non-agressives).<\/li>\n<li>Consultation avec un client avec des conseils clairs sur comment r\u00e9duire ou \u00e9viter compl\u00e8tement les perturbations mesur\u00e9es, en particulier celles qui affectent les endroits o\u00f9 nous passons la plupart de notre temps, comme les lits, les bureaux de travail, les aires de jeux pour enfants, etc.<\/li>\n<li>La dur\u00e9e du service varie en fonction de la surface \u00e0 \u00e9valuer. Elle prend g\u00e9n\u00e9ralement entre un et deux jours.<\/li>\n<li>Suivi apr\u00e8s 6 mois, sauf si n\u00e9cessaire plus t\u00f4t.<\/li>\n<\/ul>\n<p><span style=\"font-size: 24px;\"><strong>Dispositifs Professionnels Utilis\u00e9s pour l&rsquo;Expertise<br \/>\n<\/strong><\/span><\/p>\n<p><strong><img loading=\"lazy\" decoding=\"async\" class=\"alignnone wp-image-1255 size-full\" src=\"https:\/\/monacotherapies.com\/wp-content\/uploads\/2024\/01\/equip.jpg\" alt=\"\" width=\"800\" height=\"776\" srcset=\"https:\/\/monacotherapies.com\/wp-content\/uploads\/2024\/01\/equip.jpg 800w, https:\/\/monacotherapies.com\/wp-content\/uploads\/2024\/01\/equip-300x291.jpg 300w, https:\/\/monacotherapies.com\/wp-content\/uploads\/2024\/01\/equip-768x745.jpg 768w, https:\/\/monacotherapies.com\/wp-content\/uploads\/2024\/01\/equip-1x1.jpg 1w, https:\/\/monacotherapies.com\/wp-content\/uploads\/2024\/01\/equip-10x10.jpg 10w\" sizes=\"auto, (max-width: 800px) 100vw, 800px\" \/><\/strong><\/p>\n<ul>\n<li><strong>Capteur Sputnik Technologie GDV<\/strong> \u2013 Pour \u00e9valuer la qualit\u00e9 \u00e9nerg\u00e9tique de l&rsquo;environnement.<\/li>\n<li><strong>Antenne de Lecher<\/strong> \u2013 Utilis\u00e9e pour la d\u00e9tection de cours d&rsquo;eau souterrains, grilles g\u00e9omagn\u00e9tiques mondiales, etc.<\/li>\n<li><strong>Technologie GIGAHERTZ Solutions UTILIS\u00c9E pour mesurer les radiations \u00e0 haute et basse fr\u00e9quence.<\/strong><\/li>\n<li><strong>Kit de Compteur RF HFE59B<\/strong> \u2013 Le Kit de Compteur RF HFE59B de Gigahertz Solutions est un analyseur RF professionnel de haut niveau con\u00e7u pour mesurer l&rsquo;exposition aux radiofr\u00e9quences (RF) dans une plage de 27 MHz \u00e0 3,3 GHz, et il comprend des capacit\u00e9s d&rsquo;analyse de signal audio. Ce kit complet est \u00e9quip\u00e9 de deux antennes &#8211; une antenne directionnelle standard et une antenne omnidirectionnelle pour des mesures \u00e0 360 degr\u00e9s. Le HFE59B peut d\u00e9tecter diverses sources de radiation RF, telles que les t\u00e9l\u00e9phones portables, les t\u00e9l\u00e9phones sans fil, les fours \u00e0 micro-ondes, les appareils sans fil, les compteurs intelligents et les tours de t\u00e9l\u00e9phonie cellulaire.<\/li>\n<li><strong>Kit de Compteur RF HFW59D<\/strong> \u2013 Le Kit de Compteur RF HFW59D de Gigahertz Solutions est un appareil de haute qualit\u00e9 et avanc\u00e9 con\u00e7u pour mesurer les radiations haute fr\u00e9quence, sp\u00e9cifiquement dans la gamme de fr\u00e9quences de 2,4 GHz \u00e0 10 GHz. Cela le rend adapt\u00e9 \u00e0 la d\u00e9tection et \u00e0 l&rsquo;analyse de signaux provenant de diverses technologies sans fil modernes, telles que les r\u00e9seaux 5G, les syst\u00e8mes Wi-Fi, les installations radar et les communications par satellite. Le Kit HFW59D RF est destin\u00e9 \u00e0 la fois aux utilisateurs professionnels et amateurs int\u00e9ress\u00e9s par l&rsquo;\u00e9valuation de leur exposition aux radiations haute fr\u00e9quence et la compr\u00e9hension des sources potentielles d&rsquo;\u00e9lectrosmog dans leur environnement. Le kit comprend une antenne logarithmique-p\u00e9riodique directionnelle qui peut localiser l&rsquo;origine des signaux, ainsi qu&rsquo;une fonctionnalit\u00e9 d&rsquo;analyse de signal audio pour aider les utilisateurs \u00e0 identifier le type et la source de la radiation.<\/li>\n<li><strong>L&rsquo;Acoustim\u00e8tre AM-11<\/strong> \u2013 L&rsquo;Acoustim\u00e8tre AM-11 est un compteur RF tr\u00e8s efficace con\u00e7u pour d\u00e9tecter et mesurer les radiofr\u00e9quences et les radiations micro-ondes. Ses capacit\u00e9s vont de 200 MHz \u00e0 8,0 GHz, assurant une couverture compl\u00e8te pour la plupart des applications domestiques et commerciales. L&rsquo;appareil affiche les niveaux de pointe, de maintien de pointe et moyens des champs \u00e9lectromagn\u00e9tiques RF, permettant aux utilisateurs d&rsquo;obtenir une compr\u00e9hension d\u00e9taill\u00e9e de leur environnement EMF.<\/li>\n<li><strong>Compteur ME3951A<\/strong> \u2013 Le ME3951A de Gigahertz Solutions est un compteur professionnel EMF (Champ \u00c9lectromagn\u00e9tique), \u00e9galement connu sous le nom de compteur de Gauss. Cet appareil mesure les champs \u00e9lectriques AC et les champs magn\u00e9tiques AC dans une plage de fr\u00e9quences de 5 Hertz \u00e0 400 000 Hertz. Cette large gamme en fait un excellent outil pour d\u00e9tecter les sources \u00e9lectromagn\u00e9tiques. Le compteur est \u00e9quip\u00e9 de quatre r\u00e9glages de filtre pour l&rsquo;analyse manuelle des fr\u00e9quences et de sorties AC\/DC pour une interface facile avec l&rsquo;\u00e9quipement. Il est livr\u00e9 avec un certificat d&rsquo;\u00e9talonnage du fabricant et un mode d&rsquo;auto-test pour garantir des mesures pr\u00e9cises et fiables.<\/li>\n<li><strong>RadonEye RD200<\/strong> \u2013 Le RadonEye RD200 est un d\u00e9tecteur de radon intelligent remarquable pour sa haute sensibilit\u00e9, \u00e9tant 20 fois plus sensible que d&rsquo;autres d\u00e9tecteurs de radon portables sur le march\u00e9. Il offre une mesure rapide et fiable du radon avec des r\u00e9sultats disponibles en une heure. \u00c9quip\u00e9 d&rsquo;un nouveau capteur de radon et d&rsquo;une chambre d&rsquo;ionisation innovante, le RD200 peut d\u00e9tecter avec pr\u00e9cision les niveaux de radon et fournir des donn\u00e9es en temps r\u00e9el via une application mobile.<\/li>\n<li><strong>RADEX RD 1008<\/strong> \u2013 Le RADEX RD 1008 est un d\u00e9tecteur de radiation con\u00e7u pour \u00e9valuer les niveaux de radiation int\u00e9rieurs et ext\u00e9rieurs et \u00e9valuer la radio-contamination de divers objets. Il est capable d&rsquo;estimer le niveau de radiation ionisante et de fournir des valeurs \u00e9quivalentes de dose ambiante pour le rayonnement photonique et les b\u00eata-particules. Cet appareil peut \u00eatre utilis\u00e9 pour d\u00e9terminer les niveaux de radiation dans les b\u00e2timents r\u00e9sidentiels, sur le sol et sur divers objets. De plus, c&rsquo;est le premier d\u00e9tecteur de radiation portable qui d\u00e9tecte et affiche s\u00e9par\u00e9ment les r\u00e9sultats de radiation pour le B\u00eata et le Gamma en tant que deux valeurs distinctes. L&rsquo;appareil dispose d&rsquo;un menu permettant diverses fonctions, telles que la mesure des d\u00e9bits de dose et la recherche de sources de radiation.<\/li>\n<li><strong>CATU DT300 <\/strong>\u2013 Le Testeur de Terre CATU DT-300 est utilis\u00e9 pour mesurer la r\u00e9sistance de la terre dans les installations \u00e9lectriques, garantissant la s\u00e9curit\u00e9 et une bonne mise \u00e0 la terre. C&rsquo;est un appareil de cat\u00e9gorie CAT III avec une plage de mesure de 2 k\u03a9. Le testeur aide \u00e0 v\u00e9rifier l&rsquo;efficacit\u00e9 des syst\u00e8mes de mise \u00e0 la terre et est essentiel pour les professionnels de l&rsquo;\u00e9lectricit\u00e9 pour maintenir les normes de s\u00e9curit\u00e9 dans les environnements r\u00e9sidentiels, commerciaux et industriels.<\/li>\n<li><strong>VOLTCRAFT VC175<\/strong> \u2013 Le VOLTCRAFT VC175 est un multim\u00e8tre num\u00e9rique fiable avec une haute pr\u00e9cision et qualit\u00e9. Cet appareil peut mesurer \u00e0 la fois la tension DC et AC jusqu&rsquo;\u00e0 600 V et le courant jusqu&rsquo;\u00e0 10 A.<\/li>\n<li><strong>Le Compteur EMI Large Bande Greenwave<\/strong> \u2013 Le Compteur EMI Large Bande Greenwave est un appareil con\u00e7u pour mesurer le niveau d&rsquo;\u00e9lectricit\u00e9 sale, ou de bruit \u00e9lectrique, sur le c\u00e2blage dans les b\u00e2timents. Il mesure une large gamme de fr\u00e9quences d&rsquo;\u00e9lectricit\u00e9 sale de 3 kilohertz \u00e0 10 000 kilohertz, et peut afficher les mesures \u00ab avant filtre \u00bb et \u00ab apr\u00e8s filtre \u00bb sur le m\u00eame \u00e9cran pour montrer l&rsquo;effet des filtres dans la r\u00e9duction de ce bruit. Cet appareil peut aider \u00e0 identifier les sources importantes d&rsquo;\u00e9lectricit\u00e9 sale dans un environnement, id\u00e9alement aidant \u00e0 maintenir des niveaux en dessous de 25mV dans toutes les pi\u00e8ces.<\/li>\n<\/ul>\n<p><em>En tant que g\u00e9obiologiste et consultant en Feng Shui, je vous fournirai une compr\u00e9hension compl\u00e8te de votre environnement domestique et ferai des suggestions avec les correctifs les plus n\u00e9cessaires pour optimiser votre bien-\u00eatre environnemental et votre sant\u00e9. Nous sommes un avec notre environnement !<\/em>[\/vc_column_text][\/vc_column][\/vc_row]<\/p>\n<\/div>","protected":false},"excerpt":{"rendered":"<p>[vc_row et_uniqid=\u00a0\u00bbet_custom_uniqid_65199cf898aec\u00a0\u00bb][vc_column width=\u00a0\u00bb5\/6&Prime; et_uniqid=\u00a0\u00bbet_custom_uniqid_65199cf898ac0&Prime; offset=\u00a0\u00bbvc_col-lg-offset-1&Prime; _et_uniqid=\u00a0\u00bbet_custom_uniqid_new_650c687e31190&Prime;][vc_column_text] Stress G\u00e9opathique et \u00c9lectrosmog Une Exposition Prolong\u00e9e Compromet Essentiellement les Processus Physiologiques, Posant de S\u00e9rieux Risques pour la Sant\u00e9&#8230;<\/p>\n","protected":false},"author":1,"featured_media":0,"parent":0,"menu_order":0,"comment_status":"closed","ping_status":"closed","template":"","meta":{"footnotes":""},"class_list":["post-1624","page","type-page","status-publish","hentry"],"_links":{"self":[{"href":"https:\/\/monacotherapies.com\/fr\/wp-json\/wp\/v2\/pages\/1624","targetHints":{"allow":["GET"]}}],"collection":[{"href":"https:\/\/monacotherapies.com\/fr\/wp-json\/wp\/v2\/pages"}],"about":[{"href":"https:\/\/monacotherapies.com\/fr\/wp-json\/wp\/v2\/types\/page"}],"author":[{"embeddable":true,"href":"https:\/\/monacotherapies.com\/fr\/wp-json\/wp\/v2\/users\/1"}],"replies":[{"embeddable":true,"href":"https:\/\/monacotherapies.com\/fr\/wp-json\/wp\/v2\/comments?post=1624"}],"version-history":[{"count":3,"href":"https:\/\/monacotherapies.com\/fr\/wp-json\/wp\/v2\/pages\/1624\/revisions"}],"predecessor-version":[{"id":1895,"href":"https:\/\/monacotherapies.com\/fr\/wp-json\/wp\/v2\/pages\/1624\/revisions\/1895"}],"wp:attachment":[{"href":"https:\/\/monacotherapies.com\/fr\/wp-json\/wp\/v2\/media?parent=1624"}],"curies":[{"name":"wp","href":"https:\/\/api.w.org\/{rel}","templated":true}]}}