{"id":1614,"date":"2024-01-01T18:15:46","date_gmt":"2024-01-01T18:15:46","guid":{"rendered":"https:\/\/monacotherapies.com\/?page_id=1614"},"modified":"2024-02-20T14:03:36","modified_gmt":"2024-02-20T14:03:36","slug":"plans-de-coaching","status":"publish","type":"page","link":"https:\/\/monacotherapies.com\/fr\/plans-de-coaching\/","title":{"rendered":"Plans de Coaching"},"content":{"rendered":"<div class=\"wpb-content-wrapper\"><p>[vc_row et_uniqid=\u00a0\u00bbet_custom_uniqid_6570c0677ee4a\u00a0\u00bb][vc_column width=\u00a0\u00bb5\/6&Prime; et_uniqid=\u00a0\u00bbet_custom_uniqid_6570c0677ee02&Prime; offset=\u00a0\u00bbvc_col-lg-offset-1&Prime; _et_uniqid=\u00a0\u00bbet_custom_uniqid_new_64a82d50043d2&Prime;][vc_column_text]<\/p>\n<h1 style=\"text-align: center;\">Plans de Coaching<\/h1>\n<p style=\"text-align: center;\">Remonter le Temps : Embrasser un Demain Jeune<\/p>\n<p>[\/vc_column_text][\/vc_column][\/vc_row][vc_row et_uniqid=\u00a0\u00bbet_custom_uniqid_659b0501450a0&Prime;][vc_column width=\u00a0\u00bb5\/6&Prime; et_uniqid=\u00a0\u00bbet_custom_uniqid_659b050145058&Prime; offset=\u00a0\u00bbvc_col-lg-offset-1&Prime; _et_uniqid=\u00a0\u00bbet_custom_uniqid_new_64a82d50043d2&Prime;][vc_single_image image=\u00a0\u00bb1246&Prime; img_size=\u00a0\u00bbfull\u00a0\u00bb alignment=\u00a0\u00bbcenter\u00a0\u00bb][\/vc_column][\/vc_row][vc_row][vc_column width=\u00a0\u00bb5\/6&Prime; offset=\u00a0\u00bbvc_col-lg-offset-1&Prime; _et_uniqid=\u00a0\u00bbet_custom_uniqid_new_659532a77849d\u00a0\u00bb][vc_column_text]N&rsquo;oubliez pas que <strong>je suis ici pour vous guider<\/strong>, mais <strong>le voyage est le v\u00f4tre<\/strong> \u00e0 entreprendre. C&rsquo;est vous qui fournirez les efforts ! Et lorsque votre corps essaiera instinctivement de retourner \u00e0 ses anciennes habitudes \u2013 l&rsquo;\u00e9tat qui vous laissait vous sentir en surpoids, fatigu\u00e9 et pas tout \u00e0 fait vous-m\u00eame \u2013 <strong>je serai votre soutien et votre cheerleader in\u00e9branlable<\/strong>, vous encourageant \u00e0 chaque \u00e9tape pour atteindre de nouveaux sommets.<\/p>\n<p><strong>Avoir un coach est essentiel<\/strong> dans la vie. Quelqu&rsquo;un qui vous pousse hors de votre zone de confort <strong>et vous aide \u00e0 vous transformer en la personne que vous d\u00e9sirez vraiment \u00eatre<\/strong> <strong>!<\/strong><\/p>\n<p><strong>Dur\u00e9e : 3 Mois<\/strong>[\/vc_column_text][\/vc_column][\/vc_row][vc_row][vc_column width=\u00a0\u00bb5\/6&Prime; offset=\u00a0\u00bbvc_col-lg-offset-1&Prime; _et_uniqid=\u00a0\u00bbet_custom_uniqid_new_6595328e961b1&Prime;][vc_row_inner][vc_column_inner width=\u00a0\u00bb1\/3&Prime;]<div class=\"ult_pricing_table_wrap ult_design_5  ult-cs-custom  \">\n\t\t\t\t\t<div class=\"ult_pricing_table ult_price_table_ht\" style=\"background:#ffffff;color:#333333;min-height:300px;\"><div id=\"price-table-wrap-3937\" class=\"ult_pricing_heading\" style=\"\">\n\t\t\t\t\t\t\t<h3 class=\"price-heading ult-responsive cust-headformat\"  data-ultimate-target='#price-table-wrap-3937 .cust-headformat'  data-responsive-json-new='{\"font-size\":\"desktop:24px;\",\"line-height\":\"\"}'  style=\"font-weight:normal;\">Mois 1<\/h3><h5  data-ultimate-target='#price-table-wrap-3937 .cust-subhead'  data-responsive-json-new='{\"font-size\":\"desktop:16px;\",\"line-height\":\"\"}'  class=\"price-subheading ult-responsive cust-subhead\" style=\"font-weight:normal;\">60 min Vid\u00e9oconf\u00e9rence<\/h5><\/div><!--ult_pricing_heading--><div class=\"ult_price_body_block\" style=\"\">\n\t\t\t\t\t\t\t<div class=\"ult_price_body\">\n\t\t\t\t\t\t\t\t<div id=\"price-table-wrap-4061\"  class=\"ult_price\">\n\t\t\t\t\t\t\t\t\t<span  data-ultimate-target='#price-table-wrap-4061 .ult_price_figure'  data-responsive-json-new='{\"font-size\":\"\",\"line-height\":\"\"}'  class=\"ult_price_figure ult-responsive\" style=\"font-weight:normal;\"><\/span>\n\t\t\t\t\t\t\t\t\t<span  data-ultimate-target='#price-table-wrap-4061 .ult_price_term'  data-responsive-json-new='{\"font-size\":\"\",\"line-height\":\"\"}'  class=\"ult_price_term ult-responsive\" style=\"font-weight:normal;\"><\/span>\n\t\t\t\t\t\t\t\t<\/div>\n\t\t\t\t\t\t\t<\/div>\n\t\t\t\t\t\t<\/div><!--ult_price_body_block--><div id=\"price-table-features-wrap-3942\" class=\"ult_price_features ult-responsive\"  data-ultimate-target='#price-table-features-wrap-3942'  data-responsive-json-new='{\"font-size\":\"desktop:14px;\",\"line-height\":\"\"}'  style=\"font-weight:normal;\">\n\t\t\t\t\t\t\t<ul>\n<li>Consultation Vid\u00e9o de 60 min<\/li>\n<li>Examen approfondi de vos dossiers de sant\u00e9 personnels et de vos choix de vie<\/li>\n<li>\u00c9valuation de vos objectifs personnels de sant\u00e9 et de bien-\u00eatre<\/li>\n<li>Recommandations en mati\u00e8re de nutrition, suppl\u00e9ments, d\u00e9tox et style de vie<\/li>\n<li>Recommandation pour des analyses de laboratoire \u00e0 domicile, si pertinent<\/li>\n<li>Assistance par email incluant une strat\u00e9gie de bien-\u00eatre comprenant nutrition, activit\u00e9 physique, qualit\u00e9 du sommeil, d\u00e9toxification, suppl\u00e9mentation, soulagement du stress et un \u00e9tat d&rsquo;esprit pour le succ\u00e8s<\/li>\n<\/ul>\n\n\t\t\t\t\t\t<\/div><!--ult_price_features--><div class=\"ult_clr\"><\/div>\n\t\t\t<\/div><!--pricing_table-->\n\t\t<\/div><!--pricing_table_wrap-->[\/vc_column_inner][vc_column_inner width=\u00a0\u00bb1\/3&Prime;]<div class=\"ult_pricing_table_wrap ult_design_5  ult-cs-custom  \">\n\t\t\t\t\t<div class=\"ult_pricing_table ult_price_table_ht\" style=\"background:#ffffff;color:#333333;min-height:300px;\"><div id=\"price-table-wrap-9327\" class=\"ult_pricing_heading\" style=\"\">\n\t\t\t\t\t\t\t<h3 class=\"price-heading ult-responsive cust-headformat\"  data-ultimate-target='#price-table-wrap-9327 .cust-headformat'  data-responsive-json-new='{\"font-size\":\"desktop:24px;\",\"line-height\":\"\"}'  style=\"font-weight:normal;\">Mois 2<\/h3><h5  data-ultimate-target='#price-table-wrap-9327 .cust-subhead'  data-responsive-json-new='{\"font-size\":\"desktop:16px;\",\"line-height\":\"\"}'  class=\"price-subheading ult-responsive cust-subhead\" style=\"font-weight:normal;\">60 min Vid\u00e9oconf\u00e9rence<\/h5><\/div><!--ult_pricing_heading--><div class=\"ult_price_body_block\" style=\"\">\n\t\t\t\t\t\t\t<div class=\"ult_price_body\">\n\t\t\t\t\t\t\t\t<div id=\"price-table-wrap-5903\"  class=\"ult_price\">\n\t\t\t\t\t\t\t\t\t<span  data-ultimate-target='#price-table-wrap-5903 .ult_price_figure'  data-responsive-json-new='{\"font-size\":\"\",\"line-height\":\"\"}'  class=\"ult_price_figure ult-responsive\" style=\"font-weight:normal;\"><\/span>\n\t\t\t\t\t\t\t\t\t<span  data-ultimate-target='#price-table-wrap-5903 .ult_price_term'  data-responsive-json-new='{\"font-size\":\"\",\"line-height\":\"\"}'  class=\"ult_price_term ult-responsive\" style=\"font-weight:normal;\"><\/span>\n\t\t\t\t\t\t\t\t<\/div>\n\t\t\t\t\t\t\t<\/div>\n\t\t\t\t\t\t<\/div><!--ult_price_body_block--><div id=\"price-table-features-wrap-9290\" class=\"ult_price_features ult-responsive\"  data-ultimate-target='#price-table-features-wrap-9290'  data-responsive-json-new='{\"font-size\":\"desktop:14px;\",\"line-height\":\"\"}'  style=\"font-weight:normal;\">\n\t\t\t\t\t\t\t<ul>\n<li>Consultation Vid\u00e9o de 60 min<\/li>\n<li>Analyse des r\u00e9sultats des analyses de laboratoire, si pertinent<\/li>\n<li>Aper\u00e7u du plan de bien-\u00eatre personnalis\u00e9<\/li>\n<li>Protocole de suppl\u00e9ments personnalis\u00e9 et recommandation de plan nutritionnel<\/li>\n<li>Assistance par email<\/li>\n<\/ul>\n\n\t\t\t\t\t\t<\/div><!--ult_price_features--><div class=\"ult_clr\"><\/div>\n\t\t\t<\/div><!--pricing_table-->\n\t\t<\/div><!--pricing_table_wrap-->[\/vc_column_inner][vc_column_inner width=\u00a0\u00bb1\/3&Prime;]<div class=\"ult_pricing_table_wrap ult_design_5  ult-cs-custom  \">\n\t\t\t\t\t<div class=\"ult_pricing_table ult_price_table_ht\" style=\"background:#ffffff;color:#333333;min-height:300px;\"><div id=\"price-table-wrap-2572\" class=\"ult_pricing_heading\" style=\"\">\n\t\t\t\t\t\t\t<h3 class=\"price-heading ult-responsive cust-headformat\"  data-ultimate-target='#price-table-wrap-2572 .cust-headformat'  data-responsive-json-new='{\"font-size\":\"desktop:24px;\",\"line-height\":\"\"}'  style=\"font-weight:normal;\">Mois 3<\/h3><h5  data-ultimate-target='#price-table-wrap-2572 .cust-subhead'  data-responsive-json-new='{\"font-size\":\"desktop:16px;\",\"line-height\":\"\"}'  class=\"price-subheading ult-responsive cust-subhead\" style=\"font-weight:normal;\">60 min Vid\u00e9oconf\u00e9rence<\/h5><\/div><!--ult_pricing_heading--><div class=\"ult_price_body_block\" style=\"\">\n\t\t\t\t\t\t\t<div class=\"ult_price_body\">\n\t\t\t\t\t\t\t\t<div id=\"price-table-wrap-4739\"  class=\"ult_price\">\n\t\t\t\t\t\t\t\t\t<span  data-ultimate-target='#price-table-wrap-4739 .ult_price_figure'  data-responsive-json-new='{\"font-size\":\"\",\"line-height\":\"\"}'  class=\"ult_price_figure ult-responsive\" style=\"font-weight:normal;\"><\/span>\n\t\t\t\t\t\t\t\t\t<span  data-ultimate-target='#price-table-wrap-4739 .ult_price_term'  data-responsive-json-new='{\"font-size\":\"\",\"line-height\":\"\"}'  class=\"ult_price_term ult-responsive\" style=\"font-weight:normal;\"><\/span>\n\t\t\t\t\t\t\t\t<\/div>\n\t\t\t\t\t\t\t<\/div>\n\t\t\t\t\t\t<\/div><!--ult_price_body_block--><div id=\"price-table-features-wrap-8878\" class=\"ult_price_features ult-responsive\"  data-ultimate-target='#price-table-features-wrap-8878'  data-responsive-json-new='{\"font-size\":\"desktop:14px;\",\"line-height\":\"\"}'  style=\"font-weight:normal;\">\n\t\t\t\t\t\t\t<ul>\n<li>Consultation Vid\u00e9o de 60 min<\/li>\n<li>Ajustement du plan de bien-\u00eatre<\/li>\n<li>Soutien et suivi continus<\/li>\n<li>Recommandation de p\u00e9riode de maintenance<\/li>\n<\/ul>\n\n\t\t\t\t\t\t<\/div><!--ult_price_features--><div class=\"ult_clr\"><\/div>\n\t\t\t<\/div><!--pricing_table-->\n\t\t<\/div><!--pricing_table_wrap-->[\/vc_column_inner][\/vc_row_inner][\/vc_column][\/vc_row]<\/p>\n<\/div>","protected":false},"excerpt":{"rendered":"<p>[vc_row et_uniqid=\u00a0\u00bbet_custom_uniqid_6570c0677ee4a\u00a0\u00bb][vc_column width=\u00a0\u00bb5\/6&Prime; et_uniqid=\u00a0\u00bbet_custom_uniqid_6570c0677ee02&Prime; offset=\u00a0\u00bbvc_col-lg-offset-1&Prime; _et_uniqid=\u00a0\u00bbet_custom_uniqid_new_64a82d50043d2&Prime;][vc_column_text] Plans de Coaching Remonter le Temps : Embrasser un Demain Jeune [\/vc_column_text][\/vc_column][\/vc_row][vc_row et_uniqid=\u00a0\u00bbet_custom_uniqid_659b0501450a0&Prime;][vc_column width=\u00a0\u00bb5\/6&Prime; et_uniqid=\u00a0\u00bbet_custom_uniqid_659b050145058&Prime; offset=\u00a0\u00bbvc_col-lg-offset-1&Prime; _et_uniqid=\u00a0\u00bbet_custom_uniqid_new_64a82d50043d2&Prime;][vc_single_image image=\u00a0\u00bb1246&Prime; img_size=\u00a0\u00bbfull\u00a0\u00bb&#8230;<\/p>\n","protected":false},"author":1,"featured_media":0,"parent":0,"menu_order":0,"comment_status":"closed","ping_status":"closed","template":"","meta":{"footnotes":""},"class_list":["post-1614","page","type-page","status-publish","hentry"],"_links":{"self":[{"href":"https:\/\/monacotherapies.com\/fr\/wp-json\/wp\/v2\/pages\/1614","targetHints":{"allow":["GET"]}}],"collection":[{"href":"https:\/\/monacotherapies.com\/fr\/wp-json\/wp\/v2\/pages"}],"about":[{"href":"https:\/\/monacotherapies.com\/fr\/wp-json\/wp\/v2\/types\/page"}],"author":[{"embeddable":true,"href":"https:\/\/monacotherapies.com\/fr\/wp-json\/wp\/v2\/users\/1"}],"replies":[{"embeddable":true,"href":"https:\/\/monacotherapies.com\/fr\/wp-json\/wp\/v2\/comments?post=1614"}],"version-history":[{"count":4,"href":"https:\/\/monacotherapies.com\/fr\/wp-json\/wp\/v2\/pages\/1614\/revisions"}],"predecessor-version":[{"id":1748,"href":"https:\/\/monacotherapies.com\/fr\/wp-json\/wp\/v2\/pages\/1614\/revisions\/1748"}],"wp:attachment":[{"href":"https:\/\/monacotherapies.com\/fr\/wp-json\/wp\/v2\/media?parent=1614"}],"curies":[{"name":"wp","href":"https:\/\/api.w.org\/{rel}","templated":true}]}}