{"id":1605,"date":"2023-12-07T20:27:50","date_gmt":"2023-12-07T20:27:50","guid":{"rendered":"https:\/\/monacotherapies.com\/?page_id=1605"},"modified":"2024-01-22T17:54:52","modified_gmt":"2024-01-22T17:54:52","slug":"sante-thyroidienne","status":"publish","type":"page","link":"https:\/\/monacotherapies.com\/fr\/sante-thyroidienne\/","title":{"rendered":"Sant\u00e9 Thyro\u00efdienne"},"content":{"rendered":"<div class=\"wpb-content-wrapper\"><p>[vc_row et_uniqid=\u00a0\u00bbet_custom_uniqid_6570c0677ee4a\u00a0\u00bb][vc_column width=\u00a0\u00bb5\/6&Prime; et_uniqid=\u00a0\u00bbet_custom_uniqid_6570c0677ee02&Prime; offset=\u00a0\u00bbvc_col-lg-offset-1&Prime; _et_uniqid=\u00a0\u00bbet_custom_uniqid_new_64a82d50043d2&Prime;][vc_column_text]<\/p>\n<h1 style=\"text-align: center;\">Sant\u00e9 Thyro\u00efdienne<\/h1>\n<p style=\"text-align: center;\">La Cl\u00e9 de l&rsquo;Immunit\u00e9 et de l&rsquo;\u00c9nergie Vibrante<\/p>\n<p>[\/vc_column_text][\/vc_column][\/vc_row][vc_row et_uniqid=\u00a0\u00bbet_custom_uniqid_6570c0677ee4a\u00a0\u00bb][vc_column width=\u00a0\u00bb5\/6&Prime; et_uniqid=\u00a0\u00bbet_custom_uniqid_6570c0677ee02&Prime; offset=\u00a0\u00bbvc_col-lg-offset-1&Prime; _et_uniqid=\u00a0\u00bbet_custom_uniqid_new_64a82d50043d2&Prime;][vc_single_image image=\u00a0\u00bb1170&Prime; img_size=\u00a0\u00bbfull\u00a0\u00bb alignment=\u00a0\u00bbcenter\u00a0\u00bb][\/vc_column][\/vc_row][vc_row et_uniqid=\u00a0\u00bbet_custom_uniqid_6570c0677ee4a\u00a0\u00bb][vc_column width=\u00a0\u00bb5\/6&Prime; et_uniqid=\u00a0\u00bbet_custom_uniqid_6570c0677ee02&Prime; offset=\u00a0\u00bbvc_col-lg-offset-1&Prime; _et_uniqid=\u00a0\u00bbet_custom_uniqid_new_64a82d50043d2&Prime;][vc_separator color=\u00a0\u00bbblack\u00a0\u00bb][\/vc_column][\/vc_row][vc_row et_uniqid=\u00a0\u00bbet_custom_uniqid_6570c0677ee4a\u00a0\u00bb][vc_column width=\u00a0\u00bb5\/6&Prime; et_uniqid=\u00a0\u00bbet_custom_uniqid_6570c0677ee02&Prime; offset=\u00a0\u00bbvc_col-lg-offset-1&Prime; _et_uniqid=\u00a0\u00bbet_custom_uniqid_new_64a82da235dfa\u00a0\u00bb][vc_column_text]<em><span style=\"font-size: 22px;\">Dans la danse complexe de la sant\u00e9 et du bien-\u00eatre, la glande thyro\u00efde joue un r\u00f4le principal, en particulier dans l&rsquo;alimentation de notre immunit\u00e9. Cette petite glande est souvent le h\u00e9ros m\u00e9connu qui d\u00e9tient la cl\u00e9 d&rsquo;une vie vibrante. Il ne s&rsquo;agit pas seulement d&rsquo;hormones ; il s&rsquo;agit de la fa\u00e7on dont notre corps se d\u00e9fend, reste \u00e9nergis\u00e9 et maintient l&rsquo;\u00e9quilibre. Une thyro\u00efde bien r\u00e9gl\u00e9e \u00e9quivaut \u00e0 un syst\u00e8me immunitaire florissant, pr\u00eat \u00e0 nous prot\u00e9ger et \u00e0 nous soutenir. Embrasser la sant\u00e9 thyro\u00efdienne, c&rsquo;est comme d\u00e9verrouiller un tr\u00e9sor de vitalit\u00e9, ouvrant la voie \u00e0 une vie remplie d&rsquo;\u00e9nergie et de r\u00e9silience.<\/span><\/em>[\/vc_column_text][\/vc_column][\/vc_row][vc_row et_uniqid=\u00a0\u00bbet_custom_uniqid_6570c0677ee4a\u00a0\u00bb][vc_column width=\u00a0\u00bb5\/6&Prime; et_uniqid=\u00a0\u00bbet_custom_uniqid_6570c0677ee02&Prime; offset=\u00a0\u00bbvc_col-lg-offset-1&Prime; _et_uniqid=\u00a0\u00bbet_custom_uniqid_new_64a82d50043d2&Prime;][vc_separator color=\u00a0\u00bbblack\u00a0\u00bb][\/vc_column][\/vc_row][vc_row et_uniqid=\u00a0\u00bbet_custom_uniqid_6570c0677ee4a\u00a0\u00bb][vc_column width=\u00a0\u00bb2\/3&Prime; et_uniqid=\u00a0\u00bbet_custom_uniqid_6570c0677ee02&Prime; offset=\u00a0\u00bbvc_col-lg-offset-2&Prime; _et_uniqid=\u00a0\u00bbet_custom_uniqid_new_64a82ac44b488&Prime;][vc_column_text]La <strong>glande thyro\u00efde<\/strong> est un pilier de la sant\u00e9, essentielle pour r\u00e9guler le m\u00e9tabolisme et influencer pratiquement chaque partie de votre corps. Elle produit des hormones qui contr\u00f4lent la rapidit\u00e9 avec laquelle vous br\u00fblez des calories, votre rythme cardiaque et m\u00eame votre humeur. Cela signifie qu&rsquo;une thyro\u00efde saine est cl\u00e9 pour maintenir les <strong>niveaux d&rsquo;\u00e9nergie, l&rsquo;\u00e9quilibre de l&rsquo;humeur et l&rsquo;efficacit\u00e9 g\u00e9n\u00e9rale du corps<\/strong>.<\/p>\n<p>Lorsque cette glande est d\u00e9s\u00e9quilibr\u00e9e, elle peut perturber de mani\u00e8re significative votre vie quotidienne, impactant <strong>l&rsquo;\u00e9nergie, le poids, la temp\u00e9rature corporelle et la sant\u00e9 cardiaque<\/strong>. Assurer le bon fonctionnement de votre thyro\u00efde ne concerne pas seulement la pr\u00e9vention des maladies ; il s&rsquo;agit d&rsquo;autonomiser votre corps pour fonctionner au mieux, <strong>am\u00e9liorant votre qualit\u00e9 de vie<\/strong> de mani\u00e8re significative.[\/vc_column_text][\/vc_column][\/vc_row][vc_row et_uniqid=\u00a0\u00bbet_custom_uniqid_659446c2a009e\u00a0\u00bb bg_type=\u00a0\u00bbimage\u00a0\u00bb parallax_style=\u00a0\u00bbvcpb-default\u00a0\u00bb bg_image_repeat=\u00a0\u00bbno-repeat\u00a0\u00bb bg_img_attach=\u00a0\u00bbfixed\u00a0\u00bb _et_uniqid=\u00a0\u00bbet_custom_uniqid_new_65944e302289f\u00a0\u00bb][vc_column width=\u00a0\u00bb2\/3&Prime; et_uniqid=\u00a0\u00bbet_custom_uniqid_659446c2a0057&Prime; _et_uniqid=\u00a0\u00bbet_custom_uniqid_new_65944cc3c4939&Prime; offset=\u00a0\u00bbvc_col-lg-offset-2&Prime;][vc_empty_space height=\u00a0\u00bb22px\u00a0\u00bb][vc_column_text]<\/p>\n<p style=\"text-align: left;\"><strong><span style=\"font-size: 24px;\">Souffrez-vous de ces sympt\u00f4mes ?<\/span><\/strong><\/p>\n<p>[\/vc_column_text][vc_row_inner et_uniqid=\u00a0\u00bbet_custom_uniqid_659446c29ffe3&Prime;][vc_column_inner width=\u00a0\u00bb1\/3&Prime; et_uniqid=\u00a0\u00bbet_custom_uniqid_659446c2a0062&Prime; _et_uniqid=\u00a0\u00bbet_custom_uniqid_new_6594505cd29fe\u00a0\u00bb][vc_column_text]<\/p>\n<ul class=\"custom-checklist\">\n<li>Fatigue<strong><br \/>\n<\/strong><\/li>\n<li>Changements de Poids<\/li>\n<li>Changements d&rsquo;Humeur<\/li>\n<li>Perte de Cheveux<\/li>\n<li>Mains et Pieds Froids<\/li>\n<li>Changements dans le Rythme Cardiaque<\/li>\n<li>D\u00e9s\u00e9quilibres de la Glyc\u00e9mie<\/li>\n<li>Changements dans le Cycle Menstruel<\/li>\n<li>Cholest\u00e9rol \u00c9lev\u00e9<\/li>\n<li>Gonflement du Cou<\/li>\n<li>Changements dans la Texture de la Peau<\/li>\n<\/ul>\n<p>[\/vc_column_text][\/vc_column_inner][vc_column_inner width=\u00a0\u00bb2\/3&Prime; _et_uniqid=\u00a0\u00bbet_custom_uniqid_new_65945056220f8&Prime;][vc_single_image image=\u00a0\u00bb1183&Prime; img_size=\u00a0\u00bbfull\u00a0\u00bb alignment=\u00a0\u00bbcenter\u00a0\u00bb][\/vc_column_inner][\/vc_row_inner][vc_empty_space][\/vc_column][\/vc_row][vc_row et_uniqid=\u00a0\u00bbet_custom_uniqid_6570c0677ee4a\u00a0\u00bb][vc_column width=\u00a0\u00bb2\/3&Prime; et_uniqid=\u00a0\u00bbet_custom_uniqid_6570c0677ee02&Prime; offset=\u00a0\u00bbvc_col-lg-offset-2&Prime; _et_uniqid=\u00a0\u00bbet_custom_uniqid_new_64a82ac44b488&Prime;][vc_column_text]Si vous vous reconnaissez dans plusieurs de ces sympt\u00f4mes, il est probable que vous soyez confront\u00e9 \u00e0 un probl\u00e8me courant de <strong>d\u00e9s\u00e9quilibre thyro\u00efdien<\/strong>. La bonne nouvelle ? Une fois que vous aurez d\u00e9couvert les causes profondes de ces d\u00e9s\u00e9quilibres, leur renversement est tout \u00e0 fait r\u00e9alisable.<\/p>\n<p>Arm\u00e9s de cette compr\u00e9hension, nous pouvons mettre en \u0153uvre des <strong>techniques scientifiquement valid\u00e9es<\/strong> pour aborder et rectifier les probl\u00e8mes fondamentaux derri\u00e8re votre d\u00e9s\u00e9quilibre thyro\u00efdien. Cette strat\u00e9gie est con\u00e7ue pour vous aider \u00e0 retrouver <strong>une vie vibrante et \u00e9panouissante<\/strong>, celle que vous m\u00e9ritez vraiment ![\/vc_column_text][vc_column_text]<span style=\"font-size: 24px;\"><strong>Aborder le Probl\u00e8me Fondamental !<\/strong><\/span><\/p>\n<p><img loading=\"lazy\" decoding=\"async\" class=\"alignnone wp-image-1250 size-full\" src=\"https:\/\/monacotherapies.com\/wp-content\/uploads\/2024\/01\/thyroid-floral.jpg\" alt=\"\" width=\"1280\" height=\"639\" srcset=\"https:\/\/monacotherapies.com\/wp-content\/uploads\/2024\/01\/thyroid-floral.jpg 1280w, https:\/\/monacotherapies.com\/wp-content\/uploads\/2024\/01\/thyroid-floral-300x150.jpg 300w, https:\/\/monacotherapies.com\/wp-content\/uploads\/2024\/01\/thyroid-floral-1024x511.jpg 1024w, https:\/\/monacotherapies.com\/wp-content\/uploads\/2024\/01\/thyroid-floral-768x383.jpg 768w, https:\/\/monacotherapies.com\/wp-content\/uploads\/2024\/01\/thyroid-floral-1x1.jpg 1w, https:\/\/monacotherapies.com\/wp-content\/uploads\/2024\/01\/thyroid-floral-10x5.jpg 10w\" sizes=\"auto, (max-width: 1280px) 100vw, 1280px\" \/><\/p>\n<p>Les d\u00e9s\u00e9quilibres thyro\u00efdiens surviennent souvent \u00e0 partir de deux probl\u00e8mes principaux : les <strong>carences<\/strong> et les <strong>toxicit\u00e9s<\/strong>.<\/p>\n<p>Lorsque la thyro\u00efde manque de certains nutriments essentiels, tels que des <strong>vitamines, min\u00e9raux, acides amin\u00e9s ou enzymes sp\u00e9cifiques<\/strong>, elle peine \u00e0 fonctionner correctement. Ces nutriments sont cruciaux pour la production et la r\u00e9gulation des <strong>hormones thyro\u00efdiennes<\/strong>. Par exemple, l&rsquo;iode et le s\u00e9l\u00e9nium sont essentiels pour la synth\u00e8se des hormones thyro\u00efdiennes, et une carence dans l&rsquo;un ou l&rsquo;autre peut entra\u00eener des d\u00e9s\u00e9quilibres. De m\u00eame, les acides amin\u00e9s et certaines enzymes jouent un r\u00f4le cl\u00e9 dans la conversion des hormones thyro\u00efdiennes inactives en leur forme active, assurant ainsi un fonctionnement m\u00e9tabolique appropri\u00e9 dans tout le corps.<\/p>\n<p>D&rsquo;autre part, la thyro\u00efde peut \u00e9galement \u00eatre affect\u00e9e par des <strong>toxines environnementales internes et externes<\/strong>. Ces toxines peuvent perturber l&rsquo;\u00e9quilibre d\u00e9licat de la fonction thyro\u00efdienne en bloquant les r\u00e9cepteurs hormonaux ou en interf\u00e9rant avec la synth\u00e8se hormonale. Les <strong>toxines externes<\/strong> peuvent inclure des polluants, des produits chimiques et certains m\u00e9dicaments, tandis que les <strong>toxines internes<\/strong> peuvent r\u00e9sulter de d\u00e9s\u00e9quilibres intestinaux ou d&rsquo;infections chroniques. Ces toxines peuvent conduire \u00e0 un syst\u00e8me surcharg\u00e9, o\u00f9 la glande thyro\u00efde lutte pour maintenir ses processus r\u00e9gulateurs normaux, menant \u00e0 une thyro\u00efde sous-active ou hyperactive. Aborder \u00e0 la fois la carence en nutriments vitaux et la pr\u00e9sence de toxines nocives est essentiel pour restaurer et maintenir une fonction thyro\u00efdienne saine.[\/vc_column_text][\/vc_column][\/vc_row]<\/p>\n<\/div>","protected":false},"excerpt":{"rendered":"<p>[vc_row et_uniqid=\u00a0\u00bbet_custom_uniqid_6570c0677ee4a\u00a0\u00bb][vc_column width=\u00a0\u00bb5\/6&Prime; et_uniqid=\u00a0\u00bbet_custom_uniqid_6570c0677ee02&Prime; offset=\u00a0\u00bbvc_col-lg-offset-1&Prime; _et_uniqid=\u00a0\u00bbet_custom_uniqid_new_64a82d50043d2&Prime;][vc_column_text] Sant\u00e9 Thyro\u00efdienne La Cl\u00e9 de l&rsquo;Immunit\u00e9 et de l&rsquo;\u00c9nergie Vibrante [\/vc_column_text][\/vc_column][\/vc_row][vc_row et_uniqid=\u00a0\u00bbet_custom_uniqid_6570c0677ee4a\u00a0\u00bb][vc_column width=\u00a0\u00bb5\/6&Prime; et_uniqid=\u00a0\u00bbet_custom_uniqid_6570c0677ee02&Prime; offset=\u00a0\u00bbvc_col-lg-offset-1&Prime; _et_uniqid=\u00a0\u00bbet_custom_uniqid_new_64a82d50043d2&Prime;][vc_single_image image=\u00a0\u00bb1170&Prime; img_size=\u00a0\u00bbfull\u00a0\u00bb alignment=\u00a0\u00bbcenter\u00a0\u00bb][\/vc_column][\/vc_row][vc_row&#8230;<\/p>\n","protected":false},"author":1,"featured_media":0,"parent":0,"menu_order":0,"comment_status":"closed","ping_status":"closed","template":"","meta":{"footnotes":""},"class_list":["post-1605","page","type-page","status-publish","hentry"],"_links":{"self":[{"href":"https:\/\/monacotherapies.com\/fr\/wp-json\/wp\/v2\/pages\/1605","targetHints":{"allow":["GET"]}}],"collection":[{"href":"https:\/\/monacotherapies.com\/fr\/wp-json\/wp\/v2\/pages"}],"about":[{"href":"https:\/\/monacotherapies.com\/fr\/wp-json\/wp\/v2\/types\/page"}],"author":[{"embeddable":true,"href":"https:\/\/monacotherapies.com\/fr\/wp-json\/wp\/v2\/users\/1"}],"replies":[{"embeddable":true,"href":"https:\/\/monacotherapies.com\/fr\/wp-json\/wp\/v2\/comments?post=1605"}],"version-history":[{"count":4,"href":"https:\/\/monacotherapies.com\/fr\/wp-json\/wp\/v2\/pages\/1605\/revisions"}],"predecessor-version":[{"id":1609,"href":"https:\/\/monacotherapies.com\/fr\/wp-json\/wp\/v2\/pages\/1605\/revisions\/1609"}],"wp:attachment":[{"href":"https:\/\/monacotherapies.com\/fr\/wp-json\/wp\/v2\/media?parent=1605"}],"curies":[{"name":"wp","href":"https:\/\/api.w.org\/{rel}","templated":true}]}}