{"id":1602,"date":"2023-12-06T21:26:40","date_gmt":"2023-12-06T21:26:40","guid":{"rendered":"https:\/\/monacotherapies.com\/?page_id=1602"},"modified":"2024-02-25T16:47:37","modified_gmt":"2024-02-25T16:47:37","slug":"sante-intestinale-et-digestive","status":"publish","type":"page","link":"https:\/\/monacotherapies.com\/fr\/sante-intestinale-et-digestive\/","title":{"rendered":"Sant\u00e9 Intestinale et Digestive"},"content":{"rendered":"<div class=\"wpb-content-wrapper\"><p>[vc_row et_uniqid=\u00a0\u00bbet_custom_uniqid_6570c0677ee4a\u00a0\u00bb][vc_column width=\u00a0\u00bb5\/6&Prime; et_uniqid=\u00a0\u00bbet_custom_uniqid_6570c0677ee02&Prime; offset=\u00a0\u00bbvc_col-lg-offset-1&Prime; _et_uniqid=\u00a0\u00bbet_custom_uniqid_new_64a82d50043d2&Prime;][vc_column_text]<\/p>\n<h1 style=\"text-align: center;\">Sant\u00e9 Intestinale et Digestive<\/h1>\n<p style=\"text-align: center;\">Un Intestin Heureux, une Vie Heureuse : Le Chemin vers la F\u00e9licit\u00e9 Digestive<\/p>\n<p>[\/vc_column_text][\/vc_column][\/vc_row][vc_row et_uniqid=\u00a0\u00bbet_custom_uniqid_6570c0677ee4a\u00a0\u00bb][vc_column width=\u00a0\u00bb5\/6&Prime; et_uniqid=\u00a0\u00bbet_custom_uniqid_6570c0677ee02&Prime; offset=\u00a0\u00bbvc_col-lg-offset-1&Prime; _et_uniqid=\u00a0\u00bbet_custom_uniqid_new_64a82d50043d2&Prime;][vc_single_image image=\u00a0\u00bb1077&Prime; img_size=\u00a0\u00bbfull\u00a0\u00bb alignment=\u00a0\u00bbcenter\u00a0\u00bb][\/vc_column][\/vc_row][vc_row et_uniqid=\u00a0\u00bbet_custom_uniqid_6570c0677ee4a\u00a0\u00bb][vc_column width=\u00a0\u00bb5\/6&Prime; et_uniqid=\u00a0\u00bbet_custom_uniqid_6570c0677ee02&Prime; offset=\u00a0\u00bbvc_col-lg-offset-1&Prime; _et_uniqid=\u00a0\u00bbet_custom_uniqid_new_64a82d50043d2&Prime;][vc_separator color=\u00a0\u00bbblack\u00a0\u00bb][\/vc_column][\/vc_row][vc_row et_uniqid=\u00a0\u00bbet_custom_uniqid_6570c0677ee4a\u00a0\u00bb][vc_column width=\u00a0\u00bb5\/6&Prime; et_uniqid=\u00a0\u00bbet_custom_uniqid_6570c0677ee02&Prime; offset=\u00a0\u00bbvc_col-lg-offset-1&Prime; _et_uniqid=\u00a0\u00bbet_custom_uniqid_new_64a82da235dfa\u00a0\u00bb][vc_column_text]<em><span style=\"font-size: 22px;\">S\u2019\u00e9panouir de l&rsquo;Int\u00e9rieur\u201d ouvre la porte au monde fascinant de la sant\u00e9 intestinale et digestive. Ici, vous d\u00e9couvrirez le r\u00f4le crucial que joue votre intestin dans votre bien-\u00eatre global, impactant tout, de votre humeur \u00e0 votre syst\u00e8me immunitaire. Apprenez comment nourrir votre sant\u00e9 digestive peut conduire \u00e0 une vitalit\u00e9 accrue, une meilleure clart\u00e9 mentale et un syst\u00e8me immunitaire plus robuste. Embarquez dans un voyage vers un-vous plus sain et plus \u00e9clatant, o\u00f9 un intestin prosp\u00e8re est la fondation d&rsquo;une vie florissante.<\/span><\/em>[\/vc_column_text][\/vc_column][\/vc_row][vc_row et_uniqid=\u00a0\u00bbet_custom_uniqid_6570c0677ee4a\u00a0\u00bb][vc_column width=\u00a0\u00bb5\/6&Prime; et_uniqid=\u00a0\u00bbet_custom_uniqid_6570c0677ee02&Prime; offset=\u00a0\u00bbvc_col-lg-offset-1&Prime; _et_uniqid=\u00a0\u00bbet_custom_uniqid_new_64a82d50043d2&Prime;][vc_separator color=\u00a0\u00bbblack\u00a0\u00bb][\/vc_column][\/vc_row][vc_row et_uniqid=\u00a0\u00bbet_custom_uniqid_659446c2a009e\u00a0\u00bb bg_type=\u00a0\u00bbimage\u00a0\u00bb parallax_style=\u00a0\u00bbvcpb-default\u00a0\u00bb bg_image_repeat=\u00a0\u00bbno-repeat\u00a0\u00bb bg_img_attach=\u00a0\u00bbfixed\u00a0\u00bb _et_uniqid=\u00a0\u00bbet_custom_uniqid_new_65944e302289f\u00a0\u00bb][vc_column width=\u00a0\u00bb2\/3&Prime; et_uniqid=\u00a0\u00bbet_custom_uniqid_659446c2a0057&Prime; _et_uniqid=\u00a0\u00bbet_custom_uniqid_new_65944cc3c4939&Prime; offset=\u00a0\u00bbvc_col-lg-offset-2&Prime;][vc_empty_space height=\u00a0\u00bb22px\u00a0\u00bb][vc_column_text]Au fil du temps, des <strong>d\u00e9s\u00e9quilibres <\/strong>peuvent se d\u00e9velopper dans votre corps de une ou deux mani\u00e8res cl\u00e9s (souvent, c\u2019est un m\u00e9lange des deux).<\/p>\n<p>Initialement, il pourrait y avoir une <strong>carence en nutriments<\/strong> essentiels tels que les min\u00e9raux, vitamines, acides amin\u00e9s et acides gras. Cette d\u00e9pl\u00e9tion oblige votre corps \u00e0 <strong>compenser<\/strong> de diverses mani\u00e8res, se manifestant comme les <strong>premiers signes de maladie<\/strong>.<\/p>\n<p>Deuxi\u00e8mement, <strong>l\u2019accumulation de toxines internes et externes<\/strong> peut perturber votre \u00e9quilibre. Cela inclut un exc\u00e8s d\u2019hormones comme les \u0153strog\u00e8nes ou le cortisol, ou des polluants environnementaux comme les pesticides ou le mercure. \u00c0 mesure que ces toxines s\u2019accumulent, les <strong>sympt\u00f4mes de d\u00e9s\u00e9quilibre<\/strong> deviennent plus \u00e9vidents.<\/p>\n<p>En appliquant la strat\u00e9gie que j\u2019ai d\u00e9crite \u2013 <strong>reconstituer les carences<\/strong> en nutriments et <strong>\u00e9liminer les toxines<\/strong> \u2013 vous prenez des mesures puissantes pour <strong>restaurer l\u2019\u00e9quilibre<\/strong> dans votre corps et votre esprit, vous guidant vers une <strong>sant\u00e9 optimale<\/strong>.[\/vc_column_text][vc_column_text]<\/p>\n<p style=\"text-align: left;\"><strong><span style=\"font-size: 24px;\">Souffrez-vous de ces Sympt\u00f4mes ?<\/span><\/strong><\/p>\n<p>[\/vc_column_text][vc_row_inner et_uniqid=\u00a0\u00bbet_custom_uniqid_659446c29ffe3&Prime;][vc_column_inner width=\u00a0\u00bb1\/3&Prime; et_uniqid=\u00a0\u00bbet_custom_uniqid_659446c2a0062&Prime; _et_uniqid=\u00a0\u00bbet_custom_uniqid_new_6594505cd29fe\u00a0\u00bb][vc_column_text]<\/p>\n<ul class=\"custom-checklist\">\n<li>Gonflement<\/li>\n<li>Gaz<\/li>\n<li>R\u00e9tention d&rsquo;eau<\/li>\n<li>Fluctuation de poids (prise ou perte)<\/li>\n<li>Crampes<\/li>\n<li>\u00c9ruptions cutan\u00e9es<\/li>\n<li>Brouillard c\u00e9r\u00e9bral<\/li>\n<li>Inconfort articulaire<\/li>\n<li>Acn\u00e9<\/li>\n<li>Baisse de niveau d&rsquo;\u00e9nergie<\/li>\n<li>Changements d&rsquo;humeur<\/li>\n<li>Diminution de la libido<\/li>\n<li>Inflammation<\/li>\n<li>Irr\u00e9gularit\u00e9s du syst\u00e8me immunitaire<\/li>\n<li>\u2026et plusieurs autres<\/li>\n<\/ul>\n<p>[\/vc_column_text][\/vc_column_inner][vc_column_inner width=\u00a0\u00bb2\/3&Prime; et_uniqid=\u00a0\u00bbet_custom_uniqid_65db510b70043&Prime; _et_uniqid=\u00a0\u00bbet_custom_uniqid_new_65945056220f8&Prime;][vc_single_image image=\u00a0\u00bb1923&Prime; img_size=\u00a0\u00bbfull\u00a0\u00bb alignment=\u00a0\u00bbcenter\u00a0\u00bb][\/vc_column_inner][\/vc_row_inner][vc_empty_space][\/vc_column][\/vc_row][vc_row et_uniqid=\u00a0\u00bbet_custom_uniqid_6570c0677ee4a\u00a0\u00bb][vc_column width=\u00a0\u00bb2\/3&Prime; et_uniqid=\u00a0\u00bbet_custom_uniqid_6570c0677ee02&Prime; offset=\u00a0\u00bbvc_col-lg-offset-2&Prime; _et_uniqid=\u00a0\u00bbet_custom_uniqid_new_64a82ac44b488&Prime;][vc_column_text]<span style=\"font-size: 24px;\"><strong>De D\u00e9s\u00e9quilibre au Bien-\u00eatre<\/strong><\/span><\/p>\n<p><strong><img loading=\"lazy\" decoding=\"async\" class=\"alignnone wp-image-1084 size-full\" src=\"https:\/\/monacotherapies.com\/wp-content\/uploads\/2023\/12\/gut-brain-axis.jpg\" alt=\"\" width=\"1280\" height=\"918\" srcset=\"https:\/\/monacotherapies.com\/wp-content\/uploads\/2023\/12\/gut-brain-axis.jpg 1280w, https:\/\/monacotherapies.com\/wp-content\/uploads\/2023\/12\/gut-brain-axis-300x215.jpg 300w, https:\/\/monacotherapies.com\/wp-content\/uploads\/2023\/12\/gut-brain-axis-1024x734.jpg 1024w, https:\/\/monacotherapies.com\/wp-content\/uploads\/2023\/12\/gut-brain-axis-768x551.jpg 768w, https:\/\/monacotherapies.com\/wp-content\/uploads\/2023\/12\/gut-brain-axis-1x1.jpg 1w, https:\/\/monacotherapies.com\/wp-content\/uploads\/2023\/12\/gut-brain-axis-10x7.jpg 10w\" sizes=\"auto, (max-width: 1280px) 100vw, 1280px\" \/><\/strong><\/p>\n<p>\u00ab Vous \u00eates ce que vous mangez \u00bb, mais une expression plus pr\u00e9cise serait \u00ab <strong>Vous \u00eates ce que vous absorbez <\/strong>\u00bb<\/p>\n<p>Imaginez consommer uniquement des fruits et l\u00e9gumes de qualit\u00e9 sup\u00e9rieure, locaux, frais et biologiques. Cependant, si vous souffrez de &lsquo;<strong>l&rsquo;intestin perm\u00e9able&rsquo;<\/strong> ou de perm\u00e9abilit\u00e9 intestinale, votre syst\u00e8me digestif peut \u00e9chouer \u00e0 absorber tous ces nutriments b\u00e9n\u00e9fiques, menant potentiellement \u00e0 des carences nutritives malgr\u00e9 votre r\u00e9gime sain.<\/p>\n<p><strong>70% de votre syst\u00e8me immunitaire provient de votre intestin !<\/strong><\/p>\n<p>Dans un grand nombre de probl\u00e8mes de sant\u00e9, en particulier les <strong>maladies auto-immunes<\/strong>, un facteur critique est souvent <strong>l&rsquo;augmentation de la perm\u00e9abilit\u00e9 intestinale<\/strong>. Cette condition, commun\u00e9ment appel\u00e9e intestin perm\u00e9able, a un impact profond sur la sant\u00e9 globale, surtout que l&rsquo;intestin produit pr\u00e8s de <strong>90% de la s\u00e9rotonine du corps<\/strong>. Aborder les probl\u00e8mes de sant\u00e9 intestinale est donc crucial pour votre bien-\u00eatre global.<\/p>\n<p>Les principaux contributeurs \u00e0 l&rsquo;intestin perm\u00e9able incluent le <strong>stress, les antibiotiques, l&rsquo;alcool, les pilules contraceptives, les toxines et les aliments transform\u00e9s<\/strong>. Leur r\u00e9duction peut am\u00e9liorer consid\u00e9rablement la sant\u00e9 intestinale. De plus, des probl\u00e8mes comme la surcroissance de <strong>Candida, les parasites, les d\u00e9s\u00e9quilibres bact\u00e9riens et les sensibilit\u00e9s alimentaires<\/strong> peuvent exacerber les probl\u00e8mes intestinaux mais sont identifiables par des analyses de laboratoire.<\/p>\n<p>En identifiant et en abordant ces causes profondes, nous pouvons travailler \u00e0 r\u00e9\u00e9quilibrer votre intestin, conduisant \u00e0 une am\u00e9lioration de la sant\u00e9 et de l&rsquo;humeur. Cette approche cibl\u00e9e ne concerne pas seulement le soulagement des sympt\u00f4mes ; il s&rsquo;agit de favoriser une sant\u00e9 et une vitalit\u00e9 durables.<\/p>\n<p><span style=\"font-size: 24px;\"><strong>Le Syndrome de l&rsquo;intestin Perm\u00e9able est-il une V\u00e9ritable Condition ?<\/strong><\/span><\/p>\n<p><strong><img loading=\"lazy\" decoding=\"async\" class=\"alignnone wp-image-1082 size-full\" src=\"https:\/\/monacotherapies.com\/wp-content\/uploads\/2023\/12\/leaky-gut.jpg\" alt=\"\" width=\"1280\" height=\"761\" srcset=\"https:\/\/monacotherapies.com\/wp-content\/uploads\/2023\/12\/leaky-gut.jpg 1280w, https:\/\/monacotherapies.com\/wp-content\/uploads\/2023\/12\/leaky-gut-300x178.jpg 300w, https:\/\/monacotherapies.com\/wp-content\/uploads\/2023\/12\/leaky-gut-1024x609.jpg 1024w, https:\/\/monacotherapies.com\/wp-content\/uploads\/2023\/12\/leaky-gut-768x457.jpg 768w, https:\/\/monacotherapies.com\/wp-content\/uploads\/2023\/12\/leaky-gut-1x1.jpg 1w, https:\/\/monacotherapies.com\/wp-content\/uploads\/2023\/12\/leaky-gut-10x6.jpg 10w\" sizes=\"auto, (max-width: 1280px) 100vw, 1280px\" \/><\/strong><\/p>\n<p>Le syndrome de l\u2019intestin perm\u00e9able est une condition grave o\u00f9 des <strong>toxines nocives, des bact\u00e9ries et des agents pathog\u00e8nes<\/strong> infiltrent le sang \u00e0 travers une paroi intestinale compromise. Cette br\u00e8che d\u00e9clenche une <strong>r\u00e9ponse immunitaire<\/strong> et conduit \u00e0 une inflammation syst\u00e9mique, contribuant \u00e0 un spectre de probl\u00e8mes de sant\u00e9.<\/p>\n<p>La paroi intestinale est con\u00e7ue comme une barri\u00e8re solide, mais dans le cas de l\u2019intestin perm\u00e9able, cette barri\u00e8re est affaiblie, permettant \u00e0 des substances ind\u00e9sirables de p\u00e9n\u00e9trer dans le sang. Cela peut causer non seulement des r\u00e9actions imm\u00e9diates, mais aussi une inflammation \u00e0 long terme, conduisant \u00e0 des probl\u00e8mes allant des <strong>ballonnements et des gaz<\/strong> aux <strong>maladies auto-immunes<\/strong>, et m\u00eame \u00e0 des <strong>d\u00e9fis de sant\u00e9 mentale<\/strong> comme la d\u00e9pression et l\u2019anxi\u00e9t\u00e9.<\/p>\n<p>Aborder le syndrome de l\u2019intestin perm\u00e9able est plus qu\u2019un probl\u00e8me digestif ; c\u2019est une \u00e9tape cruciale pour votre <strong>sant\u00e9 et votre bien-\u00eatre globaux<\/strong>. Reconna\u00eetre et soigner l\u2019intestin perm\u00e9able peut emp\u00eacher ces intrusions, r\u00e9duire l\u2019inflammation et am\u00e9liorer la capacit\u00e9 de gu\u00e9rison de votre corps. Cette attitude proactive est la cl\u00e9 pour pr\u00e9venir des complications de sant\u00e9 plus graves et assurer une sant\u00e9 \u00e0 long terme.[\/vc_column_text][\/vc_column][\/vc_row]<\/p>\n<\/div>","protected":false},"excerpt":{"rendered":"<p>[vc_row et_uniqid=\u00a0\u00bbet_custom_uniqid_6570c0677ee4a\u00a0\u00bb][vc_column width=\u00a0\u00bb5\/6&Prime; et_uniqid=\u00a0\u00bbet_custom_uniqid_6570c0677ee02&Prime; offset=\u00a0\u00bbvc_col-lg-offset-1&Prime; _et_uniqid=\u00a0\u00bbet_custom_uniqid_new_64a82d50043d2&Prime;][vc_column_text] Sant\u00e9 Intestinale et Digestive Un Intestin Heureux, une Vie Heureuse : Le Chemin vers la F\u00e9licit\u00e9 Digestive [\/vc_column_text][\/vc_column][\/vc_row][vc_row et_uniqid=\u00a0\u00bbet_custom_uniqid_6570c0677ee4a\u00a0\u00bb][vc_column&#8230;<\/p>\n","protected":false},"author":1,"featured_media":0,"parent":0,"menu_order":0,"comment_status":"closed","ping_status":"closed","template":"","meta":{"footnotes":""},"class_list":["post-1602","page","type-page","status-publish","hentry"],"_links":{"self":[{"href":"https:\/\/monacotherapies.com\/fr\/wp-json\/wp\/v2\/pages\/1602","targetHints":{"allow":["GET"]}}],"collection":[{"href":"https:\/\/monacotherapies.com\/fr\/wp-json\/wp\/v2\/pages"}],"about":[{"href":"https:\/\/monacotherapies.com\/fr\/wp-json\/wp\/v2\/types\/page"}],"author":[{"embeddable":true,"href":"https:\/\/monacotherapies.com\/fr\/wp-json\/wp\/v2\/users\/1"}],"replies":[{"embeddable":true,"href":"https:\/\/monacotherapies.com\/fr\/wp-json\/wp\/v2\/comments?post=1602"}],"version-history":[{"count":7,"href":"https:\/\/monacotherapies.com\/fr\/wp-json\/wp\/v2\/pages\/1602\/revisions"}],"predecessor-version":[{"id":1937,"href":"https:\/\/monacotherapies.com\/fr\/wp-json\/wp\/v2\/pages\/1602\/revisions\/1937"}],"wp:attachment":[{"href":"https:\/\/monacotherapies.com\/fr\/wp-json\/wp\/v2\/media?parent=1602"}],"curies":[{"name":"wp","href":"https:\/\/api.w.org\/{rel}","templated":true}]}}