{"id":1596,"date":"2023-12-06T21:04:59","date_gmt":"2023-12-06T21:04:59","guid":{"rendered":"https:\/\/monacotherapies.com\/?page_id=1596"},"modified":"2024-01-22T17:46:00","modified_gmt":"2024-01-22T17:46:00","slug":"longevite-et-vieillissement","status":"publish","type":"page","link":"https:\/\/monacotherapies.com\/fr\/longevite-et-vieillissement\/","title":{"rendered":"Long\u00e9vit\u00e9 et Anti-\u00e2ge"},"content":{"rendered":"<div class=\"wpb-content-wrapper\"><p>[vc_row et_uniqid=\u00a0\u00bbet_custom_uniqid_6570c0677ee4a\u00a0\u00bb][vc_column width=\u00a0\u00bb5\/6&Prime; et_uniqid=\u00a0\u00bbet_custom_uniqid_6570c0677ee02&Prime; offset=\u00a0\u00bbvc_col-lg-offset-1&Prime; _et_uniqid=\u00a0\u00bbet_custom_uniqid_new_64a82d50043d2&Prime;][vc_column_text]<\/p>\n<h1 style=\"text-align: center;\">Long\u00e9vit\u00e9 et Anti-\u00e2ge<\/h1>\n<p style=\"text-align: center;\">Remonter le Temps : Embrasser un Demain Jeune<\/p>\n<p>[\/vc_column_text][\/vc_column][\/vc_row][vc_row et_uniqid=\u00a0\u00bbet_custom_uniqid_6570c0677ee4a\u00a0\u00bb][vc_column width=\u00a0\u00bb5\/6&Prime; et_uniqid=\u00a0\u00bbet_custom_uniqid_6570c0677ee02&Prime; offset=\u00a0\u00bbvc_col-lg-offset-1&Prime; _et_uniqid=\u00a0\u00bbet_custom_uniqid_new_64a82d50043d2&Prime;][vc_single_image image=\u00a0\u00bb1331&Prime; img_size=\u00a0\u00bbfull\u00a0\u00bb alignment=\u00a0\u00bbcenter\u00a0\u00bb][\/vc_column][\/vc_row][vc_row et_uniqid=\u00a0\u00bbet_custom_uniqid_6570c0677ee4a\u00a0\u00bb][vc_column width=\u00a0\u00bb5\/6&Prime; et_uniqid=\u00a0\u00bbet_custom_uniqid_6570c0677ee02&Prime; offset=\u00a0\u00bbvc_col-lg-offset-1&Prime; _et_uniqid=\u00a0\u00bbet_custom_uniqid_new_64a82d50043d2&Prime;][vc_separator color=\u00a0\u00bbblack\u00a0\u00bb][\/vc_column][\/vc_row][vc_row et_uniqid=\u00a0\u00bbet_custom_uniqid_6570c0677ee4a\u00a0\u00bb][vc_column width=\u00a0\u00bb5\/6&Prime; et_uniqid=\u00a0\u00bbet_custom_uniqid_6570c0677ee02&Prime; offset=\u00a0\u00bbvc_col-lg-offset-1&Prime; _et_uniqid=\u00a0\u00bbet_custom_uniqid_new_64a82da235dfa\u00a0\u00bb][vc_column_text]<em><span style=\"font-size: 22px;\">La v\u00e9ritable fontaine de jouvence ? Spoiler : elle n&rsquo;est pas dans un flacon de soin de la peau sophistiqu\u00e9, mais plut\u00f4t dans la magie qui se produit \u00e0 l&rsquo;int\u00e9rieur de nos corps ! Le v\u00e9ritable secret anti-\u00e2ge est une approche de l&rsquo;int\u00e9rieur vers l&rsquo;ext\u00e9rieur. Imaginez ceci : peu importe le nombre de cr\u00e8mes, s\u00e9rums ou traitements cosm\u00e9tiques que vous appliquez sur votre peau, ils ne sont qu&rsquo;une solution temporaire si vous ne traitez pas l&rsquo;essence de la beaut\u00e9 de l&rsquo;int\u00e9rieur.<\/span><\/em>[\/vc_column_text][\/vc_column][\/vc_row][vc_row et_uniqid=\u00a0\u00bbet_custom_uniqid_6570c0677ee4a\u00a0\u00bb][vc_column width=\u00a0\u00bb5\/6&Prime; et_uniqid=\u00a0\u00bbet_custom_uniqid_6570c0677ee02&Prime; offset=\u00a0\u00bbvc_col-lg-offset-1&Prime; _et_uniqid=\u00a0\u00bbet_custom_uniqid_new_64a82d50043d2&Prime;][vc_separator color=\u00a0\u00bbblack\u00a0\u00bb][\/vc_column][\/vc_row][vc_row et_uniqid=\u00a0\u00bbet_custom_uniqid_6570c0677ee4a\u00a0\u00bb][vc_column width=\u00a0\u00bb2\/3&Prime; et_uniqid=\u00a0\u00bbet_custom_uniqid_6570c0677ee02&Prime; offset=\u00a0\u00bbvc_col-lg-offset-2&Prime; _et_uniqid=\u00a0\u00bbet_custom_uniqid_new_64a82ac44b488&Prime;][vc_column_text]Autrefois, comme tant d&rsquo;autres, j&rsquo;\u00e9tais en qu\u00eate de ce produit de soin de la peau insaisissable et d\u00e9fiant l&rsquo;\u00e2ge. Pourtant, j&rsquo;ai d\u00e9couvert quelque chose de bien plus excitant : <strong>la jeunesse durable commence avec ce que nous donnons \u00e0 nos corps et comment nous animons notre vie<\/strong>. Pensez \u00e0 des aliments vibrants riches en nutriments, un mode de vie actif, et un soup\u00e7on de passion pour la vie ! Ce combo dynamique est votre billet pour non seulement para\u00eetre, mais aussi vous <strong>sentir fabuleux<\/strong>. Embrassez cet esprit vivant et laissez votre jeunesse int\u00e9rieure rayonner, faisant de ces traitements cosm\u00e9tiques juste la cerise sur le g\u00e2teau de votre moi d\u00e9j\u00e0 \u00e9clatant !<\/p>\n<p>Si vous \u00eates impatient de conna\u00eetre mes astuces et conseils personnels de fontaine de jouvence, je suis plus qu&rsquo;excit\u00e9 de tout d\u00e9voiler et de vous guider dans ce voyage de jeunesse !<\/p>\n<p><strong>Plongeons ensemble dans les secrets et gardons cette \u00e9tincelle de jeunesse brillante.<\/strong>[\/vc_column_text][vc_column_text]<span style=\"font-size: 24px;\"><strong>D\u00e9tox et Je\u00fbne<\/strong><\/span><\/p>\n<p><img loading=\"lazy\" decoding=\"async\" class=\"alignnone wp-image-1069 size-full\" src=\"https:\/\/monacotherapies.com\/wp-content\/uploads\/2023\/12\/detox.jpg\" alt=\"\" width=\"1280\" height=\"713\" srcset=\"https:\/\/monacotherapies.com\/wp-content\/uploads\/2023\/12\/detox.jpg 1280w, https:\/\/monacotherapies.com\/wp-content\/uploads\/2023\/12\/detox-300x167.jpg 300w, https:\/\/monacotherapies.com\/wp-content\/uploads\/2023\/12\/detox-1024x570.jpg 1024w, https:\/\/monacotherapies.com\/wp-content\/uploads\/2023\/12\/detox-768x428.jpg 768w, https:\/\/monacotherapies.com\/wp-content\/uploads\/2023\/12\/detox-1x1.jpg 1w, https:\/\/monacotherapies.com\/wp-content\/uploads\/2023\/12\/detox-10x6.jpg 10w\" sizes=\"auto, (max-width: 1280px) 100vw, 1280px\" \/><\/p>\n<p>Les d\u00e9tox saisonni\u00e8res et le je\u00fbne ne sont pas seulement des tendances modernes du bien-\u00eatre ; ce sont des pratiques anciennes profond\u00e9ment enracin\u00e9es dans les traditions m\u00e9dicinales mondiales, servant de pierre angulaire pour atteindre un \u00e9tat plus jeune et plus dynamique. Ces rituels sont parmi les pratiques les plus proches que nous ayons d&rsquo;une v\u00e9ritable <strong>fontaine de jouvence<\/strong>. Scientifiquement, le je\u00fbne et la d\u00e9toxification sont des outils puissants pour la <strong>revitalisation du corps<\/strong>. Pendant le je\u00fbne, le corps entre dans un \u00e9tat d&rsquo;autophagie, o\u00f9 les cellules commencent un processus d&rsquo;auto-nettoyage, \u00e9liminant les composants endommag\u00e9s et faisant place \u00e0 de nouveaux, plus sains. Cette d\u00e9tox cellulaire peut conduire \u00e0 des avantages tangibles comme la <strong>perte de poids toxique<\/strong>, une <strong>clart\u00e9 mentale<\/strong> accrue et un <strong>nettoyage g\u00e9n\u00e9ral du corps<\/strong>.<\/p>\n<p>De plus, ces pratiques soutiennent la fonction h\u00e9patique, un organe cl\u00e9 dans la d\u00e9toxification, l&rsquo;aidant \u00e0 traiter et \u00e9liminer efficacement les toxines. En s&rsquo;engageant p\u00e9riodiquement dans ces rituels de d\u00e9tox, nous imitons les cycles naturels de nettoyage trouv\u00e9s dans la nature, alignant nos corps avec un rythme qui favorise la <strong>sant\u00e9 optimale et la long\u00e9vit\u00e9<\/strong>. Cette approche holistique d\u00e9toxifie non seulement le corps mais r\u00e9initialise \u00e9galement notre syst\u00e8me, contribuant \u00e0 un profond sentiment de bien-\u00eatre et de jeunesse qui est \u00e0 la fois ressenti et visible.[\/vc_column_text][vc_column_text]<span style=\"font-size: 24px;\"><strong>Lancez Votre Voyage vers une Vie Jeune<\/strong><\/span><\/p>\n<p><img loading=\"lazy\" decoding=\"async\" class=\"alignnone wp-image-1319 size-full\" src=\"https:\/\/monacotherapies.com\/wp-content\/uploads\/2024\/01\/vegetables.jpg\" alt=\"\" width=\"1280\" height=\"503\" srcset=\"https:\/\/monacotherapies.com\/wp-content\/uploads\/2024\/01\/vegetables.jpg 1280w, https:\/\/monacotherapies.com\/wp-content\/uploads\/2024\/01\/vegetables-300x118.jpg 300w, https:\/\/monacotherapies.com\/wp-content\/uploads\/2024\/01\/vegetables-1024x402.jpg 1024w, https:\/\/monacotherapies.com\/wp-content\/uploads\/2024\/01\/vegetables-768x302.jpg 768w, https:\/\/monacotherapies.com\/wp-content\/uploads\/2024\/01\/vegetables-1x1.jpg 1w, https:\/\/monacotherapies.com\/wp-content\/uploads\/2024\/01\/vegetables-10x4.jpg 10w\" sizes=\"auto, (max-width: 1280px) 100vw, 1280px\" \/><\/p>\n<p>Pr\u00eat \u00e0 d\u00e9voiler les secrets de la jeunesse \u00e9ternelle ? Cela commence avec notre <strong>protocole de d\u00e9toxification<\/strong> transformateur &#8211; un simple amuse-bouche dans le banquet de l&rsquo;anti-\u00e2ge ! Cette d\u00e9tox, riche en nutriments, revitalise votre foie, la superstar de la d\u00e9tox de votre corps. Mais attendez, il y a bien plus dans ce voyage. Nous parlons d&rsquo;une refonte du mode de vie qui saupoudre la magie de la jeunesse dans chaque aspect de votre vie. Imaginez une vie o\u00f9 des <strong>r\u00e9gimes riches en nutriments, des entra\u00eenements dynamisants, un sommeil bienheureux et une gestion du stress zen <\/strong>ne sont pas juste des objectifs, mais votre r\u00e9alit\u00e9.<\/p>\n<p>En tant que votre guide personnel, je vous d\u00e9voilerai un monde o\u00f9 l&rsquo;anti-\u00e2ge n&rsquo;est pas un mythe mais une exp\u00e9rience tangible. Ensemble, nous embrasserons de <strong>d\u00e9licieux aliments anti-\u00e2ge, des routines d&rsquo;exercice revigorantes et des pratiques de sommeil restauratrices<\/strong>, tout en apprenant \u00e0 danser gracieusement avec les stress de la vie. Imaginez-vous rayonnant d&rsquo;\u00e9nergie et de jeunesse, attirant les regards non seulement pour votre apparence mais pour la vitalit\u00e9 que vous d\u00e9gagez. Ce n&rsquo;est pas juste un programme ; c&rsquo;est votre passeport pour une vie o\u00f9 chaque jour est un pas vers le fait de se sentir plus vivant et jeune. \u00cates-vous pr\u00eat \u00e0 \u00e9tinceler de jeunesse ? Embarquons ensemble dans cette aventure exaltante !<\/p>\n<p><img loading=\"lazy\" decoding=\"async\" class=\"alignnone wp-image-1107 size-full\" src=\"https:\/\/monacotherapies.com\/wp-content\/uploads\/2023\/12\/detox-diet.jpg\" alt=\"\" width=\"1280\" height=\"717\" srcset=\"https:\/\/monacotherapies.com\/wp-content\/uploads\/2023\/12\/detox-diet.jpg 1280w, https:\/\/monacotherapies.com\/wp-content\/uploads\/2023\/12\/detox-diet-300x168.jpg 300w, https:\/\/monacotherapies.com\/wp-content\/uploads\/2023\/12\/detox-diet-1024x574.jpg 1024w, https:\/\/monacotherapies.com\/wp-content\/uploads\/2023\/12\/detox-diet-768x430.jpg 768w, https:\/\/monacotherapies.com\/wp-content\/uploads\/2023\/12\/detox-diet-1x1.jpg 1w, https:\/\/monacotherapies.com\/wp-content\/uploads\/2023\/12\/detox-diet-10x6.jpg 10w\" sizes=\"auto, (max-width: 1280px) 100vw, 1280px\" \/>[\/vc_column_text][\/vc_column][\/vc_row]<\/p>\n<\/div>","protected":false},"excerpt":{"rendered":"<p>[vc_row et_uniqid=\u00a0\u00bbet_custom_uniqid_6570c0677ee4a\u00a0\u00bb][vc_column width=\u00a0\u00bb5\/6&Prime; et_uniqid=\u00a0\u00bbet_custom_uniqid_6570c0677ee02&Prime; offset=\u00a0\u00bbvc_col-lg-offset-1&Prime; _et_uniqid=\u00a0\u00bbet_custom_uniqid_new_64a82d50043d2&Prime;][vc_column_text] Long\u00e9vit\u00e9 et Anti-\u00e2ge Remonter le Temps : Embrasser un Demain Jeune [\/vc_column_text][\/vc_column][\/vc_row][vc_row et_uniqid=\u00a0\u00bbet_custom_uniqid_6570c0677ee4a\u00a0\u00bb][vc_column width=\u00a0\u00bb5\/6&Prime; et_uniqid=\u00a0\u00bbet_custom_uniqid_6570c0677ee02&Prime; offset=\u00a0\u00bbvc_col-lg-offset-1&Prime; _et_uniqid=\u00a0\u00bbet_custom_uniqid_new_64a82d50043d2&Prime;][vc_single_image image=\u00a0\u00bb1331&Prime; img_size=\u00a0\u00bbfull\u00a0\u00bb&#8230;<\/p>\n","protected":false},"author":1,"featured_media":0,"parent":0,"menu_order":0,"comment_status":"closed","ping_status":"closed","template":"","meta":{"footnotes":""},"class_list":["post-1596","page","type-page","status-publish","hentry"],"_links":{"self":[{"href":"https:\/\/monacotherapies.com\/fr\/wp-json\/wp\/v2\/pages\/1596","targetHints":{"allow":["GET"]}}],"collection":[{"href":"https:\/\/monacotherapies.com\/fr\/wp-json\/wp\/v2\/pages"}],"about":[{"href":"https:\/\/monacotherapies.com\/fr\/wp-json\/wp\/v2\/types\/page"}],"author":[{"embeddable":true,"href":"https:\/\/monacotherapies.com\/fr\/wp-json\/wp\/v2\/users\/1"}],"replies":[{"embeddable":true,"href":"https:\/\/monacotherapies.com\/fr\/wp-json\/wp\/v2\/comments?post=1596"}],"version-history":[{"count":5,"href":"https:\/\/monacotherapies.com\/fr\/wp-json\/wp\/v2\/pages\/1596\/revisions"}],"predecessor-version":[{"id":1600,"href":"https:\/\/monacotherapies.com\/fr\/wp-json\/wp\/v2\/pages\/1596\/revisions\/1600"}],"wp:attachment":[{"href":"https:\/\/monacotherapies.com\/fr\/wp-json\/wp\/v2\/media?parent=1596"}],"curies":[{"name":"wp","href":"https:\/\/api.w.org\/{rel}","templated":true}]}}