{"id":1589,"date":"2023-12-04T20:45:13","date_gmt":"2023-12-04T20:45:13","guid":{"rendered":"https:\/\/monacotherapies.com\/?page_id=1589"},"modified":"2024-02-25T16:46:55","modified_gmt":"2024-02-25T16:46:55","slug":"coaching-personnel","status":"publish","type":"page","link":"https:\/\/monacotherapies.com\/fr\/coaching-personnel\/","title":{"rendered":"Coaching Personnel"},"content":{"rendered":"<div class=\"wpb-content-wrapper\"><p>[vc_row et_uniqid=\u00a0\u00bbet_custom_uniqid_6570c0677ee4a\u00a0\u00bb][vc_column width=\u00a0\u00bb5\/6&Prime; et_uniqid=\u00a0\u00bbet_custom_uniqid_6570c0677ee02&Prime; offset=\u00a0\u00bbvc_col-lg-offset-1&Prime; _et_uniqid=\u00a0\u00bbet_custom_uniqid_new_64a82d50043d2&Prime;][vc_column_text]<\/p>\n<h1 style=\"text-align: center;\">Coaching Personnel<\/h1>\n<p style=\"text-align: center;\"><strong>Recommandations personnalis\u00e9es pour vos probl\u00e8mes de sant\u00e9 individuels<\/strong><\/p>\n<p>[\/vc_column_text][\/vc_column][\/vc_row][vc_row et_uniqid=\u00a0\u00bbet_custom_uniqid_6570c0677ee4a\u00a0\u00bb][vc_column width=\u00a0\u00bb5\/6&Prime; et_uniqid=\u00a0\u00bbet_custom_uniqid_6570c0677ee02&Prime; offset=\u00a0\u00bbvc_col-lg-offset-1&Prime; _et_uniqid=\u00a0\u00bbet_custom_uniqid_new_64a82d50043d2&Prime;][vc_single_image image=\u00a0\u00bb1056&Prime; img_size=\u00a0\u00bbfull\u00a0\u00bb alignment=\u00a0\u00bbcenter\u00a0\u00bb][\/vc_column][\/vc_row][vc_row et_uniqid=\u00a0\u00bbet_custom_uniqid_6570c0677ee4a\u00a0\u00bb][vc_column width=\u00a0\u00bb5\/6&Prime; et_uniqid=\u00a0\u00bbet_custom_uniqid_6570c0677ee02&Prime; offset=\u00a0\u00bbvc_col-lg-offset-1&Prime; _et_uniqid=\u00a0\u00bbet_custom_uniqid_new_64a82d50043d2&Prime;][vc_separator color=\u00a0\u00bbblack\u00a0\u00bb][\/vc_column][\/vc_row][vc_row et_uniqid=\u00a0\u00bbet_custom_uniqid_6570c0677ee4a\u00a0\u00bb][vc_column width=\u00a0\u00bb5\/6&Prime; et_uniqid=\u00a0\u00bbet_custom_uniqid_6570c0677ee02&Prime; offset=\u00a0\u00bbvc_col-lg-offset-1&Prime; _et_uniqid=\u00a0\u00bbet_custom_uniqid_new_64a82da235dfa\u00a0\u00bb][vc_column_text]<em><span style=\"font-size: 22px;\">Entrez dans le monde du coaching personnel en sant\u00e9, o\u00f9 votre parcours de bien-\u00eatre b\u00e9n\u00e9ficie d&rsquo;une personnalisation sur mesure. C&rsquo;est comme avoir un m\u00e9lange de diff\u00e9rentes disciplines de sant\u00e9 en une seule, d\u00e9di\u00e9es \u00e0 la cr\u00e9ation d&rsquo;un plan de sant\u00e9 aussi unique que vous. Cette approche est ax\u00e9e sur des strat\u00e9gies amusantes et sur mesure qui rendent l&rsquo;atteinte des objectifs de sant\u00e9 non seulement r\u00e9alisable, mais aussi excitante. Embrassez un parcours rempli de conseils personnalis\u00e9s et d&rsquo;encouragements \u00e0 chaque \u00e9tape importante.<\/span><\/em>[\/vc_column_text][\/vc_column][\/vc_row][vc_row et_uniqid=\u00a0\u00bbet_custom_uniqid_6570c0677ee4a\u00a0\u00bb][vc_column width=\u00a0\u00bb5\/6&Prime; et_uniqid=\u00a0\u00bbet_custom_uniqid_6570c0677ee02&Prime; offset=\u00a0\u00bbvc_col-lg-offset-1&Prime; _et_uniqid=\u00a0\u00bbet_custom_uniqid_new_64a82d50043d2&Prime;][vc_separator color=\u00a0\u00bbblack\u00a0\u00bb][\/vc_column][\/vc_row][vc_row et_uniqid=\u00a0\u00bbet_custom_uniqid_6570c0677ee4a\u00a0\u00bb][vc_column width=\u00a0\u00bb2\/3&Prime; et_uniqid=\u00a0\u00bbet_custom_uniqid_6570c0677ee02&Prime; offset=\u00a0\u00bbvc_col-lg-offset-2&Prime; _et_uniqid=\u00a0\u00bbet_custom_uniqid_new_64a82ac44b488&Prime;][vc_column_text]<\/p>\n<h1><span style=\"font-size: 24px;\"><strong>Pourquoi Travailler Avec Moi ? <\/strong><\/span><\/h1>\n<p>Imaginez un voyage qui ne consiste pas seulement \u00e0 ajouter des ann\u00e9es \u00e0 votre vie, mais \u00e0 infuser chaque instant de <strong>qualit\u00e9<\/strong>, <strong>d&rsquo;\u00e9nergie<\/strong> et de cette <strong>\u00e9tincelle sp\u00e9ciale<\/strong> qui fait de vous un \u00eatre unique. Bienvenue dans un monde o\u00f9 la vie n&rsquo;est pas mesur\u00e9e par le nombre de respirations que nous prenons, mais par les moments qui nous coupent le souffle.<\/p>\n<p>C&rsquo;est ce que j&rsquo;offre avec passion &#8211; une voie vers votre <strong>meilleure vie<\/strong>, adapt\u00e9e \u00e0 votre m\u00e9lange individuel de <strong>joie<\/strong>, de <strong>sant\u00e9<\/strong> et <strong>d&rsquo;indulgences d\u00e9licieuses<\/strong> occasionnelles.<\/p>\n<p>En tant que votre coach enthousiaste et praticien en sant\u00e9 int\u00e9grative, je suis l\u00e0 pour m\u00e9langer la science de rester en forme avec l&rsquo;art de savourer la vie. Ensemble, nous trouverons ce point d&rsquo;\u00e9quilibre o\u00f9 une <strong>bonne sant\u00e9<\/strong> et de <strong>bons moments<\/strong> coexistent. Il s&rsquo;agit de cr\u00e9er un mode de vie o\u00f9 vous \u00eates en <strong>pleine forme<\/strong>, mais o\u00f9 il y a toujours de la place pour ces petites joies qui rendent la vie digne d&rsquo;\u00eatre v\u00e9cue. Si vous ne luttez pas contre une grave condition de sant\u00e9 (que nous aborderons avec la plus grande priorit\u00e9), mon style de coaching de sant\u00e9 consiste \u00e0 <strong>c\u00e9l\u00e9brer les plaisirs de la vie<\/strong>.<\/p>\n<p>\u00cates-vous pr\u00eat \u00e0 plonger dans une vie o\u00f9 la sant\u00e9 rencontre le bonheur et o\u00f9 chaque jour est une <strong>aventure<\/strong>, remplie de joie et d&rsquo;indulgences personnalis\u00e9es ? Embarquons dans ce voyage exaltant o\u00f9 le but n&rsquo;est pas seulement de vivre, mais de vivre avec <strong>panache<\/strong> et <strong>fabulosit\u00e9<\/strong> ![\/vc_column_text][\/vc_column][\/vc_row][vc_row _et_uniqid=\u00a0\u00bbet_custom_uniqid_new_658f4813dff5f\u00a0\u00bb][vc_column _et_uniqid=\u00a0\u00bbet_custom_uniqid_new_658f400b84c07&Prime;][vc_empty_space][vc_column_text]<\/p>\n<h1 style=\"text-align: center;\"><span style=\"font-size: 24px;\">Recommandations Personnalis\u00e9es pour vos Probl\u00e8mes de Sant\u00e9 Individuels<\/span><\/h1>\n<p>[\/vc_column_text][\/vc_column][\/vc_row][vc_row _et_uniqid=\u00a0\u00bbet_custom_uniqid_new_658f407866aec\u00a0\u00bb][vc_column width=\u00a0\u00bb1\/4&Prime; _et_uniqid=\u00a0\u00bbet_custom_uniqid_new_658f4036d7d27&Prime;][vc_single_image image=\u00a0\u00bb1270&Prime; img_size=\u00a0\u00bbfull\u00a0\u00bb alignment=\u00a0\u00bbcenter\u00a0\u00bb][vc_column_text]<\/p>\n<p style=\"text-align: center;\">\u00c9valuation des objectifs personnels de sant\u00e9 et de bien-\u00eatre<\/p>\n<p>[\/vc_column_text][\/vc_column][vc_column width=\u00a0\u00bb1\/4&Prime;][vc_single_image image=\u00a0\u00bb1325&Prime; img_size=\u00a0\u00bbfull\u00a0\u00bb alignment=\u00a0\u00bbcenter\u00a0\u00bb][vc_column_text]<\/p>\n<p style=\"text-align: center;\">Analyse de l&rsquo;EPI, de la Bior\u00e9sonance et des analyses de laboratoire (si n\u00e9cessaire)<\/p>\n<p>[\/vc_column_text][\/vc_column][vc_column width=\u00a0\u00bb1\/4&Prime;][vc_single_image image=\u00a0\u00bb1326&Prime; img_size=\u00a0\u00bbfull\u00a0\u00bb alignment=\u00a0\u00bbcenter\u00a0\u00bb][vc_column_text]<\/p>\n<p style=\"text-align: center;\">Recommandations en mati\u00e8re de nutrition, suppl\u00e9ments, d\u00e9tox et mode de vie<\/p>\n<p>[\/vc_column_text][\/vc_column][vc_column width=\u00a0\u00bb1\/4&Prime;][vc_single_image image=\u00a0\u00bb1275&Prime; img_size=\u00a0\u00bbfull\u00a0\u00bb alignment=\u00a0\u00bbcenter\u00a0\u00bb][vc_column_text]<\/p>\n<p style=\"text-align: center;\">S\u00e9ances de suivi individuelles pendant la dur\u00e9e du programme choisi<\/p>\n<p>[\/vc_column_text][\/vc_column][\/vc_row][vc_row _et_uniqid=\u00a0\u00bbet_custom_uniqid_new_658f4808801fa\u00a0\u00bb][vc_column _et_uniqid=\u00a0\u00bbet_custom_uniqid_new_658f400b84c07&Prime;][vc_empty_space][\/vc_column][\/vc_row][vc_row full_width=\u00a0\u00bbstretch_row_content_no_spaces\u00a0\u00bb bg_type=\u00a0\u00bbimage\u00a0\u00bb parallax_style=\u00a0\u00bbvcpb-default\u00a0\u00bb bg_image_new=\u00a0\u00bbid^1141|url^https:\/\/monacotherapies.com\/wp-content\/uploads\/2023\/12\/bgcoaching.jpg|caption^null|alt^null|title^bgcoaching|description^null\u00a0\u00bb bg_image_repeat=\u00a0\u00bbno-repeat\u00a0\u00bb bg_img_attach=\u00a0\u00bbfixed\u00a0\u00bb _et_uniqid=\u00a0\u00bbet_custom_uniqid_new_658f36815b25b\u00a0\u00bb css=\u00a0\u00bb.vc_custom_1703884437329{background-color: #ffffff !important;}\u00a0\u00bb][vc_column _et_uniqid=\u00a0\u00bbet_custom_uniqid_new_65a0f58bafbcf\u00a0\u00bb offset=\u00a0\u00bbvc_col-lg-offset-0&Prime;][vc_empty_space][vc_column_text]<\/p>\n<p style=\"text-align: center;\"><span style=\"color: #ffffff;\"><strong><span style=\"font-size: 24px;\">Comment Puis-je Aider ?<\/span><\/strong><\/span><\/p>\n<p>[\/vc_column_text][vc_row_inner][vc_column_inner width=\u00a0\u00bb1\/3&Prime; offset=\u00a0\u00bbvc_col-lg-offset-2&Prime; _et_uniqid=\u00a0\u00bbet_custom_uniqid_new_65a0f5f168155&Prime; css=\u00a0\u00bb.vc_custom_1705047553794{padding-right: 20px !important;}\u00a0\u00bb][vc_column_text]<\/p>\n<ul class=\"custom-checklist\">\n<li><span style=\"color: #ffffff;\">Choisir des aliments qui apportent des nutriments \u00e0 votre corps<\/span><\/li>\n<li><span style=\"color: #ffffff;\">Incorporer des suppl\u00e9ments pour pallier d&rsquo;\u00e9ventuelles carences nutritionnelles<\/span><\/li>\n<li><span style=\"color: #ffffff;\">Cultiver un espace de vie \u00e0 faible toxicit\u00e9<\/span><\/li>\n<li><span style=\"color: #ffffff;\">\u00c9tablir une routine de sommeil constante et b\u00e9n\u00e9fique<\/span><\/li>\n<\/ul>\n<p>[\/vc_column_text][\/vc_column_inner][vc_column_inner width=\u00a0\u00bb1\/2&Prime; _et_uniqid=\u00a0\u00bbet_custom_uniqid_new_65a0f5d258973&Prime;][vc_column_text]<\/p>\n<ul class=\"custom-checklist\">\n<li><span style=\"color: #ffffff;\">Entretenir des relations positives qui soutiennent votre bien-\u00eatre mental et \u00e9motionnel<\/span><\/li>\n<li><span style=\"color: #ffffff;\">D\u00e9velopper des routines et des habitudes quotidiennes agr\u00e9ables qui vous dynamisent<br \/>\npour la journ\u00e9e \u00e0 venir<\/span><\/li>\n<li><span style=\"color: #ffffff;\">Apprendre de nouvelles strat\u00e9gies pour faire face ou \u00e9liminer le stress<\/span><\/li>\n<li><span style=\"color: #ffffff;\">Pratiquer une activit\u00e9 physique adapt\u00e9e aux besoins de votre corps<\/span><\/li>\n<\/ul>\n<p>[\/vc_column_text][\/vc_column_inner][\/vc_row_inner][vc_empty_space height=\u00a0\u00bb42px\u00a0\u00bb][\/vc_column][\/vc_row][vc_row][vc_column width=\u00a0\u00bb2\/3&Prime; offset=\u00a0\u00bbvc_col-lg-offset-2&Prime; _et_uniqid=\u00a0\u00bbet_custom_uniqid_new_6570db2a9b942&Prime;][vc_column_text]<span style=\"font-size: 24px;\"><strong>Embrassez Votre Parcours de Sant\u00e9 Unique<\/strong><\/span><\/p>\n<p><img loading=\"lazy\" decoding=\"async\" class=\"alignnone wp-image-1285 size-full\" src=\"https:\/\/monacotherapies.com\/wp-content\/uploads\/2024\/01\/people.jpg\" alt=\"\" width=\"1280\" height=\"728\" srcset=\"https:\/\/monacotherapies.com\/wp-content\/uploads\/2024\/01\/people.jpg 1280w, https:\/\/monacotherapies.com\/wp-content\/uploads\/2024\/01\/people-300x171.jpg 300w, https:\/\/monacotherapies.com\/wp-content\/uploads\/2024\/01\/people-1024x582.jpg 1024w, https:\/\/monacotherapies.com\/wp-content\/uploads\/2024\/01\/people-768x437.jpg 768w, https:\/\/monacotherapies.com\/wp-content\/uploads\/2024\/01\/people-1x1.jpg 1w, https:\/\/monacotherapies.com\/wp-content\/uploads\/2024\/01\/people-10x6.jpg 10w\" sizes=\"auto, (max-width: 1280px) 100vw, 1280px\" \/><\/p>\n<p>Vous sentez-vous parfois comme un myst\u00e8re \u00e0 \u00e9lucider ? C&rsquo;est ainsi que je per\u00e7ois chacun de mes clients dans leur parcours de sant\u00e9. Vous n&rsquo;\u00eates pas juste un num\u00e9ro ; vous \u00eates une histoire vibrante, une toile unique de la vie. En tant que votre guide et praticien en sant\u00e9 int\u00e9grative, je plonge dans les nuances qui vous rendent sp\u00e9cial. Consid\u00e9rez votre corps comme un orchestre l\u00e9g\u00e8rement d\u00e9saccord\u00e9 \u2013 mon r\u00f4le est de le r\u00e9accorder en <strong>harmonie<\/strong>. Que ce soient les allergies sournoises d\u00e9clench\u00e9es par la floraison du printemps, la moisissure cach\u00e9e dans votre maison, ou m\u00eame des d\u00e9fis invisibles comme les sensibilit\u00e9s alimentaires et les m\u00e9taux lourds, je suis l\u00e0 pour les d\u00e9voiler tous.<\/p>\n<p>Naviguer dans la sant\u00e9, c&rsquo;est comme r\u00e9soudre un puzzle, et je suis l\u00e0 pour assembler ces pi\u00e8ces avec vous. Ce voyage est loin d&rsquo;\u00eatre un chemin g\u00e9n\u00e9rique ; c&rsquo;est une aventure sur mesure, particuli\u00e8rement cruciale pour ceux qui luttent contre des <strong>conditions chroniques <\/strong>ou qui se battent contre ces <strong>sympt\u00f4mes &lsquo;inexpliqu\u00e9s&rsquo;<\/strong> aga\u00e7ants. Ensemble, nous explorerons chaque recoin de votre sant\u00e9, de votre fonctionnement interne aux facteurs environnementaux qui vous impactent.<\/p>\n<p>Commen\u00e7ons cette exploration passionnante, o\u00f9 nous d\u00e9couvrons les d\u00e9clencheurs uniques affectant votre bien-\u00eatre. Avec chaque d\u00e9couverte, nous adaptons des solutions qui r\u00e9sonnent non seulement avec votre corps, mais aussi avec votre vie<strong>. Rejoignez-moi pour transformer votre parcours de sant\u00e9 en un r\u00e9cit captivant et personnalis\u00e9, <\/strong>o\u00f9 chaque chapitre est un pas de plus vers le bien-\u00eatre et la vitalit\u00e9 !<\/p>\n<p>[\/vc_column_text][\/vc_column][\/vc_row]<\/p>\n<\/div>","protected":false},"excerpt":{"rendered":"<p>[vc_row et_uniqid=\u00a0\u00bbet_custom_uniqid_6570c0677ee4a\u00a0\u00bb][vc_column width=\u00a0\u00bb5\/6&Prime; et_uniqid=\u00a0\u00bbet_custom_uniqid_6570c0677ee02&Prime; offset=\u00a0\u00bbvc_col-lg-offset-1&Prime; _et_uniqid=\u00a0\u00bbet_custom_uniqid_new_64a82d50043d2&Prime;][vc_column_text] Coaching Personnel Recommandations personnalis\u00e9es pour vos probl\u00e8mes de sant\u00e9 individuels [\/vc_column_text][\/vc_column][\/vc_row][vc_row et_uniqid=\u00a0\u00bbet_custom_uniqid_6570c0677ee4a\u00a0\u00bb][vc_column width=\u00a0\u00bb5\/6&Prime; et_uniqid=\u00a0\u00bbet_custom_uniqid_6570c0677ee02&Prime; offset=\u00a0\u00bbvc_col-lg-offset-1&Prime; _et_uniqid=\u00a0\u00bbet_custom_uniqid_new_64a82d50043d2&Prime;][vc_single_image image=\u00a0\u00bb1056&Prime; img_size=\u00a0\u00bbfull\u00a0\u00bb alignment=\u00a0\u00bbcenter\u00a0\u00bb][\/vc_column][\/vc_row][vc_row&#8230;<\/p>\n","protected":false},"author":1,"featured_media":0,"parent":0,"menu_order":0,"comment_status":"closed","ping_status":"closed","template":"","meta":{"footnotes":""},"class_list":["post-1589","page","type-page","status-publish","hentry"],"_links":{"self":[{"href":"https:\/\/monacotherapies.com\/fr\/wp-json\/wp\/v2\/pages\/1589","targetHints":{"allow":["GET"]}}],"collection":[{"href":"https:\/\/monacotherapies.com\/fr\/wp-json\/wp\/v2\/pages"}],"about":[{"href":"https:\/\/monacotherapies.com\/fr\/wp-json\/wp\/v2\/types\/page"}],"author":[{"embeddable":true,"href":"https:\/\/monacotherapies.com\/fr\/wp-json\/wp\/v2\/users\/1"}],"replies":[{"embeddable":true,"href":"https:\/\/monacotherapies.com\/fr\/wp-json\/wp\/v2\/comments?post=1589"}],"version-history":[{"count":7,"href":"https:\/\/monacotherapies.com\/fr\/wp-json\/wp\/v2\/pages\/1589\/revisions"}],"predecessor-version":[{"id":1936,"href":"https:\/\/monacotherapies.com\/fr\/wp-json\/wp\/v2\/pages\/1589\/revisions\/1936"}],"wp:attachment":[{"href":"https:\/\/monacotherapies.com\/fr\/wp-json\/wp\/v2\/media?parent=1589"}],"curies":[{"name":"wp","href":"https:\/\/api.w.org\/{rel}","templated":true}]}}