{"id":1585,"date":"2023-10-19T11:01:25","date_gmt":"2023-10-19T11:01:25","guid":{"rendered":"https:\/\/monacotherapies.com\/?page_id=1585"},"modified":"2024-09-30T16:39:02","modified_gmt":"2024-09-30T16:39:02","slug":"therapie-sonore-tomatis","status":"publish","type":"page","link":"https:\/\/monacotherapies.com\/fr\/therapie-sonore-tomatis\/","title":{"rendered":"Th\u00e9rapie Sonore Tomatis"},"content":{"rendered":"<div class=\"wpb-content-wrapper\"><p>[vc_row][vc_column][vc_column_text]<\/p>\n<h1 style=\"text-align: center;\">Tomatis Sound Therapy<\/h1>\n<p style=\"text-align: center;\">Gymnastique pour les Oreilles<\/p>\n<p>[\/vc_column_text][\/vc_column][\/vc_row][vc_row][vc_column width=\u00a0\u00bb5\/6&Prime; offset=\u00a0\u00bbvc_col-lg-offset-1&Prime; _et_uniqid=\u00a0\u00bbet_custom_uniqid_new_65316d75ca4b7&Prime;][vc_single_image image=\u00a0\u00bb552&Prime; img_size=\u00a0\u00bbfull\u00a0\u00bb][\/vc_column][\/vc_row][vc_row et_uniqid=\u00a0\u00bbet_custom_uniqid_6535638286d6e\u00a0\u00bb][vc_column width=\u00a0\u00bb5\/6&Prime; et_uniqid=\u00a0\u00bbet_custom_uniqid_6535638286d35&Prime; offset=\u00a0\u00bbvc_col-lg-offset-1&Prime; _et_uniqid=\u00a0\u00bbet_custom_uniqid_new_64a82d50043d2&Prime;][vc_separator color=\u00a0\u00bbblack\u00a0\u00bb][\/vc_column][\/vc_row][vc_row][vc_column width=\u00a0\u00bb5\/6&Prime; offset=\u00a0\u00bbvc_col-lg-offset-1&Prime; _et_uniqid=\u00a0\u00bbet_custom_uniqid_new_65316d75ca4b7&Prime;][vc_column_text]<em>La Th\u00e9rapie Sonore Tomatis est une m\u00e9thode innovante con\u00e7ue par le Dr Alfred Tomatis pour promouvoir le bien-\u00eatre g\u00e9n\u00e9ral et am\u00e9liorer divers aspects de la sant\u00e9 mentale et \u00e9motionnelle. Elle utilise de la musique et des sons sp\u00e9cialement modifi\u00e9s pour stimuler le syst\u00e8me auditif et le syst\u00e8me nerveux, entra\u00eenant des changements positifs dans la mani\u00e8re dont nous traitons et r\u00e9pondons aux informations auditives.<\/em>[\/vc_column_text][\/vc_column][\/vc_row][vc_row et_uniqid=\u00a0\u00bbet_custom_uniqid_6535638286d6e\u00a0\u00bb][vc_column width=\u00a0\u00bb5\/6&Prime; et_uniqid=\u00a0\u00bbet_custom_uniqid_6535638286d35&Prime; offset=\u00a0\u00bbvc_col-lg-offset-1&Prime; _et_uniqid=\u00a0\u00bbet_custom_uniqid_new_64a82d50043d2&Prime;][vc_separator color=\u00a0\u00bbblack\u00a0\u00bb][\/vc_column][\/vc_row][vc_row et_uniqid=\u00a0\u00bbet_custom_uniqid_66fad4091015e\u00a0\u00bb][vc_column width=\u00a0\u00bb5\/6&Prime; et_uniqid=\u00a0\u00bbet_custom_uniqid_66fad40910117&Prime; offset=\u00a0\u00bbvc_col-lg-offset-1&Prime; _et_uniqid=\u00a0\u00bbet_custom_uniqid_new_65316d75ca4b7&Prime;][vc_column_text css=\u00a0\u00bb\u00a0\u00bb]<\/p>\n<div class=\"epyt-video-wrapper\"><iframe loading=\"lazy\"  id=\"_ytid_84863\"  width=\"1170\" height=\"658\"  data-origwidth=\"1170\" data-origheight=\"658\"  data-relstop=\"1\" src=\"https:\/\/www.youtube.com\/embed\/FN2PuKci6bo?enablejsapi=1&autoplay=0&cc_load_policy=0&cc_lang_pref=&iv_load_policy=1&loop=0&rel=0&fs=1&playsinline=0&autohide=2&theme=dark&color=red&controls=1&disablekb=0&\" class=\"__youtube_prefs__  no-lazyload\" title=\"YouTube player\"  allow=\"fullscreen; accelerometer; autoplay; clipboard-write; encrypted-media; gyroscope; picture-in-picture; web-share\" referrerpolicy=\"strict-origin-when-cross-origin\" allowfullscreen data-no-lazy=\"1\" data-skipgform_ajax_framebjll=\"\"><\/iframe><\/div>\n<p>[\/vc_column_text][\/vc_column][\/vc_row][vc_row][vc_column width=\u00a0\u00bb5\/6&Prime; offset=\u00a0\u00bbvc_col-lg-offset-1&Prime; _et_uniqid=\u00a0\u00bbet_custom_uniqid_new_65316d75ca4b7&Prime;][vc_column_text]La M\u00e9thode Tomatis r\u00e9\u00e9duque le cerveau en utilisant la plasticit\u00e9 naturelle des circuits neuronaux impliqu\u00e9s dans le d\u00e9codage et l&rsquo;analyse des sons. Elle emploie un programme d&rsquo;entra\u00eenement \u00e0 la stimulation neurosensorielle qui utilise la musique et la transmission de la voix pour am\u00e9liorer les capacit\u00e9s motrices, \u00e9motionnelles et cognitives. La m\u00e9thode s&rsquo;appuie sur la surprise pour d\u00e9velopper des m\u00e9canismes automatiques de d\u00e9tection du changement, ce qui aide \u00e0 renforcer la concentration et l&rsquo;attention.<\/p>\n<p>\u00c9galement connue sous le nom d&rsquo;Audio-psychophonologie, elle implique la filtration des fr\u00e9quences, le &lsquo;gating&rsquo; et une emphase sur l&rsquo;oreille droite pour am\u00e9liorer l&rsquo;int\u00e9gration dans les voies auditives et diverses parties du syst\u00e8me nerveux. La m\u00e9thode est con\u00e7ue pour r\u00e9\u00e9duquer l&rsquo;oreille, en particulier les cils (cellules cili\u00e9es dans la cochl\u00e9e) qui sont sensibles aux sons de haute fr\u00e9quence au-dessus de 3 000 Hz.<\/p>\n<p><strong><span style=\"font-size: 24px;\">Comment \u00e7a fonctionne<\/span><br \/>\n<\/strong><\/p>\n<p><strong>Analyses et Th\u00e9rapie<\/strong><\/p>\n<ul>\n<li><strong>\u00c9valuation initiale :<\/strong> Elle est r\u00e9alis\u00e9e pour \u00e9valuer vos comp\u00e9tences d&rsquo;\u00e9coute, vos capacit\u00e9s de communication et tout autre probl\u00e8me. Cette \u00e9valuation aide \u00e0 cr\u00e9er un programme sur mesure pour r\u00e9pondre \u00e0 vos besoins sp\u00e9cifiques.<\/li>\n<li><strong>S\u00e9ances d&rsquo;\u00e9coute :<\/strong> Le programme de th\u00e9rapie comprend 14 s\u00e9ances d&rsquo;\u00e9coute qui peuvent \u00eatre r\u00e9alis\u00e9es chez vous ou o\u00f9 cela vous convient. Lors de ces s\u00e9ances, vous \u00e9couterez de la musique et des sons modifi\u00e9s \u00e9lectroniquement \u00e0 travers des \u00e9couteurs sp\u00e9cialis\u00e9s qui transmettent le son \u00e0 la fois par l&rsquo;air et directement aux os.<\/li>\n<li><strong>Participation active : <\/strong>Certains programmes peuvent \u00e9galement inclure des activit\u00e9s de participation active, telles que le fredonnement, le chant ou la parole dans un microphone. Ces activit\u00e9s sont con\u00e7ues pour renforcer davantage la formation \u00e0 l&rsquo;\u00e9coute et consolider les bienfaits de la M\u00e9thode Tomatis.<\/li>\n<li><strong>\u00c9valuation des progr\u00e8s :<\/strong> Vos progr\u00e8s sont surveill\u00e9s tout au long du programme, ajustant les s\u00e9ances au besoin pour assurer des r\u00e9sultats optimaux.<\/li>\n<li><strong>S\u00e9ances de suivi :<\/strong> Une fois le programme initial termin\u00e9, des s\u00e9ances de suivi peuvent \u00eatre recommand\u00e9es pour maintenir et renforcer les bienfaits de la th\u00e9rapie.<\/li>\n<\/ul>\n<p><span style=\"font-size: 24px;\"><strong>Principaux Avantages de la Th\u00e9rapie Sonore Tomatis<br \/>\n<\/strong><\/span><\/p>\n<ul>\n<li><strong>Am\u00e9lioration des capacit\u00e9s cognitives :<\/strong> La th\u00e9rapie peut renforcer les fonctions cognitives telles que la m\u00e9moire, l&rsquo;attention et la concentration.<\/li>\n<li><strong>Am\u00e9lioration des comp\u00e9tences de communication : <\/strong>Elle aide \u00e0 am\u00e9liorer les capacit\u00e9s linguistiques, de parole et d&rsquo;\u00e9coute, ce qui peut conduire \u00e0 une meilleure communication interpersonnelle.<\/li>\n<li><strong>R\u00e9duction du stress et de l&rsquo;anxi\u00e9t\u00e9 :<\/strong> Il a \u00e9t\u00e9 d\u00e9montr\u00e9 qu&rsquo;elle a des effets positifs sur les individus souffrant de d\u00e9pression et d&rsquo;anxi\u00e9t\u00e9, favorisant la relaxation et le bien-\u00eatre.<\/li>\n<li><strong>Renforcement de la confiance et du bien-\u00eatre \u00e9motionnel :<\/strong> La th\u00e9rapie aide \u00e0 la r\u00e9gulation \u00e9motionnelle, conduisant \u00e0 une stabilit\u00e9 \u00e9motionnelle et une r\u00e9silience accrues.<\/li>\n<li><strong>Optimisation de la qualit\u00e9 du sommeil :<\/strong> En am\u00e9liorant le traitement auditif et la relaxation, la th\u00e9rapie peut aider \u00e0 promouvoir de meilleurs sch\u00e9mas de sommeil et une qualit\u00e9 de sommeil globale.<\/li>\n<\/ul>\n<p>[\/vc_column_text][\/vc_column][\/vc_row]<\/p>\n<\/div>","protected":false},"excerpt":{"rendered":"<p>[vc_row][vc_column][vc_column_text] Tomatis Sound Therapy Gymnastique pour les Oreilles [\/vc_column_text][\/vc_column][\/vc_row][vc_row][vc_column width=\u00a0\u00bb5\/6&Prime; offset=\u00a0\u00bbvc_col-lg-offset-1&Prime; _et_uniqid=\u00a0\u00bbet_custom_uniqid_new_65316d75ca4b7&Prime;][vc_single_image image=\u00a0\u00bb552&Prime; img_size=\u00a0\u00bbfull\u00a0\u00bb][\/vc_column][\/vc_row][vc_row et_uniqid=\u00a0\u00bbet_custom_uniqid_6535638286d6e\u00a0\u00bb][vc_column width=\u00a0\u00bb5\/6&Prime; et_uniqid=\u00a0\u00bbet_custom_uniqid_6535638286d35&Prime; offset=\u00a0\u00bbvc_col-lg-offset-1&Prime; _et_uniqid=\u00a0\u00bbet_custom_uniqid_new_64a82d50043d2&Prime;][vc_separator color=\u00a0\u00bbblack\u00a0\u00bb][\/vc_column][\/vc_row][vc_row][vc_column width=\u00a0\u00bb5\/6&Prime; offset=\u00a0\u00bbvc_col-lg-offset-1&Prime; _et_uniqid=\u00a0\u00bbet_custom_uniqid_new_65316d75ca4b7&Prime;][vc_column_text]La Th\u00e9rapie Sonore&#8230;<\/p>\n","protected":false},"author":1,"featured_media":0,"parent":0,"menu_order":0,"comment_status":"closed","ping_status":"closed","template":"","meta":{"footnotes":""},"class_list":["post-1585","page","type-page","status-publish","hentry"],"_links":{"self":[{"href":"https:\/\/monacotherapies.com\/fr\/wp-json\/wp\/v2\/pages\/1585","targetHints":{"allow":["GET"]}}],"collection":[{"href":"https:\/\/monacotherapies.com\/fr\/wp-json\/wp\/v2\/pages"}],"about":[{"href":"https:\/\/monacotherapies.com\/fr\/wp-json\/wp\/v2\/types\/page"}],"author":[{"embeddable":true,"href":"https:\/\/monacotherapies.com\/fr\/wp-json\/wp\/v2\/users\/1"}],"replies":[{"embeddable":true,"href":"https:\/\/monacotherapies.com\/fr\/wp-json\/wp\/v2\/comments?post=1585"}],"version-history":[{"count":5,"href":"https:\/\/monacotherapies.com\/fr\/wp-json\/wp\/v2\/pages\/1585\/revisions"}],"predecessor-version":[{"id":2110,"href":"https:\/\/monacotherapies.com\/fr\/wp-json\/wp\/v2\/pages\/1585\/revisions\/2110"}],"wp:attachment":[{"href":"https:\/\/monacotherapies.com\/fr\/wp-json\/wp\/v2\/media?parent=1585"}],"curies":[{"name":"wp","href":"https:\/\/api.w.org\/{rel}","templated":true}]}}