{"id":1582,"date":"2023-10-22T15:28:37","date_gmt":"2023-10-22T15:28:37","guid":{"rendered":"https:\/\/monacotherapies.com\/?page_id=1582"},"modified":"2024-02-25T12:09:09","modified_gmt":"2024-02-25T12:09:09","slug":"oxygenation-cellulaire","status":"publish","type":"page","link":"https:\/\/monacotherapies.com\/fr\/oxygenation-cellulaire\/","title":{"rendered":"Oxyg\u00e9nation Cellulaire"},"content":{"rendered":"<div class=\"wpb-content-wrapper\"><p>[vc_row][vc_column width=\u00a0\u00bb5\/6&Prime; offset=\u00a0\u00bbvc_col-lg-offset-1&Prime; _et_uniqid=\u00a0\u00bbet_custom_uniqid_new_653559d777fc0&Prime;][vc_column_text]<\/p>\n<h1 style=\"text-align: center;\">Oxyg\u00e9nation Cellulaire<\/h1>\n<p style=\"text-align: center;\">Le Bol d\u2019air et son Avantage en Oxyg\u00e8ne : Lib\u00e9rez Votre Vitalit\u00e9 et Surchargez Vos Cellules<\/p>\n<p>[\/vc_column_text][vc_single_image image=\u00a0\u00bb718&Prime; img_size=\u00a0\u00bbfull\u00a0\u00bb][\/vc_column][\/vc_row][vc_row et_uniqid=\u00a0\u00bbet_custom_uniqid_6535638286d6e\u00a0\u00bb][vc_column width=\u00a0\u00bb5\/6&Prime; et_uniqid=\u00a0\u00bbet_custom_uniqid_6535638286d35&Prime; offset=\u00a0\u00bbvc_col-lg-offset-1&Prime; _et_uniqid=\u00a0\u00bbet_custom_uniqid_new_64a82d50043d2&Prime;][vc_separator color=\u00a0\u00bbblack\u00a0\u00bb][\/vc_column][\/vc_row][vc_row et_uniqid=\u00a0\u00bbet_custom_uniqid_6535638286d6e\u00a0\u00bb][vc_column width=\u00a0\u00bb5\/6&Prime; et_uniqid=\u00a0\u00bbet_custom_uniqid_6535638286d35&Prime; offset=\u00a0\u00bbvc_col-lg-offset-1&Prime; _et_uniqid=\u00a0\u00bbet_custom_uniqid_new_64a82d50043d2&Prime;][vc_column_text]<em><span style=\"font-size: 22px;\">D\u00e9couvrez le secret d&rsquo;une sant\u00e9 et d&rsquo;une vitalit\u00e9 optimales avec Bol d\u2019air, votre alli\u00e9 r\u00e9volutionnaire dans la qu\u00eate d&rsquo;une utilisation efficace de l&rsquo;oxyg\u00e8ne. Face aux d\u00e9fis de la pollution, du stress et du vieillissement, Bol d\u2019air se distingue comme un phare d&rsquo;espoir, garantissant que vos cellules re\u00e7oivent l&rsquo;oxyg\u00e8ne dont elles ont besoin.<\/span><\/em>[\/vc_column_text][\/vc_column][\/vc_row][vc_row et_uniqid=\u00a0\u00bbet_custom_uniqid_6535638286d6e\u00a0\u00bb][vc_column width=\u00a0\u00bb5\/6&Prime; et_uniqid=\u00a0\u00bbet_custom_uniqid_6535638286d35&Prime; offset=\u00a0\u00bbvc_col-lg-offset-1&Prime; _et_uniqid=\u00a0\u00bbet_custom_uniqid_new_64a82d50043d2&Prime;][vc_separator color=\u00a0\u00bbblack\u00a0\u00bb][\/vc_column][\/vc_row][vc_row][vc_column width=\u00a0\u00bb2\/3&Prime; offset=\u00a0\u00bbvc_col-lg-offset-2&Prime; _et_uniqid=\u00a0\u00bbet_custom_uniqid_new_65356333375ae\u00a0\u00bb][vc_column_text]<span style=\"font-size: 24px;\"><strong>Comment Bol d\u2019air Transforme Votre Respiration<br \/>\n<\/strong><\/span><\/p>\n<ul>\n<li><strong>Plongez Profond\u00e9ment avec l&rsquo;Oxyg\u00e9nation Pulmonaire :<\/strong> Bol d\u2019air vous emm\u00e8ne dans un voyage d&rsquo;oxyg\u00e8ne profond\u00e9ment dans vos poumons, cr\u00e9ant de l&rsquo;oxyh\u00e9moglobine et pr\u00e9parant le terrain pour une vitalit\u00e9 cellulaire sans pr\u00e9c\u00e9dent.<\/li>\n<li><strong>Optimisez Votre Transport d&rsquo;Oxyg\u00e8ne :<\/strong> Vivez une efficacit\u00e9 in\u00e9dite alors que l&rsquo;oxyh\u00e9moglobine circule dans votre flux sanguin, apportant l&rsquo;oxyg\u00e8ne vital \u00e0 chaque cellule.<\/li>\n<li><strong>Adoptez le Cycle d&rsquo;Oxyg\u00e9nation :<\/strong> Bol d\u2019air assure un cycle sans faille de lib\u00e9ration d&rsquo;oxyg\u00e8ne et de r\u00e9-oxyg\u00e9nation, maintenant vos cellules prosp\u00e8res en permanence.<\/li>\n<\/ul>\n<p><span style=\"font-size: 24px;\"><strong>Une R\u00e9volution dans l&rsquo;Utilisation de l&rsquo;Oxyg\u00e8ne<br \/>\n<\/strong><\/span><\/p>\n<ul>\n<li><strong>Oxyg\u00e8ne Constant, Potentiel Lib\u00e9r\u00e9 :<\/strong> L&rsquo;air que nous respirons a toujours contenu 21% d&rsquo;oxyg\u00e8ne, m\u00eame au milieu de la pollution. La magie de Bol d\u2019air r\u00e9side dans le d\u00e9verrouillage du potentiel de votre corps \u00e0 exploiter cette ressource abondante en propulsant l&rsquo;efficacit\u00e9 de votre respiration dans l&rsquo;assimilation de l&rsquo;oxyg\u00e8ne.<\/li>\n<li><strong>Catalysez Votre Oxyg\u00e9nation Cellulaire : <\/strong>Bol d\u2019air ne consiste pas \u00e0 ajouter plus d&rsquo;oxyg\u00e8ne ; il s&rsquo;agit de transformer la capacit\u00e9 de vos cellules \u00e0 utiliser l&rsquo;oxyg\u00e8ne, rendant chaque respiration un pas vers un-vous plus sain et plus vibrant.<\/li>\n<\/ul>\n<p><span style=\"font-size: 24px;\"><strong>Processus d&rsquo;Oxyg\u00e9nation Exclusif de Bol d\u2019air avec l&rsquo;Huile Essentielle Organique de Pin\u00e8nes d&rsquo;Or\u00e9sine<br \/>\n<\/strong><\/span><\/p>\n<ul>\n<li><strong>Biocatalyseurs Transformateurs :<\/strong> Plongez dans le monde de l&rsquo;ing\u00e9niosit\u00e9 de Ren\u00e9 Jacquier et exp\u00e9rimentez la puissance des pin\u00e8nes transform\u00e9s en puissants biocatalyseurs, garantissant que vos cellules sont baign\u00e9es dans un oxyg\u00e8ne hautement assimilable.<\/li>\n<li><strong>M\u00e9canisme d&rsquo;Oxyg\u00e8ne Triple : <\/strong>De la distribution am\u00e9lior\u00e9e \u00e0 la lib\u00e9ration optimis\u00e9e, et enfin \u00e0 la livraison d&rsquo;oxyg\u00e8ne naissant, Bol d\u2019air assure que vos cellules re\u00e7oivent l&rsquo;oxyg\u00e8ne sous sa forme la plus efficace.<\/li>\n<\/ul>\n<p><strong><img loading=\"lazy\" decoding=\"async\" class=\"alignnone wp-image-750 size-full\" src=\"https:\/\/monacotherapies.com\/wp-content\/uploads\/2023\/10\/Bold_airJacquier.jpg\" alt=\"\" width=\"1200\" height=\"801\" srcset=\"https:\/\/monacotherapies.com\/wp-content\/uploads\/2023\/10\/Bold_airJacquier.jpg 1200w, https:\/\/monacotherapies.com\/wp-content\/uploads\/2023\/10\/Bold_airJacquier-300x200.jpg 300w, https:\/\/monacotherapies.com\/wp-content\/uploads\/2023\/10\/Bold_airJacquier-1024x684.jpg 1024w, https:\/\/monacotherapies.com\/wp-content\/uploads\/2023\/10\/Bold_airJacquier-768x513.jpg 768w, https:\/\/monacotherapies.com\/wp-content\/uploads\/2023\/10\/Bold_airJacquier-1x1.jpg 1w, https:\/\/monacotherapies.com\/wp-content\/uploads\/2023\/10\/Bold_airJacquier-10x7.jpg 10w\" sizes=\"auto, (max-width: 1200px) 100vw, 1200px\" \/><\/strong><\/p>\n<p><span style=\"font-size: 24px;\"><strong>Principaux Advantages de la Th\u00e9rapie par Oxyg\u00e9nation Cellulaire<br \/>\n<\/strong><\/span><\/p>\n<ul>\n<li><strong>Atteindre une Oxyg\u00e9nation Cellulaire \u00c9quilibr\u00e9e :<\/strong> Bol d\u2019air garantit des niveaux optimaux d&rsquo;oxyg\u00e8ne, assurant que vos cellules sont toujours pr\u00eates \u00e0 fonctionner.<\/li>\n<li><strong>Am\u00e9lioration Naturelle et S\u00fbre de l&rsquo;Oxyg\u00e8ne :<\/strong> Pas besoin d&rsquo;oxyg\u00e8ne suppl\u00e9mentaire, pas de probl\u00e8me ! Bol d\u2019air am\u00e9liore vos niveaux naturels d&rsquo;oxyg\u00e8ne, maintenant un \u00e9quilibre parfait.<\/li>\n<li><strong>Prot\u00e9gez Vos Cellules du Stress Oxydatif :<\/strong> Exp\u00e9rimentez la respiration cellulaire sans les risques, gr\u00e2ce \u00e0 l&rsquo;approche innovante de Bol d\u2019air.<\/li>\n<li><strong>Boostez Votre Centrale Mitochondriale : <\/strong>De la production d&rsquo;\u00e9nergie aux d\u00e9fenses anti-radicaux, Bol d\u2019air assure que vos mitochondries sont au mieux de leur forme.<\/li>\n<li><strong>Assurez-vous que l&rsquo;Oxyg\u00e8ne est Toujours Pr\u00eat \u00e0 l&rsquo;Emploi :<\/strong> Avec une meilleure biodisponibilit\u00e9, vos cellules ne manqueront jamais d&rsquo;oxyg\u00e8ne.<\/li>\n<\/ul>\n<p>[\/vc_column_text][\/vc_column][\/vc_row]<\/p>\n<\/div>","protected":false},"excerpt":{"rendered":"<p>[vc_row][vc_column width=\u00a0\u00bb5\/6&Prime; offset=\u00a0\u00bbvc_col-lg-offset-1&Prime; _et_uniqid=\u00a0\u00bbet_custom_uniqid_new_653559d777fc0&Prime;][vc_column_text] Oxyg\u00e9nation Cellulaire Le Bol d\u2019air et son Avantage en Oxyg\u00e8ne : Lib\u00e9rez Votre Vitalit\u00e9 et Surchargez Vos Cellules [\/vc_column_text][vc_single_image image=\u00a0\u00bb718&Prime; img_size=\u00a0\u00bbfull\u00a0\u00bb][\/vc_column][\/vc_row][vc_row&#8230;<\/p>\n","protected":false},"author":1,"featured_media":0,"parent":0,"menu_order":0,"comment_status":"closed","ping_status":"closed","template":"","meta":{"footnotes":""},"class_list":["post-1582","page","type-page","status-publish","hentry"],"_links":{"self":[{"href":"https:\/\/monacotherapies.com\/fr\/wp-json\/wp\/v2\/pages\/1582","targetHints":{"allow":["GET"]}}],"collection":[{"href":"https:\/\/monacotherapies.com\/fr\/wp-json\/wp\/v2\/pages"}],"about":[{"href":"https:\/\/monacotherapies.com\/fr\/wp-json\/wp\/v2\/types\/page"}],"author":[{"embeddable":true,"href":"https:\/\/monacotherapies.com\/fr\/wp-json\/wp\/v2\/users\/1"}],"replies":[{"embeddable":true,"href":"https:\/\/monacotherapies.com\/fr\/wp-json\/wp\/v2\/comments?post=1582"}],"version-history":[{"count":4,"href":"https:\/\/monacotherapies.com\/fr\/wp-json\/wp\/v2\/pages\/1582\/revisions"}],"predecessor-version":[{"id":1875,"href":"https:\/\/monacotherapies.com\/fr\/wp-json\/wp\/v2\/pages\/1582\/revisions\/1875"}],"wp:attachment":[{"href":"https:\/\/monacotherapies.com\/fr\/wp-json\/wp\/v2\/media?parent=1582"}],"curies":[{"name":"wp","href":"https:\/\/api.w.org\/{rel}","templated":true}]}}