{"id":1578,"date":"2023-10-17T20:03:51","date_gmt":"2023-10-17T20:03:51","guid":{"rendered":"https:\/\/monacotherapies.com\/?page_id=1578"},"modified":"2024-02-25T16:45:09","modified_gmt":"2024-02-25T16:45:09","slug":"gestion-du-stress-et-des-emotions","status":"publish","type":"page","link":"https:\/\/monacotherapies.com\/fr\/gestion-du-stress-et-des-emotions\/","title":{"rendered":"Gestion du Stress et des \u00c9motions"},"content":{"rendered":"<div class=\"wpb-content-wrapper\"><p>[vc_row et_uniqid=\u00a0\u00bbet_custom_uniqid_6536a68628afb\u00a0\u00bb][vc_column width=\u00a0\u00bb5\/6&Prime; et_uniqid=\u00a0\u00bbet_custom_uniqid_6536a68628ad1&Prime; offset=\u00a0\u00bbvc_col-lg-offset-1&Prime; _et_uniqid=\u00a0\u00bbet_custom_uniqid_new_6527070b88ff9&Prime;][vc_column_text]<\/p>\n<h1 style=\"text-align: center;\">Gestion du Stress et des \u00c9motions<\/h1>\n<p style=\"text-align: center;\">D\u00e9verrouillez le Chemin du Bien-\u00eatre : Aborder le Stress Chronique et les \u00c9motions Refoul\u00e9es<\/p>\n<p>[\/vc_column_text][\/vc_column][\/vc_row][vc_row et_uniqid=\u00a0\u00bbet_custom_uniqid_6536a68628afb\u00a0\u00bb][vc_column width=\u00a0\u00bb5\/6&Prime; et_uniqid=\u00a0\u00bbet_custom_uniqid_6536a68628ad1&Prime; offset=\u00a0\u00bbvc_col-lg-offset-1&Prime; _et_uniqid=\u00a0\u00bbet_custom_uniqid_new_6527070b88ff9&Prime;][vc_single_image image=\u00a0\u00bb863&Prime; img_size=\u00a0\u00bbfull\u00a0\u00bb][\/vc_column][\/vc_row][vc_row et_uniqid=\u00a0\u00bbet_custom_uniqid_6536a597dd5b2&Prime;][vc_column width=\u00a0\u00bb5\/6&Prime; et_uniqid=\u00a0\u00bbet_custom_uniqid_6536a597dd588&Prime; offset=\u00a0\u00bbvc_col-lg-offset-1&Prime; _et_uniqid=\u00a0\u00bbet_custom_uniqid_new_64a82d50043d2&Prime;][vc_separator color=\u00a0\u00bbblack\u00a0\u00bb][\/vc_column][\/vc_row][vc_row et_uniqid=\u00a0\u00bbet_custom_uniqid_6536a68628afb\u00a0\u00bb][vc_column width=\u00a0\u00bb5\/6&Prime; et_uniqid=\u00a0\u00bbet_custom_uniqid_6536a68628ad1&Prime; offset=\u00a0\u00bbvc_col-lg-offset-1&Prime; _et_uniqid=\u00a0\u00bbet_custom_uniqid_new_6527070b88ff9&Prime;][vc_column_text]<em>Le stress chronique et les \u00e9motions refoul\u00e9es agissent comme des saboteurs silencieux, compromettant subrepticement l&rsquo;harmonie de nos fonctions corporelles. Ces tensions persistantes ne voilent pas seulement notre bien-\u00eatre mental, mais se manifestent \u00e9galement dans des maux physiques, perturbant subtilement l&rsquo;\u00e9quilibre d\u00e9licat des syst\u00e8mes de notre corps. Il est crucial de reconna\u00eetre et d&rsquo;adresser ces fardeaux invisibles, car ils ont le potentiel de faire d\u00e9railler notre sant\u00e9, notre vitalit\u00e9 et notre qualit\u00e9 de vie globale. En nous engageant de mani\u00e8re proactive dans des pratiques holistiques et en favorisant la r\u00e9silience \u00e9motionnelle, nous nous donnons le pouvoir de d\u00e9manteler ces obstacles au bien-\u00eatre, ouvrant la voie \u00e0 une sant\u00e9 r\u00e9g\u00e9n\u00e9r\u00e9e et \u00e0 une vie \u00e9panouie. Ne laissez pas les stressors invisibles dicter votre bien-\u00eatre. Prenez les commandes, embrassez la gu\u00e9rison et transformez votre vie avec un regain de vigueur et d&rsquo;\u00e9quilibre.<\/em>[\/vc_column_text][\/vc_column][\/vc_row][vc_row et_uniqid=\u00a0\u00bbet_custom_uniqid_6536a597dd5b2&Prime;][vc_column width=\u00a0\u00bb5\/6&Prime; et_uniqid=\u00a0\u00bbet_custom_uniqid_6536a597dd588&Prime; offset=\u00a0\u00bbvc_col-lg-offset-1&Prime; _et_uniqid=\u00a0\u00bbet_custom_uniqid_new_64a82d50043d2&Prime;][vc_separator color=\u00a0\u00bbblack\u00a0\u00bb][\/vc_column][\/vc_row][vc_row][vc_column width=\u00a0\u00bb5\/6&Prime; offset=\u00a0\u00bbvc_col-lg-offset-1&Prime; _et_uniqid=\u00a0\u00bbet_custom_uniqid_new_6531676531224&Prime;][vc_column_text]<\/p>\n<h1 style=\"text-align: center;\">Coh\u00e9rence Cardiaque<\/h1>\n<p style=\"text-align: center;\">Influencer votre Flore Intestinale (Microbiome) par le biais du Nerf Vague<\/p>\n<p><img loading=\"lazy\" decoding=\"async\" class=\"alignnone wp-image-537 \" src=\"https:\/\/monacotherapies.com\/wp-content\/uploads\/2023\/10\/heart-brain-coherence.gif\" alt=\"\" width=\"1003\" height=\"469\" \/><\/p>\n<p>La th\u00e9rapie de Coh\u00e9rence Cardiaque, \u00e9galement connue sous le nom de HeartMath, est l&rsquo;une des m\u00e9thodes naturelles les plus efficaces pour r\u00e9duire significativement les probl\u00e8mes li\u00e9s au stress. Elle int\u00e8gre l&rsquo;esprit et le c\u0153ur, cr\u00e9ant un \u00e9tat de coh\u00e9rence qui am\u00e9liore la r\u00e9gulation \u00e9motionnelle et la sant\u00e9 globale.<\/p>\n<p>La technologie d&rsquo;\u00e9valuation de la VFC (Variabilit\u00e9 de la Fr\u00e9quence Cardiaque), utilis\u00e9e pour les analyses et le traitement, permet aux clients de visualiser l&rsquo;\u00e9tat actuel et les progr\u00e8s des mesures de VFC tout en d\u00e9veloppant et en augmentant la coh\u00e9rence c\u0153ur-cerveau.<\/p>\n<p><strong><span style=\"font-size: 24px;\">Comment \u00e7a Fonctionne<br \/>\n<\/span><\/strong>Avec des orientations th\u00e9rapeutiques sp\u00e9cifiques, des m\u00e9thodes et des outils, l&rsquo;\u00e9valuation initiale est r\u00e9alis\u00e9e \u00e0 l&rsquo;aide d&rsquo;une technologie d\u00e9sign\u00e9e. En fonction des r\u00e9sultats, les th\u00e9rapies sont personnalis\u00e9es et l&rsquo;objectif est d&rsquo;arriver \u00e0 la racine des stress \u00e9motionnels qui causent l&rsquo;incoh\u00e9rence et d&rsquo;entra\u00eener le corps \u00e0 apprendre et \u00e0 maintenir le niveau optimal de coh\u00e9rence c\u0153ur-cerveau lorsqu&rsquo;il est confront\u00e9 aux m\u00eames stress. Vous pouvez vous attendre \u00e0 un minimum de 6 th\u00e9rapies.<\/p>\n<p><span style=\"font-size: 24px;\"><strong>Principaux Avantages de la Th\u00e9rapie de Coh\u00e9rence Cardiaque<br \/>\n<\/strong><\/span><\/p>\n<ul>\n<li>Am\u00e9liore la sant\u00e9 cardiaque et la fonction immunitaire<\/li>\n<li>Diminue les niveaux d&rsquo;hormones de stress<\/li>\n<li>Am\u00e9liore les performances cognitives et l&rsquo;intelligence \u00e9motionnelle<\/li>\n<li>Augmente la clart\u00e9 mentale, la cr\u00e9ativit\u00e9 et les capacit\u00e9s de prise de d\u00e9cision<\/li>\n<li>Soutient l&rsquo;autor\u00e9gulation efficace, r\u00e9duisant l&rsquo;impact du stress et de l&rsquo;anxi\u00e9t\u00e9<\/li>\n<li>Encourage la r\u00e9silience<\/li>\n<li>Elle peut \u00e9galement conduire \u00e0 un sentiment accru d&rsquo;unit\u00e9 en soi et avec le monde, \u00e0 la paix int\u00e9rieure, \u00e0 l&rsquo;\u00e9nergie, \u00e0 la cr\u00e9ativit\u00e9 et \u00e0 des connexions \u00e9motionnelles plus profondes<\/li>\n<\/ul>\n<p>[\/vc_column_text][\/vc_column][\/vc_row][vc_row][vc_column width=\u00a0\u00bb5\/6&Prime; offset=\u00a0\u00bbvc_col-lg-offset-1&Prime; _et_uniqid=\u00a0\u00bbet_custom_uniqid_new_653169741ebfb\u00a0\u00bb][vc_column_text]<\/p>\n<h1 style=\"text-align: center;\"><strong>Th\u00e9rapie par les Couleurs \u2013 par Mora Nova<br \/>\n<\/strong><\/h1>\n<p style=\"text-align: center;\">D\u00e9clencher le M\u00e9canisme de Gu\u00e9rison Propre du Corps avec les Fr\u00e9quences \u00c9lectromagn\u00e9tiques<br \/>\n<img loading=\"lazy\" decoding=\"async\" class=\"alignnone wp-image-540 size-full\" src=\"https:\/\/monacotherapies.com\/wp-content\/uploads\/2023\/10\/color-therapy.jpg\" alt=\"\" width=\"1018\" height=\"550\" srcset=\"https:\/\/monacotherapies.com\/wp-content\/uploads\/2023\/10\/color-therapy.jpg 1018w, https:\/\/monacotherapies.com\/wp-content\/uploads\/2023\/10\/color-therapy-300x162.jpg 300w, https:\/\/monacotherapies.com\/wp-content\/uploads\/2023\/10\/color-therapy-768x415.jpg 768w, https:\/\/monacotherapies.com\/wp-content\/uploads\/2023\/10\/color-therapy-1x1.jpg 1w, https:\/\/monacotherapies.com\/wp-content\/uploads\/2023\/10\/color-therapy-10x5.jpg 10w\" sizes=\"auto, (max-width: 1018px) 100vw, 1018px\" \/><\/p>\n<p>Cette forme de th\u00e9rapie utilise les fr\u00e9quences des couleurs pour soulager les conditions de sant\u00e9 mentale et physique, y compris le stress \u00e9motionnel et l&rsquo;anxi\u00e9t\u00e9. Elle repose sur le principe que diff\u00e9rentes couleurs peuvent avoir des impacts vari\u00e9s sur les conditions physiologiques et psychologiques humaines. La th\u00e9rapie se concentre sur la reprogrammation des mod\u00e8les n\u00e9gatifs physiques et mentaux du corps afin d&rsquo;induire des changements positifs.<\/p>\n<p>Cette th\u00e9rapie peut offrir plusieurs avantages tels que la gestion du stress et la r\u00e9duction des sympt\u00f4mes associ\u00e9s au trouble affectif saisonnier. Elle peut \u00e9galement am\u00e9liorer la qualit\u00e9 du sommeil, revigorer les niveaux d&rsquo;\u00e9nergie et att\u00e9nuer les sentiments de col\u00e8re. De plus, elle peut aider \u00e0 am\u00e9liorer les relations en cr\u00e9ant des environnements qui \u00e9voquent des sentiments de calme et de bonheur.<\/p>\n<p>Pour les individus qui n&rsquo;ont pas bien r\u00e9pondu aux modules de traitement traditionnels, la th\u00e9rapie par les couleurs pourrait offrir une nouvelle voie de gu\u00e9rison. Cette th\u00e9rapie peut \u00eatre int\u00e9gr\u00e9e dans la vie quotidienne de plusieurs mani\u00e8res, y compris passer du temps en plein air, faire des choix de couleurs judicieux dans votre environnement, limiter l&rsquo;exposition \u00e0 la lumi\u00e8re bleue artificielle et exploiter la cr\u00e9ativit\u00e9.<\/p>\n<p>[\/vc_column_text][\/vc_column][\/vc_row][vc_row][vc_column width=\u00a0\u00bb5\/6&Prime; offset=\u00a0\u00bbvc_col-lg-offset-1&Prime; _et_uniqid=\u00a0\u00bbet_custom_uniqid_new_65316ace2fd23&Prime;][vc_column_text]<\/p>\n<h1 style=\"text-align: center;\"><strong>\u00c9lixirs Floraux<\/strong><\/h1>\n<p style=\"text-align: center;\">Restaurer l&rsquo;\u00c9quilibre \u00c9motionnel avec un Rem\u00e8de Naturel<\/p>\n<h1 style=\"text-align: center;\"><strong><img loading=\"lazy\" decoding=\"async\" class=\"alignnone wp-image-542 size-full\" src=\"https:\/\/monacotherapies.com\/wp-content\/uploads\/2023\/10\/elixirs.jpg\" alt=\"\" width=\"1000\" height=\"717\" srcset=\"https:\/\/monacotherapies.com\/wp-content\/uploads\/2023\/10\/elixirs.jpg 1000w, https:\/\/monacotherapies.com\/wp-content\/uploads\/2023\/10\/elixirs-300x215.jpg 300w, https:\/\/monacotherapies.com\/wp-content\/uploads\/2023\/10\/elixirs-768x551.jpg 768w, https:\/\/monacotherapies.com\/wp-content\/uploads\/2023\/10\/elixirs-1x1.jpg 1w, https:\/\/monacotherapies.com\/wp-content\/uploads\/2023\/10\/elixirs-10x7.jpg 10w\" sizes=\"auto, (max-width: 1000px) 100vw, 1000px\" \/><\/strong><\/h1>\n<p>La th\u00e9rapie par les Fleurs de Bach consiste en 38 rem\u00e8des diff\u00e9rents, chacun correspondant \u00e0 un \u00e9tat \u00e9motionnel n\u00e9gatif sp\u00e9cifique. Une fois la ou les principales \u00e9motions \u00e0 traiter identifi\u00e9es par diff\u00e9rentes m\u00e9thodes th\u00e9rapeutiques, un m\u00e9lange personnalis\u00e9 de Fleurs de Bach est pr\u00e9par\u00e9 pour le client comme outil de soutien tout en travaillant \u00e0 l&rsquo;am\u00e9lioration de conditions sp\u00e9cifiques.<\/p>\n<p><span style=\"font-size: 24px;\"><strong>Principaux Avantages des Rem\u00e8des de Fleurs de Bach<br \/>\n<\/strong><\/span><\/p>\n<ul>\n<li><strong>Traitement Non Invasif : <\/strong>Les rem\u00e8des de Fleurs de Bach sont doux, ce qui les rend adapt\u00e9s aux individus de tous \u00e2ges. Ils peuvent \u00eatre utilis\u00e9s sans crainte d&rsquo;effets secondaires ind\u00e9sirables ou d&rsquo;interactions avec d&rsquo;autres m\u00e9dicaments.<\/li>\n<li><strong>Approche de M\u00e9decine Int\u00e9grative : <\/strong>Les rem\u00e8des de Fleurs de Bach fonctionnent sur le principe de traiter l&rsquo;individu, et non la maladie. Cette approche holistique aide \u00e0 traiter la cause profonde du stress \u00e9motionnel et de l&rsquo;anxi\u00e9t\u00e9, plut\u00f4t que de simplement traiter les sympt\u00f4mes.<\/li>\n<li><strong>\u00c9quilibre les \u00c9motions N\u00e9gatives : <\/strong>y compris aider \u00e0 trouver la paix int\u00e9rieure et l&rsquo;harmonie \u00e9motionnelle. Cela les rend tr\u00e8s efficaces dans la gestion du stress et de l&rsquo;anxi\u00e9t\u00e9.<\/li>\n<li><strong>Traitement Personnalis\u00e9 : <\/strong>Le choix des rem\u00e8des est adapt\u00e9 \u00e0 l&rsquo;\u00e9tat \u00e9motionnel unique de l&rsquo;individu, offrant une approche personnalis\u00e9e de la gu\u00e9rison.<\/li>\n<li><strong>Promeut l&rsquo;Auto-gu\u00e9rison : <\/strong>Les rem\u00e8des de Fleurs de Bach activent les capacit\u00e9s d&rsquo;auto-gu\u00e9rison inn\u00e9es du corps. Ils stimulent le corps \u00e0 se gu\u00e9rir lui-m\u00eame en r\u00e9tablissant l&rsquo;\u00e9quilibre des \u00e9motions.<\/li>\n<li><strong>Am\u00e9liore la Qualit\u00e9 du Sommeil : <\/strong>En \u00e9quilibrant l&rsquo;\u00e9tat \u00e9motionnel et en r\u00e9duisant le stress et l&rsquo;anxi\u00e9t\u00e9, les Fleurs de Bach aident \u00e0 cr\u00e9er un esprit plus paisible propice \u00e0 un sommeil r\u00e9parateur.<\/li>\n<li><strong>S\u00fbr pour une Utilisation \u00e0 Long Terme : <\/strong>Contrairement \u00e0 certains traitements pharmaceutiques pour le stress et l&rsquo;anxi\u00e9t\u00e9, les rem\u00e8des de Fleurs de Bach sont s\u00fbrs pour une utilisation \u00e0 long terme. Cela en fait un choix durable pour les individus recherchant un soutien \u00e9motionnel continu.<\/li>\n<\/ul>\n<p>[\/vc_column_text][\/vc_column][\/vc_row][vc_row][vc_column width=\u00a0\u00bb5\/6&Prime; offset=\u00a0\u00bbvc_col-lg-offset-1&Prime; _et_uniqid=\u00a0\u00bbet_custom_uniqid_new_65316b69b2cae\u00a0\u00bb][vc_column_text]<\/p>\n<h1 style=\"text-align: center;\"><strong>Aromath\u00e9rapie<\/strong><\/h1>\n<p style=\"text-align: center;\">Exploiter la Force de la Nature pour une Gu\u00e9rison Puissante<\/p>\n<p><strong><img loading=\"lazy\" decoding=\"async\" class=\"alignnone wp-image-544 size-full\" src=\"https:\/\/monacotherapies.com\/wp-content\/uploads\/2023\/10\/aromatherapy.jpg\" alt=\"\" width=\"1000\" height=\"706\" srcset=\"https:\/\/monacotherapies.com\/wp-content\/uploads\/2023\/10\/aromatherapy.jpg 1000w, https:\/\/monacotherapies.com\/wp-content\/uploads\/2023\/10\/aromatherapy-300x212.jpg 300w, https:\/\/monacotherapies.com\/wp-content\/uploads\/2023\/10\/aromatherapy-768x542.jpg 768w, https:\/\/monacotherapies.com\/wp-content\/uploads\/2023\/10\/aromatherapy-1x1.jpg 1w, https:\/\/monacotherapies.com\/wp-content\/uploads\/2023\/10\/aromatherapy-10x7.jpg 10w\" sizes=\"auto, (max-width: 1000px) 100vw, 1000px\" \/><\/strong><\/p>\n<p>L&rsquo;aromath\u00e9rapie est une pratique qui tire parti de la puissance des huiles essentielles pour leurs bienfaits th\u00e9rapeutiques. Ces huiles, qui sont des extraits de plantes concentr\u00e9s, peuvent avoir un impact positif sur la sant\u00e9 en influen\u00e7ant le cerveau et en modifiant le comportement.<\/p>\n<p>Les huiles essentielles ont des fr\u00e9quences de gu\u00e9rison sp\u00e9cifiques. On pense que des fr\u00e9quences plus \u00e9lev\u00e9es diminuent la probabilit\u00e9 de maladie et favorisent des am\u00e9liorations \u00e9motionnelles.<\/p>\n<p><span style=\"font-size: 24px;\"><strong>Principaux Avantages de l&rsquo;Aromath\u00e9rapie<br \/>\n<\/strong><\/span><\/p>\n<ul>\n<li><strong>Soulage le Stress et l&rsquo;Anxi\u00e9t\u00e9 :<\/strong> L&rsquo;aromath\u00e9rapie a \u00e9t\u00e9 prouv\u00e9e pour aider \u00e0 r\u00e9duire les niveaux de stress et d&rsquo;anxi\u00e9t\u00e9. Lorsque les huiles essentielles sont inhal\u00e9es, elles d\u00e9clenchent la lib\u00e9ration de s\u00e9rotonine, un neurotransmetteur qui aide \u00e0 r\u00e9guler l&rsquo;humeur et le comportement social, ce qui peut aider \u00e0 combattre le stress et l&rsquo;anxi\u00e9t\u00e9.<\/li>\n<li><strong>Soulagement de la Douleur :<\/strong> L&rsquo;aromath\u00e9rapie peut \u00e9galement soulager divers types de douleur, y compris la douleur musculaire, l&rsquo;arthrite et la douleur postop\u00e9ratoire, en r\u00e9duisant l&rsquo;inflammation et en favorisant la relaxation.<\/li>\n<li><strong>Aide \u00e0 la Digestion :<\/strong> Certaines huiles essentielles peuvent stimuler le syst\u00e8me digestif et aider \u00e0 apaiser les probl\u00e8mes digestifs.<\/li>\n<li><strong>Am\u00e9liore la Sant\u00e9 Respiratoire :<\/strong> En am\u00e9liorant les conditions de sant\u00e9 du tractus respiratoire et en d\u00e9gageant la congestion.<\/li>\n<li><strong>Am\u00e9liore le Sommeil :<\/strong> Certaines huiles essentielles ont des propri\u00e9t\u00e9s calmantes qui peuvent aider \u00e0 am\u00e9liorer la qualit\u00e9 du sommeil, offrant une alternative naturelle aux m\u00e9dicaments pour le sommeil.<\/li>\n<li><strong>Am\u00e9liore l&rsquo;Humeur :<\/strong> Les huiles essentielles peuvent \u00e9galement am\u00e9liorer l&rsquo;humeur et offrir un sentiment de relaxation et de tranquillit\u00e9. Elles peuvent stimuler des \u00e9motions positives et cr\u00e9er un environnement euphorique, aidant \u00e0 \u00e9quilibrer le stress \u00e9motionnel.<\/li>\n<li><strong>Augmente les Niveaux d&rsquo;\u00c9nergie :<\/strong> Certaines huiles essentielles peuvent stimuler les sens et augmenter les niveaux d&rsquo;\u00e9nergie, aidant \u00e0 am\u00e9liorer la productivit\u00e9 et la concentration.<\/li>\n<\/ul>\n<p>[\/vc_column_text][\/vc_column][\/vc_row][vc_row][vc_column width=\u00a0\u00bb5\/6&Prime; offset=\u00a0\u00bbvc_col-lg-offset-1&Prime; _et_uniqid=\u00a0\u00bbet_custom_uniqid_new_65316c24ed695&Prime;][vc_column_text]<\/p>\n<h1 style=\"text-align: center;\"><strong>Th\u00e9rapie de Lib\u00e9ration des Fascias<\/strong><\/h1>\n<p style=\"text-align: center;\">Lib\u00e9rer les \u00c9motions Pi\u00e9g\u00e9es dans le Tissu Conjonctif du Corps<\/p>\n<p><strong><img loading=\"lazy\" decoding=\"async\" class=\"alignnone wp-image-546 size-full\" src=\"https:\/\/monacotherapies.com\/wp-content\/uploads\/2023\/10\/myofascial-release.jpg\" alt=\"\" width=\"1000\" height=\"723\" srcset=\"https:\/\/monacotherapies.com\/wp-content\/uploads\/2023\/10\/myofascial-release.jpg 1000w, https:\/\/monacotherapies.com\/wp-content\/uploads\/2023\/10\/myofascial-release-300x217.jpg 300w, https:\/\/monacotherapies.com\/wp-content\/uploads\/2023\/10\/myofascial-release-768x555.jpg 768w, https:\/\/monacotherapies.com\/wp-content\/uploads\/2023\/10\/myofascial-release-1x1.jpg 1w, https:\/\/monacotherapies.com\/wp-content\/uploads\/2023\/10\/myofascial-release-10x7.jpg 10w\" sizes=\"auto, (max-width: 1000px) 100vw, 1000px\" \/><\/strong><\/p>\n<p>La Th\u00e9rapie de Lib\u00e9ration des Fascias est une technique efficace et manuelle qui implique l&rsquo;application d&rsquo;une pression douce et soutenue dans le tissu conjonctif myofascial. Cette pression peut aider \u00e0 \u00e9liminer la douleur et \u00e0 restaurer le mouvement en lib\u00e9rant la tension dans le fascia, un tissu mince qui recouvre tous les organes, muscles, os et nerfs du corps. Lorsque le stress ou le traumatisme \u00e9motionnel s&rsquo;accumule dans le corps, cela peut entra\u00eener une tension et une raideur dans le tissu myofascial, ce qui peut se traduire par un inconfort physique et une d\u00e9tresse \u00e9motionnelle.<\/p>\n<p>En lib\u00e9rant ces restrictions, la Th\u00e9rapie de Lib\u00e9ration Myofasciale peut aider \u00e0 r\u00e9duire le stress et la tension \u00e9motionnelle port\u00e9s dans le corps. Cela peut conduire \u00e0 des am\u00e9liorations significatives de la douleur physique et de la mobilit\u00e9, ainsi que du bien-\u00eatre \u00e9motionnel. La r\u00e9duction de la tension physique peut conduire \u00e0 un \u00e9tat de relaxation et de calme, ce qui peut aider \u00e0 att\u00e9nuer les sentiments de stress ou d&rsquo;anxi\u00e9t\u00e9.<\/p>\n<p>De plus, cette th\u00e9rapie peut \u00e9galement favoriser la sant\u00e9 mentale globale. En abordant l&rsquo;inconfort physique, elle peut am\u00e9liorer l&rsquo;humeur du patient et r\u00e9duire les sentiments de stress ou d&rsquo;anxi\u00e9t\u00e9. Cela peut conduire \u00e0 une am\u00e9lioration du bien-\u00eatre mental global, car le corps et l&rsquo;esprit sont profond\u00e9ment interconnect\u00e9s.<\/p>\n<p>De plus, la Th\u00e9rapie de Lib\u00e9ration des Fascias peut \u00e9galement contribuer au bien-\u00eatre physique global. En am\u00e9liorant la mobilit\u00e9 et en r\u00e9duisant la douleur, elle peut am\u00e9liorer la qualit\u00e9 de vie et les performances physiques du patient. De plus, l&rsquo;activit\u00e9 physique impliqu\u00e9e dans la th\u00e9rapie peut \u00e9galement fournir un bon entra\u00eenement, contribuant ainsi davantage \u00e0 la sant\u00e9 physique du patient.<\/p>\n<p>En cons\u00e9quence, la Th\u00e9rapie de Lib\u00e9ration des Fascias peut \u00eatre un moyen efficace de soulager le stress et d&rsquo;am\u00e9liorer le bien-\u00eatre physique et mental.<\/p>\n<p><span style=\"font-size: 24px;\"><strong>Principaux Avantages de la Th\u00e9rapie de Lib\u00e9ration de Fascias<br \/>\n<\/strong><\/span><\/p>\n<ul>\n<li><strong>R\u00e9duit la Douleur Li\u00e9e au Stress :<\/strong> Elle aide \u00e0 soulager diverses conditions de douleur, y compris la douleur chronique et l&rsquo;inconfort d\u00fb \u00e0 un fascia tendu, comme les maux de t\u00eate et la raideur musculaire, conduisant \u00e0 un soulagement \u00e9motionnel \u00e0 mesure que la d\u00e9tresse physique diminue.<\/li>\n<li><strong>Diminue l&rsquo;Anxi\u00e9t\u00e9 :<\/strong> La th\u00e9rapie r\u00e9duit efficacement les niveaux d&rsquo;anxi\u00e9t\u00e9, offrant un sentiment de calme et de relaxation. Cela est particuli\u00e8rement b\u00e9n\u00e9fique pour ceux qui font face \u00e0 un stress chronique ou \u00e0 des troubles anxieux.<\/li>\n<li><strong>Am\u00e9liore la Qualit\u00e9 du Sommeil <\/strong>: En soulageant l&rsquo;inconfort physique, la Th\u00e9rapie de Lib\u00e9ration des Fascias peut am\u00e9liorer la qualit\u00e9 du sommeil, r\u00e9duire l&rsquo;insomnie et d&rsquo;autres troubles du sommeil, conduisant \u00e0 un bien-\u00eatre \u00e9motionnel am\u00e9lior\u00e9.<\/li>\n<li><strong>Am\u00e9liore la Fonction Physique :<\/strong> La th\u00e9rapie am\u00e9liore la mobilit\u00e9 et la fonction physique, ce qui peut avoir un impact positif sur la sant\u00e9 \u00e9motionnelle en permettant aux individus de s&rsquo;engager dans des activit\u00e9s physiques qui am\u00e9liorent l&rsquo;humeur et diminuent le stress.<\/li>\n<li><strong>Soulage la Raideur des Tissus :<\/strong> En rel\u00e2chant le fascia tendu, la th\u00e9rapie peut all\u00e9ger la tension physique souvent associ\u00e9e au stress \u00e9motionnel, conduisant \u00e0 un soulagement global du stress.<\/li>\n<li><strong>Aide \u00e0 la Correction de la Posture :<\/strong> La Th\u00e9rapie de Lib\u00e9ration des Fascias peut aider \u00e0 corriger les probl\u00e8mes d&rsquo;alignement de la posture.<\/li>\n<li><strong>R\u00e9duit l&rsquo;Anxi\u00e9t\u00e9 :<\/strong> Ellepeut consid\u00e9rablement r\u00e9duire les niveaux d&rsquo;anxi\u00e9t\u00e9 en rel\u00e2chant la tension dans le corps, conduisant \u00e0 un \u00e9tat d&rsquo;esprit d\u00e9tendu.<\/li>\n<li><strong>Am\u00e9liore l&rsquo;Humeur et la Connexion Corps-Esprit :<\/strong> La r\u00e9duction de l&rsquo;inconfort physique peut conduire \u00e0 une am\u00e9lioration de l&rsquo;humeur et \u00e0 un sentiment g\u00e9n\u00e9ral de bien-\u00eatre.<\/li>\n<\/ul>\n<p>[\/vc_column_text][\/vc_column][\/vc_row]<\/p>\n<\/div>","protected":false},"excerpt":{"rendered":"<p>[vc_row et_uniqid=\u00a0\u00bbet_custom_uniqid_6536a68628afb\u00a0\u00bb][vc_column width=\u00a0\u00bb5\/6&Prime; et_uniqid=\u00a0\u00bbet_custom_uniqid_6536a68628ad1&Prime; offset=\u00a0\u00bbvc_col-lg-offset-1&Prime; _et_uniqid=\u00a0\u00bbet_custom_uniqid_new_6527070b88ff9&Prime;][vc_column_text] Gestion du Stress et des \u00c9motions D\u00e9verrouillez le Chemin du Bien-\u00eatre : Aborder le Stress Chronique et les \u00c9motions&#8230;<\/p>\n","protected":false},"author":1,"featured_media":0,"parent":0,"menu_order":0,"comment_status":"closed","ping_status":"closed","template":"","meta":{"footnotes":""},"class_list":["post-1578","page","type-page","status-publish","hentry"],"_links":{"self":[{"href":"https:\/\/monacotherapies.com\/fr\/wp-json\/wp\/v2\/pages\/1578","targetHints":{"allow":["GET"]}}],"collection":[{"href":"https:\/\/monacotherapies.com\/fr\/wp-json\/wp\/v2\/pages"}],"about":[{"href":"https:\/\/monacotherapies.com\/fr\/wp-json\/wp\/v2\/types\/page"}],"author":[{"embeddable":true,"href":"https:\/\/monacotherapies.com\/fr\/wp-json\/wp\/v2\/users\/1"}],"replies":[{"embeddable":true,"href":"https:\/\/monacotherapies.com\/fr\/wp-json\/wp\/v2\/comments?post=1578"}],"version-history":[{"count":6,"href":"https:\/\/monacotherapies.com\/fr\/wp-json\/wp\/v2\/pages\/1578\/revisions"}],"predecessor-version":[{"id":1935,"href":"https:\/\/monacotherapies.com\/fr\/wp-json\/wp\/v2\/pages\/1578\/revisions\/1935"}],"wp:attachment":[{"href":"https:\/\/monacotherapies.com\/fr\/wp-json\/wp\/v2\/media?parent=1578"}],"curies":[{"name":"wp","href":"https:\/\/api.w.org\/{rel}","templated":true}]}}