{"id":1573,"date":"2023-07-07T14:35:22","date_gmt":"2023-07-07T14:35:22","guid":{"rendered":"https:\/\/monacotherapies.com\/?page_id=1573"},"modified":"2024-09-30T16:50:54","modified_gmt":"2024-09-30T16:50:54","slug":"biofield","status":"publish","type":"page","link":"https:\/\/monacotherapies.com\/fr\/biofield\/","title":{"rendered":"Biofield"},"content":{"rendered":"<div class=\"wpb-content-wrapper\"><p>[vc_row][vc_column width=\u00a0\u00bb5\/6&Prime; offset=\u00a0\u00bbvc_col-lg-offset-1&Prime; _et_uniqid=\u00a0\u00bbet_custom_uniqid_new_64a82d50043d2&Prime;][vc_column_text]<\/p>\n<p style=\"text-align: center;\"><span style=\"font-size: 36px;\">Biofield<\/span><span class=\"x29864514s1\"><span style=\"font-family: 'UICTFontTextStyleEmphasizedBody','serif';\"><br \/>\nUn champ invisible autour du corps humain stockant vos donn\u00e9es de r\u00e9cup\u00e9ration<\/span><\/span><\/p>\n<p>[\/vc_column_text][\/vc_column][\/vc_row][vc_row][vc_column width=\u00a0\u00bb5\/6&Prime; offset=\u00a0\u00bbvc_col-lg-offset-1&Prime; _et_uniqid=\u00a0\u00bbet_custom_uniqid_new_64a82d50043d2&Prime;][vc_single_image image=\u00a0\u00bb415&Prime; img_size=\u00a0\u00bbfull\u00a0\u00bb alignment=\u00a0\u00bbcenter\u00a0\u00bb][\/vc_column][\/vc_row][vc_row et_uniqid=\u00a0\u00bbet_custom_uniqid_6535638286d6e\u00a0\u00bb][vc_column width=\u00a0\u00bb5\/6&Prime; et_uniqid=\u00a0\u00bbet_custom_uniqid_6535638286d35&Prime; offset=\u00a0\u00bbvc_col-lg-offset-1&Prime; _et_uniqid=\u00a0\u00bbet_custom_uniqid_new_64a82d50043d2&Prime;][vc_separator color=\u00a0\u00bbblack\u00a0\u00bb][\/vc_column][\/vc_row][vc_row][vc_column width=\u00a0\u00bb5\/6&Prime; offset=\u00a0\u00bbvc_col-lg-offset-1&Prime; _et_uniqid=\u00a0\u00bbet_custom_uniqid_new_64a82da235dfa\u00a0\u00bb][vc_column_text]<em><span style=\"font-size: 22px;\">La Science du Biofield int\u00e8gre les philosophies de gu\u00e9rison anciennes avec la compr\u00e9hension scientifique contemporaine. Elle fait le lien entre les philosophies anciennes telles que l&rsquo;Ayurv\u00e9dique, Chinoise, Am\u00e9rindienne et Tib\u00e9taine pour consid\u00e9rer les principes fondamentaux de l&rsquo;\u00e9nergie et de la conscience dans la gu\u00e9rison.<\/span><\/em>[\/vc_column_text][\/vc_column][\/vc_row][vc_row et_uniqid=\u00a0\u00bbet_custom_uniqid_6534d81279641&Prime;][vc_column width=\u00a0\u00bb5\/6&Prime; et_uniqid=\u00a0\u00bbet_custom_uniqid_6534d812795fb\u00a0\u00bb offset=\u00a0\u00bbvc_col-lg-offset-1&Prime; _et_uniqid=\u00a0\u00bbet_custom_uniqid_new_64a82d50043d2&Prime;][vc_separator color=\u00a0\u00bbblack\u00a0\u00bb][\/vc_column][\/vc_row][vc_row et_uniqid=\u00a0\u00bbet_custom_uniqid_6534d81279641&Prime;][vc_column width=\u00a0\u00bb5\/6&Prime; et_uniqid=\u00a0\u00bbet_custom_uniqid_6534d812795fb\u00a0\u00bb offset=\u00a0\u00bbvc_col-lg-offset-1&Prime; _et_uniqid=\u00a0\u00bbet_custom_uniqid_new_64a82d50043d2&Prime;][vc_column_text css=\u00a0\u00bb\u00a0\u00bb]<\/p>\n<p><iframe loading=\"lazy\" title=\"Bio-Well, mesurer l&#039;\u00e9nergie de l&#039;humain\" width=\"1170\" height=\"658\" src=\"https:\/\/www.youtube.com\/embed\/_UOUWbjH_3w?feature=oembed\" frameborder=\"0\" allow=\"accelerometer; autoplay; clipboard-write; encrypted-media; gyroscope; picture-in-picture; web-share\" referrerpolicy=\"strict-origin-when-cross-origin\" allowfullscreen><\/iframe><\/p>\n<p>[\/vc_column_text][\/vc_column][\/vc_row][vc_row][vc_column width=\u00a0\u00bb2\/3&Prime; offset=\u00a0\u00bbvc_col-lg-offset-2&Prime; _et_uniqid=\u00a0\u00bbet_custom_uniqid_new_64a82ac44b488&Prime;][vc_column_text]<span style=\"font-size: 24px;\"><strong>Comprendre le Biofield<br \/>\n<\/strong><\/span>En tant qu&rsquo;approche de la sant\u00e9 int\u00e9grative, la Science du Biofield utilise des champs \u00e9nerg\u00e9tiques pour r\u00e9tablir l&rsquo;\u00e9quilibre, d\u00e9bloquer et r\u00e9tablir un flux \u00e9nerg\u00e9tique sain, et renforcer la capacit\u00e9 du corps \u00e0 se gu\u00e9rir lui-m\u00eame. Elle souligne l&rsquo;importance des champs \u00e9nerg\u00e9tiques du corps dans le maintien de la sant\u00e9 et du bien-\u00eatre.[\/vc_column_text][\/vc_column][\/vc_row][vc_row][vc_column width=\u00a0\u00bb2\/3&Prime; offset=\u00a0\u00bbvc_col-lg-offset-2&Prime; _et_uniqid=\u00a0\u00bbet_custom_uniqid_new_64a82ac44b488&Prime;][vc_column_text]<span style=\"font-size: 24px;\"><strong>La Science Derri\u00e8re le Biofield <\/strong><\/span><br \/>\nElle est encapsul\u00e9e dans le domaine \u00e9mergent de la science du biofield, un champ \u00e9nerg\u00e9tique complexe qui r\u00e9git les processus biologiques. En tant que partie de la m\u00e9decine \u00e9nerg\u00e9tique, cette discipline cherche \u00e0 fournir une fondation scientifique pour comprendre la r\u00e9gulation hom\u00e9odynamique complexe des syst\u00e8mes vivants.[\/vc_column_text][\/vc_column][\/vc_row][vc_row][vc_column width=\u00a0\u00bb2\/3&Prime; offset=\u00a0\u00bbvc_col-lg-offset-2&Prime; _et_uniqid=\u00a0\u00bbet_custom_uniqid_new_64a82ac44b488&Prime;][vc_column_text]<span style=\"font-size: 24px;\"><strong>Comment \u00e7a Fonctionne ?<br \/>\n<\/strong><\/span>Cette approche non invasive est utilis\u00e9e en conjonction avec d&rsquo;autres th\u00e9rapies, la th\u00e9rapie Biomagn\u00e9tique M\u00e9dicale, l&rsquo;\u00c9lixir Floral, l&rsquo;Aromath\u00e9rapie, les th\u00e9rapies Sonores et Lumineuses, et elle a g\u00e9n\u00e9ralement lieu au d\u00e9but de la s\u00e9ance. Elle vise \u00e0 stimuler les r\u00e9ponses de gu\u00e9rison en identifiant et en traitant les perturbations ou blocages qui entourent et interp\u00e9n\u00e8trent le corps physique humain. Cette th\u00e9rapie aide le corps \u00e0 \u00ab se r\u00e9fl\u00e9chir lui-m\u00eame \u00bb, \u00e0 retourner au d\u00e9but &#8211; et ce faisant, \u00e0 restaurer sa Matrice Informationnelle originale, celle que le corps avait avant la maladie.[\/vc_column_text][\/vc_column][\/vc_row][vc_row][vc_column width=\u00a0\u00bb2\/3&Prime; offset=\u00a0\u00bbvc_col-lg-offset-2&Prime; _et_uniqid=\u00a0\u00bbet_custom_uniqid_new_64a82ac44b488&Prime;][vc_column_text]Elle identifie toutes les fr\u00e9quences &lsquo;d\u00e9saccord\u00e9es&rsquo; qui pourraient affecter votre bien-\u00eatre, puis travaille \u00e0 les corriger, en neutralisant les fr\u00e9quences nuisibles et en renfor\u00e7ant les fr\u00e9quences b\u00e9n\u00e9fiques. C&rsquo;est comme accorder finement un instrument de musique pour jouer en parfaite harmonie. Le r\u00e9sultat final est une &lsquo;symphonie&rsquo; de fr\u00e9quences r\u00e9\u00e9quilibr\u00e9e qui favorise la sant\u00e9 et le bien-\u00eatre g\u00e9n\u00e9ral.[\/vc_column_text][\/vc_column][\/vc_row][vc_row][vc_column width=\u00a0\u00bb2\/3&Prime; offset=\u00a0\u00bbvc_col-lg-offset-2&Prime; _et_uniqid=\u00a0\u00bbet_custom_uniqid_new_64a82acc0d2f4&Prime;][vc_column_text]<\/p>\n<h1><span style=\"font-size: 24px;\"><strong><b>Principaux Avantages de la Th\u00e9rapie Biofield<\/b><\/strong><\/span><\/h1>\n<div>\n<ul>\n<li><strong>Non-Invasif :<\/strong> La th\u00e9rapie par biochamp propose une m\u00e9thode douce et sans contact, r\u00e9duisant l&rsquo;anxi\u00e9t\u00e9 et l&rsquo;inconfort associ\u00e9s aux traitements plus invasifs, id\u00e9ale pour ceux qui recherchent des options plus douces.<\/li>\n<li><strong>R\u00e9duction du Stress :<\/strong> Elle r\u00e9duit consid\u00e9rablement le stress et favorise la relaxation en harmonisant les champs \u00e9nerg\u00e9tiques du corps, am\u00e9liorant ainsi la sant\u00e9 mentale et physique.<\/li>\n<li><strong>Gu\u00e9rison Am\u00e9lior\u00e9e :<\/strong> En stimulant le flux \u00e9nerg\u00e9tique, la th\u00e9rapie par biochamp soutient les processus de r\u00e9cup\u00e9ration naturels du corps, acc\u00e9l\u00e9rant potentiellement la gu\u00e9rison des maladies et blessures.<\/li>\n<li><strong>Approche Holistique :<\/strong> Elle prend en compte la personne dans sa globalit\u00e9\u2014bien-\u00eatre physique, \u00e9motionnel et spirituel\u2014pr\u00e9parant les individus \u00e0 un parcours de gu\u00e9rison int\u00e9gr\u00e9.<\/li>\n<\/ul>\n<\/div>\n<p>[\/vc_column_text][\/vc_column][\/vc_row][vc_row][vc_column width=\u00a0\u00bb2\/3&Prime; offset=\u00a0\u00bbvc_col-lg-offset-2&Prime; _et_uniqid=\u00a0\u00bbet_custom_uniqid_new_64a82acc0d2f4&Prime;][vc_column_text]<\/p>\n<h1><span style=\"font-size: 24px;\"><strong>Domaines d&rsquo;Application<br \/>\n<\/strong><\/span><\/h1>\n<ul>\n<li><strong>Nettoyage du Champ \u00c9nerg\u00e9tique<\/strong> et pr\u00e9paration pour d&rsquo;autres th\u00e9rapies.<\/li>\n<li><strong>Gestion de la Douleur :<\/strong> Les th\u00e9rapies du Biofield ont montr\u00e9 des preuves solides de r\u00e9duction de l&rsquo;intensit\u00e9 de la douleur dans diverses populations de clients, ce qui en fait une alternative potentielle pour la gestion de la douleur.<\/li>\n<li><strong>R\u00e9duction du Stress :<\/strong> Ces th\u00e9rapies sont particuli\u00e8rement utiles pour soulager le stress, offrant une approche holistique de la gestion du stress.<\/li>\n<li><strong>R\u00e9duction de l&rsquo;Anxi\u00e9t\u00e9 :<\/strong> Des \u00e9tudes indiquent que les th\u00e9rapies du Biofield peuvent r\u00e9duire significativement les niveaux d&rsquo;anxi\u00e9t\u00e9, offrant une option non invasive pour la gestion des troubles anxieux.<\/li>\n<li><strong>Am\u00e9lioration du Bien-\u00catre :<\/strong> Des preuves sugg\u00e8rent que les th\u00e9rapies du Biofield peuvent am\u00e9liorer la qualit\u00e9 du sommeil, l&rsquo;app\u00e9tit et le sentiment g\u00e9n\u00e9ral de bien-\u00eatre, ce qui peut contribuer \u00e0 un mode de vie plus sain.<\/li>\n<li><strong>Compl\u00e9ment aux Traitements Conventionnels :<\/strong> Les th\u00e9rapies du Biofield peuvent \u00eatre utilis\u00e9es en conjonction avec des traitements m\u00e9dicaux conventionnels, potentiellement en augmentant leur efficacit\u00e9 et en aidant \u00e0 la r\u00e9cup\u00e9ration apr\u00e8s une chirurgie ou pendant la gestion de conditions chroniques.<\/li>\n<\/ul>\n<p>[\/vc_column_text][\/vc_column][\/vc_row]<\/p>\n<\/div>","protected":false},"excerpt":{"rendered":"<p>[vc_row][vc_column width=\u00a0\u00bb5\/6&Prime; offset=\u00a0\u00bbvc_col-lg-offset-1&Prime; _et_uniqid=\u00a0\u00bbet_custom_uniqid_new_64a82d50043d2&Prime;][vc_column_text] Biofield Un champ invisible autour du corps humain stockant vos donn\u00e9es de r\u00e9cup\u00e9ration [\/vc_column_text][\/vc_column][\/vc_row][vc_row][vc_column width=\u00a0\u00bb5\/6&Prime; offset=\u00a0\u00bbvc_col-lg-offset-1&Prime; _et_uniqid=\u00a0\u00bbet_custom_uniqid_new_64a82d50043d2&Prime;][vc_single_image image=\u00a0\u00bb415&Prime; img_size=\u00a0\u00bbfull\u00a0\u00bb alignment=\u00a0\u00bbcenter\u00a0\u00bb][\/vc_column][\/vc_row][vc_row et_uniqid=\u00a0\u00bbet_custom_uniqid_6535638286d6e\u00a0\u00bb][vc_column&#8230;<\/p>\n","protected":false},"author":1,"featured_media":0,"parent":0,"menu_order":0,"comment_status":"closed","ping_status":"closed","template":"","meta":{"footnotes":""},"class_list":["post-1573","page","type-page","status-publish","hentry"],"_links":{"self":[{"href":"https:\/\/monacotherapies.com\/fr\/wp-json\/wp\/v2\/pages\/1573","targetHints":{"allow":["GET"]}}],"collection":[{"href":"https:\/\/monacotherapies.com\/fr\/wp-json\/wp\/v2\/pages"}],"about":[{"href":"https:\/\/monacotherapies.com\/fr\/wp-json\/wp\/v2\/types\/page"}],"author":[{"embeddable":true,"href":"https:\/\/monacotherapies.com\/fr\/wp-json\/wp\/v2\/users\/1"}],"replies":[{"embeddable":true,"href":"https:\/\/monacotherapies.com\/fr\/wp-json\/wp\/v2\/comments?post=1573"}],"version-history":[{"count":12,"href":"https:\/\/monacotherapies.com\/fr\/wp-json\/wp\/v2\/pages\/1573\/revisions"}],"predecessor-version":[{"id":2114,"href":"https:\/\/monacotherapies.com\/fr\/wp-json\/wp\/v2\/pages\/1573\/revisions\/2114"}],"wp:attachment":[{"href":"https:\/\/monacotherapies.com\/fr\/wp-json\/wp\/v2\/media?parent=1573"}],"curies":[{"name":"wp","href":"https:\/\/api.w.org\/{rel}","templated":true}]}}