{"id":1556,"date":"2023-07-04T20:04:59","date_gmt":"2023-07-04T20:04:59","guid":{"rendered":"https:\/\/monacotherapies.com\/?page_id=1556"},"modified":"2024-10-04T20:44:48","modified_gmt":"2024-10-04T20:44:48","slug":"bioresonance-mora-nova","status":"publish","type":"page","link":"https:\/\/monacotherapies.com\/fr\/bioresonance-mora-nova\/","title":{"rendered":"Bior\u00e9sonance (Mora Nova)"},"content":{"rendered":"<div class=\"wpb-content-wrapper\"><p>[vc_row][vc_column width=\u00a0\u00bb5\/6&Prime; offset=\u00a0\u00bbvc_col-lg-offset-1&Prime; _et_uniqid=\u00a0\u00bbet_custom_uniqid_new_64a82d50043d2&Prime;][vc_column_text css=\u00a0\u00bb\u00a0\u00bb]<\/p>\n<h1 style=\"text-align: center;\">Bior\u00e9sonance (Mora Nova)<\/h1>\n<p style=\"text-align: center;\">D\u00e9voilez les Secrets des Fr\u00e9quences de Votre Corps<\/p>\n<p>[\/vc_column_text][\/vc_column][\/vc_row][vc_row][vc_column width=\u00a0\u00bb5\/6&Prime; offset=\u00a0\u00bbvc_col-lg-offset-1&Prime; _et_uniqid=\u00a0\u00bbet_custom_uniqid_new_64a82d50043d2&Prime;][vc_single_image image=\u00a0\u00bb370&Prime; img_size=\u00a0\u00bbfull\u00a0\u00bb alignment=\u00a0\u00bbcenter\u00a0\u00bb][\/vc_column][\/vc_row][vc_row][vc_column width=\u00a0\u00bb5\/6&Prime; offset=\u00a0\u00bbvc_col-lg-offset-1&Prime; _et_uniqid=\u00a0\u00bbet_custom_uniqid_new_64a82d50043d2&Prime;][vc_separator color=\u00a0\u00bbblack\u00a0\u00bb][\/vc_column][\/vc_row][vc_row][vc_column width=\u00a0\u00bb5\/6&Prime; offset=\u00a0\u00bbvc_col-lg-offset-1&Prime; _et_uniqid=\u00a0\u00bbet_custom_uniqid_new_64a82da235dfa\u00a0\u00bb][vc_column_text]<em><span style=\"font-size: 22px;\">Bienvenue dans un nouveau chapitre de votre parcours de bien-\u00eatre ! Dans votre qu\u00eate d&rsquo;une vie \u00e9quilibr\u00e9e et plus saine, vous avez peut-\u00eatre rencontr\u00e9 diverses m\u00e9thodes et traitements. Nous sommes ravis de vous pr\u00e9senter la th\u00e9rapie Mora Nova \u2013 une m\u00e9thode distincte, non invasive et compl\u00e8te pour nourrir votre sant\u00e9 et votre bien-\u00eatre.<\/span><\/em>[\/vc_column_text][\/vc_column][\/vc_row][vc_row et_uniqid=\u00a0\u00bbet_custom_uniqid_6534d81279641&Prime;][vc_column width=\u00a0\u00bb5\/6&Prime; et_uniqid=\u00a0\u00bbet_custom_uniqid_6534d812795fb\u00a0\u00bb offset=\u00a0\u00bbvc_col-lg-offset-1&Prime; _et_uniqid=\u00a0\u00bbet_custom_uniqid_new_64a82d50043d2&Prime;][vc_separator color=\u00a0\u00bbblack\u00a0\u00bb][\/vc_column][\/vc_row][vc_row et_uniqid=\u00a0\u00bbet_custom_uniqid_6534d81279641&Prime;][vc_column width=\u00a0\u00bb5\/6&Prime; et_uniqid=\u00a0\u00bbet_custom_uniqid_6534d812795fb\u00a0\u00bb offset=\u00a0\u00bbvc_col-lg-offset-1&Prime; _et_uniqid=\u00a0\u00bbet_custom_uniqid_new_64a82d50043d2&Prime;][vc_column_text css=\u00a0\u00bb\u00a0\u00bb]<\/p>\n<div class=\"epyt-video-wrapper\"><iframe loading=\"lazy\"  id=\"_ytid_30038\"  width=\"1170\" height=\"658\"  data-origwidth=\"1170\" data-origheight=\"658\"  data-relstop=\"1\" src=\"https:\/\/www.youtube.com\/embed\/uxjIvuhTzM8?enablejsapi=1&autoplay=0&cc_load_policy=0&cc_lang_pref=&iv_load_policy=1&loop=0&rel=0&fs=1&playsinline=0&autohide=2&theme=dark&color=red&controls=1&disablekb=0&\" class=\"__youtube_prefs__  no-lazyload\" title=\"YouTube player\"  allow=\"fullscreen; accelerometer; autoplay; clipboard-write; encrypted-media; gyroscope; picture-in-picture; web-share\" referrerpolicy=\"strict-origin-when-cross-origin\" allowfullscreen data-no-lazy=\"1\" data-skipgform_ajax_framebjll=\"\"><\/iframe><\/div>\n<p>[\/vc_column_text][vc_btn title=\u00a0\u00bbCONSULTATION GRATUITE\u00a0\u00bb style=\u00a0\u00bboutline\u00a0\u00bb shape=\u00a0\u00bbsquare\u00a0\u00bb color=\u00a0\u00bbinverse\u00a0\u00bb size=\u00a0\u00bblg\u00a0\u00bb align=\u00a0\u00bbcenter\u00a0\u00bb css=\u00a0\u00bb\u00a0\u00bb link=\u00a0\u00bburl:https%3A%2F%2Fmonacotherapies.com%2Ffr%2Fcontact%2F\u00a0\u00bb][\/vc_column][\/vc_row][vc_row][vc_column width=\u00a0\u00bb2\/3&Prime; offset=\u00a0\u00bbvc_col-lg-offset-2&Prime; _et_uniqid=\u00a0\u00bbet_custom_uniqid_new_670053b7e6156&Prime; css=\u00a0\u00bb.vc_custom_1728074683222{margin-top: 15px !important;}\u00a0\u00bb][vc_column_text]<\/p>\n<h1><span style=\"font-size: 24px;\"><strong>Comprendre la Th\u00e9rapie Mora Nova<\/strong><\/span><\/h1>\n<p>Au c\u0153ur de la th\u00e9rapie <strong>Mora Nova<\/strong> se trouve le <strong>concept d&rsquo;harmonie<\/strong>. Nos corps sont des r\u00e9seaux complexes, constamment en train d&rsquo;envoyer et de recevoir des signaux pour un fonctionnement optimal. Dans ce syst\u00e8me vivant, chaque cellule, tissu et organe a son propre rythme \u00e9lectromagn\u00e9tique. Lorsque nous sommes en bonne sant\u00e9, ces rythmes sont <strong>\u00e9quilibr\u00e9s<\/strong> et en harmonie. Mais des choses comme <strong>le stress, les mauvaises habitudes alimentaires<\/strong>, <strong>les toxines environnementales et \u00e9motionnelles<\/strong>, ou <strong>la maladie<\/strong> peuvent perturber cette <strong>harmonie<\/strong>, causant des probl\u00e8mes de sant\u00e9.<\/p>\n<h1><span style=\"font-size: 24px;\"><strong>La Science Derri\u00e8re la Bior\u00e9sonance <\/strong><\/span><\/h1>\n<p><strong>La M\u00e9thode de Bior\u00e9sonance Mora Nova<\/strong> repr\u00e9sente une avanc\u00e9e r\u00e9volutionnaire dans le domaine du diagnostic m\u00e9dical et du traitement, offrant une approche <strong>pr\u00e9cise, non invasive<\/strong> et <strong>holistique<\/strong> pour l&rsquo;\u00e9valuation et l&rsquo;intervention sur la sant\u00e9. Utilisant les principes de la <strong>bior\u00e9sonance<\/strong>, cet appareil avanc\u00e9 apporte de nombreux avantages.<\/p>\n<p>Il utilise une technologie de pointe pour <strong>mesurer et analyser<\/strong> les <strong>fr\u00e9quences \u00e9lectromagn\u00e9tiques<\/strong> uniques du corps. En assortissant ces fr\u00e9quences \u00e0 une vaste base de donn\u00e9es de mod\u00e8les \u00e0 la fois sains et malsains, le Mora Nova identifie avec pr\u00e9cision les <strong>d\u00e9s\u00e9quilibres<\/strong> et les probl\u00e8mes de sant\u00e9 potentiels.[\/vc_column_text][\/vc_column][\/vc_row][vc_row][vc_column width=\u00a0\u00bb2\/3&Prime; offset=\u00a0\u00bbvc_col-lg-offset-2&Prime; _et_uniqid=\u00a0\u00bbet_custom_uniqid_new_64ac1f4f3cd46&Prime; css=\u00a0\u00bb.vc_custom_1689001812321{padding-top: 20px !important;padding-bottom: 20px !important;}\u00a0\u00bb][vc_single_image image=\u00a0\u00bb201&Prime; img_size=\u00a0\u00bb600&#215;425&Prime; alignment=\u00a0\u00bbcenter\u00a0\u00bb css_animation=\u00a0\u00bbfadeIn\u00a0\u00bb][\/vc_column][\/vc_row][vc_row][vc_column width=\u00a0\u00bb2\/3&Prime; offset=\u00a0\u00bbvc_col-lg-offset-2&Prime; _et_uniqid=\u00a0\u00bbet_custom_uniqid_new_64a82ac44b488&Prime;][vc_column_text]Il identifie toutes les fr\u00e9quences &lsquo;d\u00e9saccord\u00e9es&rsquo; qui pourraient affecter votre bien-\u00eatre, puis travaille \u00e0 les corriger, <strong>neutralisant les fr\u00e9quences nuisibles<\/strong> et <strong>renfor\u00e7ant les<\/strong> <strong>fr\u00e9quences b\u00e9n\u00e9fiques<\/strong>. C&rsquo;est comme accorder finement un instrument de musique pour jouer en parfaite harmonie. Le r\u00e9sultat final est une &lsquo;symphonie&rsquo; de fr\u00e9quences r\u00e9\u00e9quilibr\u00e9e qui favorise la sant\u00e9 et le bien-\u00eatre g\u00e9n\u00e9ral.[\/vc_column_text][\/vc_column][\/vc_row][vc_row][vc_column width=\u00a0\u00bb2\/3&Prime; offset=\u00a0\u00bbvc_col-lg-offset-2&Prime; _et_uniqid=\u00a0\u00bbet_custom_uniqid_new_64a82acc0d2f4&Prime;][vc_column_text]<\/p>\n<h1><span style=\"font-size: 24px;\"><strong><b>Principaux Avantages de la Th\u00e9rapie Mora Nova\u00a0<\/b><\/strong><\/span><\/h1>\n<ul>\n<li><b>R\u00e9gulation de Fr\u00e9quence et R\u00e9cup\u00e9ration Am\u00e9lior\u00e9e :<\/b> La th\u00e9rapie par bio-r\u00e9sonance Mora combine une technologie avanc\u00e9e pour r\u00e9guler les fr\u00e9quences du corps et aligner les champs bio\u00e9nerg\u00e9tiques, stimulant les m\u00e9canismes naturels de gu\u00e9rison pour une r\u00e9cup\u00e9ration plus rapide sans d\u00e9pendance aux m\u00e9dicaments.<\/li>\n<li><b>Soutien \u00e0 la D\u00e9toxification :<\/b> Cible et neutralise les toxines au niveau mol\u00e9culaire, facilitant un processus de d\u00e9toxification profonde sans les effets s\u00e9v\u00e8res des m\u00e9thodes de d\u00e9tox conventionnelles.<\/li>\n<li><b>Modulation du Syst\u00e8me Immunitaire :<\/b> Renforce la r\u00e9ponse immunitaire en affinant les mod\u00e8les de fr\u00e9quence du corps, aidant \u00e0 la pr\u00e9vention et \u00e0 la gestion des maladies.<\/li>\n<li><b>Soins Personnalis\u00e9s et Pr\u00e9ventifs :<\/b> La th\u00e9rapie par bio-r\u00e9sonance Mora offre un traitement personnalis\u00e9 en analysant les motifs \u00e9lectromagn\u00e9tiques pour pr\u00e9venir les d\u00e9s\u00e9quilibres \u00e9nerg\u00e9tiques, assurant une sant\u00e9 et vitalit\u00e9 \u00e0 long terme.<\/li>\n<\/ul>\n<p>[\/vc_column_text][\/vc_column][\/vc_row][vc_row][vc_column width=\u00a0\u00bb2\/3&Prime; offset=\u00a0\u00bbvc_col-lg-offset-2&Prime; _et_uniqid=\u00a0\u00bbet_custom_uniqid_new_64a82acc0d2f4&Prime;][vc_column_text]<\/p>\n<h1><span style=\"font-size: 24px;\"><strong>Domaines d&rsquo;application<br \/>\n<\/strong><\/span><\/h1>\n<p>La th\u00e9rapie Mora Nova peut \u00eatre utilis\u00e9e pour<\/p>\n<ul>\n<li><strong>Tests et Traitement des Allergies<\/strong> : La Th\u00e9rapie Mora Nova peut diagnostiquer et traiter efficacement diverses allergies en identifiant les fr\u00e9quences cellulaires disharmonieuses caus\u00e9es par les allerg\u00e8nes.<\/li>\n<li><strong>Douleurs Chroniques<\/strong> : La th\u00e9rapie peut traiter la douleur chronique en r\u00e9tablissant l&rsquo;\u00e9quilibre du syst\u00e8me \u00e9nerg\u00e9tique du corps.<\/li>\n<li><strong>Troubles Digestifs<\/strong> : La Th\u00e9rapie Mora Nova peut \u00eatre utilis\u00e9e pour traiter divers probl\u00e8mes digestifs, potentiellement caus\u00e9s par des d\u00e9s\u00e9quilibres des fr\u00e9quences cellulaires.<\/li>\n<li><strong>Fatigue<\/strong> : La th\u00e9rapie peut aider \u00e0 restaurer les niveaux d&rsquo;\u00e9nergie chez les individus souffrant de fatigue ou de manque d&rsquo;\u00e9nergie.<\/li>\n<li><strong>D\u00e9s\u00e9quilibres Hormonaux<\/strong> : La Th\u00e9rapie Mora Nova peut aider \u00e0 corriger les d\u00e9s\u00e9quilibres hormonaux, am\u00e9liorant la sant\u00e9 et le bien-\u00eatre g\u00e9n\u00e9ral.<strong>Douleurs Articulaires<\/strong> : Elle a \u00e9t\u00e9 trouv\u00e9e efficace pour soulager les douleurs articulaires, am\u00e9liorant la mobilit\u00e9 et la qualit\u00e9 de vie.<\/li>\n<li><strong>Troubles du Sommeil<\/strong> : Elle peut aider \u00e0 traiter les troubles li\u00e9s au sommeil en \u00e9quilibrant le syst\u00e8me \u00e9nerg\u00e9tique du corps.<\/li>\n<li><strong>Stress et Anxi\u00e9t\u00e9<\/strong> : La Th\u00e9rapie Mora Nova est reconnue pour soulager les sympt\u00f4mes de stress et d&rsquo;anxi\u00e9t\u00e9.<\/li>\n<li><strong>Surcharge de Toxines<\/strong> : Elle peut d\u00e9toxifier le corps contre la surcharge toxique caus\u00e9e par divers facteurs.<\/li>\n<li><strong>D\u00e9s\u00e9quilibres Nutritionnels<\/strong> : La th\u00e9rapie Mora peut \u00eatre utilis\u00e9e pour d\u00e9tecter les d\u00e9s\u00e9quilibres nutritionnels et aider \u00e0 les corriger.<\/li>\n<li><strong>Migraines<\/strong> : Mora Nova est \u00e9galement efficace pour traiter la douleur associ\u00e9e aux maux de t\u00eate.<\/li>\n<li><strong>Inflammation Chronique<\/strong> : La th\u00e9rapie peut aider \u00e0 r\u00e9duire l&rsquo;inflammation chronique en r\u00e9tablissant l&rsquo;\u00e9quilibre des fr\u00e9quences cellulaires du corps.<\/li>\n<\/ul>\n<p>[\/vc_column_text][\/vc_column][\/vc_row][vc_row][vc_column width=\u00a0\u00bb2\/3&Prime; offset=\u00a0\u00bbvc_col-lg-offset-2&Prime; _et_uniqid=\u00a0\u00bbet_custom_uniqid_new_64a82acc0d2f4&Prime;][vc_column_text]<\/p>\n<h1><span style=\"font-size: 24px;\"><strong>Exp\u00e9rience de la Th\u00e9rapie Mora<br \/>\n<\/strong><\/span><\/h1>\n<p>Une s\u00e9ance de Th\u00e9rapie Mora ressemble \u00e0 une entr\u00e9e dans <strong>un sanctuaire de bien-\u00eatre<\/strong>. L&rsquo;ambiance est calme et apaisante, vous mettant \u00e0 l&rsquo;aise alors que vous vous pr\u00e9parez pour votre exp\u00e9rience unique de bien-\u00eatre.[\/vc_column_text][\/vc_column][\/vc_row][vc_row][vc_column width=\u00a0\u00bb2\/3&Prime; offset=\u00a0\u00bbvc_col-lg-offset-2&Prime; _et_uniqid=\u00a0\u00bbet_custom_uniqid_new_64ac1f4f3cd46&Prime; css=\u00a0\u00bb.vc_custom_1689001812321{padding-top: 20px !important;padding-bottom: 20px !important;}\u00a0\u00bb][vc_single_image image=\u00a0\u00bb372&Prime; img_size=\u00a0\u00bbfull\u00a0\u00bb alignment=\u00a0\u00bbcenter\u00a0\u00bb css_animation=\u00a0\u00bbfadeIn\u00a0\u00bb][\/vc_column][\/vc_row][vc_row][vc_column width=\u00a0\u00bb2\/3&Prime; offset=\u00a0\u00bbvc_col-lg-offset-2&Prime; _et_uniqid=\u00a0\u00bbet_custom_uniqid_new_64a82acc0d2f4&Prime;][vc_column_text]<\/p>\n<ol>\n<li><strong>Balayage Initial<\/strong> : La s\u00e9ance commence par <strong>un balayage \u00e9lectro-acupuncture non intrusif<\/strong> qui lit les fr\u00e9quences \u00e9lectromagn\u00e9tiques uniques de votre corps li\u00e9es \u00e0 des organes et m\u00e9ridiens sp\u00e9cifiques. C&rsquo;est un <strong>processus doux<\/strong>, comme une conversation silencieuse entre l&rsquo;appareil et l&rsquo;orchestre de fr\u00e9quences de votre corps.<\/li>\n<li><strong>Exp\u00e9rience de Tranquillit\u00e9<\/strong> : Au fur et \u00e0 mesure du balayage, vous ressentirez probablement <strong>un<\/strong> <strong>profond sentiment de tranquillit\u00e9<\/strong>, offrant une exp\u00e9rience paisible.<\/li>\n<li><strong>Neutralisation des Fr\u00e9quences Nocives<\/strong> : L&rsquo;appareil Mora \u00e9met <strong>une<\/strong> <strong>contre-fr\u00e9quence<\/strong> visant les fr\u00e9quences malsaines. En \u00e9mettant une fr\u00e9quence en phase exactement oppos\u00e9e, il contrebalance et \u00e9limine les fr\u00e9quences pr\u00e9judiciables, r\u00e9tablissant efficacement l&rsquo;\u00e9quilibre.<\/li>\n<li><strong>Amplification des Fr\u00e9quences Saines<\/strong> : L&rsquo;appareil <strong>amplifie<\/strong> \u00e9galement <strong>les fr\u00e9quences saines<\/strong>, renfor\u00e7ant et promouvant les rythmes naturels et harmonieux de votre corps.<\/li>\n<li><strong>Relaxation Profonde<\/strong> : De nombreux clients ressentent <strong>un profond sentiment de relaxation<\/strong> pendant et apr\u00e8s la s\u00e9ance, certains rapportant un sentiment accru de bien-\u00eatre et de vitalit\u00e9 \u00e0 mesure que les fr\u00e9quences de leur corps s&rsquo;harmonisent.<\/li>\n<li><strong>Parcours de Bien-\u00eatre Personnalis\u00e9<\/strong> : Chaque exp\u00e9rience de Th\u00e9rapie Mora est <strong>unique<\/strong>, adapt\u00e9e \u00e0 vos besoins sp\u00e9cifiques et d\u00e9s\u00e9quilibres de sant\u00e9, offrant une approche personnalis\u00e9e du bien-\u00eatre qui m\u00e9lange <strong>la science et l&rsquo;harmonie<\/strong> pour vos objectifs de sant\u00e9.<\/li>\n<\/ol>\n<p>[\/vc_column_text][\/vc_column][\/vc_row][vc_row][vc_column width=\u00a0\u00bb2\/3&Prime; offset=\u00a0\u00bbvc_col-lg-offset-2&Prime; _et_uniqid=\u00a0\u00bbet_custom_uniqid_new_64ac27d983e80&Prime; css=\u00a0\u00bb.vc_custom_1689003998656{border-top-width: 1px !important;border-bottom-width: 1px !important;border-top-color: #444444 !important;border-top-style: solid !important;border-bottom-color: #444444 !important;border-bottom-style: solid !important;}\u00a0\u00bb][vc_column_text]<\/p>\n<p style=\"text-align: center;\"><span style=\"font-size: 24pt;\"><a href=\"https:\/\/monacotherapies.com\/fr\/contact\/\">Contactez-nous d\u00e8s aujourd&rsquo;hui pour votre th\u00e9rapie Mora personnelle<\/a><br \/>\n<\/span><\/p>\n<p>[\/vc_column_text][\/vc_column][\/vc_row][vc_row][vc_column width=\u00a0\u00bb2\/3&Prime; offset=\u00a0\u00bbvc_col-lg-offset-2 vc_hidden-lg vc_hidden-md vc_hidden-sm vc_hidden-xs\u00a0\u00bb _et_uniqid=\u00a0\u00bbet_custom_uniqid_new_6534c50d1cbbf\u00a0\u00bb css=\u00a0\u00bb.vc_custom_1697957139842{padding-top: 30px !important;}\u00a0\u00bb][\/vc_column][\/vc_row]<\/p>\n<\/div>","protected":false},"excerpt":{"rendered":"<p>[vc_row][vc_column width=\u00a0\u00bb5\/6&Prime; offset=\u00a0\u00bbvc_col-lg-offset-1&Prime; _et_uniqid=\u00a0\u00bbet_custom_uniqid_new_64a82d50043d2&Prime;][vc_column_text css=\u00a0\u00bb\u00a0\u00bb] Bior\u00e9sonance (Mora Nova) D\u00e9voilez les Secrets des Fr\u00e9quences de Votre Corps [\/vc_column_text][\/vc_column][\/vc_row][vc_row][vc_column width=\u00a0\u00bb5\/6&Prime; offset=\u00a0\u00bbvc_col-lg-offset-1&Prime; _et_uniqid=\u00a0\u00bbet_custom_uniqid_new_64a82d50043d2&Prime;][vc_single_image image=\u00a0\u00bb370&Prime; img_size=\u00a0\u00bbfull\u00a0\u00bb alignment=\u00a0\u00bbcenter\u00a0\u00bb][\/vc_column][\/vc_row][vc_row][vc_column width=\u00a0\u00bb5\/6&Prime; offset=\u00a0\u00bbvc_col-lg-offset-1&Prime;&#8230;<\/p>\n","protected":false},"author":1,"featured_media":0,"parent":0,"menu_order":0,"comment_status":"closed","ping_status":"closed","template":"","meta":{"footnotes":""},"class_list":["post-1556","page","type-page","status-publish","hentry"],"_links":{"self":[{"href":"https:\/\/monacotherapies.com\/fr\/wp-json\/wp\/v2\/pages\/1556","targetHints":{"allow":["GET"]}}],"collection":[{"href":"https:\/\/monacotherapies.com\/fr\/wp-json\/wp\/v2\/pages"}],"about":[{"href":"https:\/\/monacotherapies.com\/fr\/wp-json\/wp\/v2\/types\/page"}],"author":[{"embeddable":true,"href":"https:\/\/monacotherapies.com\/fr\/wp-json\/wp\/v2\/users\/1"}],"replies":[{"embeddable":true,"href":"https:\/\/monacotherapies.com\/fr\/wp-json\/wp\/v2\/comments?post=1556"}],"version-history":[{"count":15,"href":"https:\/\/monacotherapies.com\/fr\/wp-json\/wp\/v2\/pages\/1556\/revisions"}],"predecessor-version":[{"id":2207,"href":"https:\/\/monacotherapies.com\/fr\/wp-json\/wp\/v2\/pages\/1556\/revisions\/2207"}],"wp:attachment":[{"href":"https:\/\/monacotherapies.com\/fr\/wp-json\/wp\/v2\/media?parent=1556"}],"curies":[{"name":"wp","href":"https:\/\/api.w.org\/{rel}","templated":true}]}}